{"id":353,"date":"2021-11-19T03:25:06","date_gmt":"2021-11-19T03:25:06","guid":{"rendered":"https:\/\/huyhoangjsc.vn\/?page_id=353"},"modified":"2021-12-05T08:40:35","modified_gmt":"2021-12-05T08:40:35","slug":"kiem-dinh","status":"publish","type":"page","link":"https:\/\/huyhoangjsc.vn\/?page_id=353","title":{"rendered":"Ki\u1ec3m \u0111\u1ecbnh c\u00f4ng tr\u00ecnh"},"content":{"rendered":"<style>.wp-block-kadence-spacer.kt-block-spacer-_8132c3-97 .kt-block-spacer{height:10px;}.wp-block-kadence-spacer.kt-block-spacer-_8132c3-97 .kt-divider{border-top-width:2px;border-top-color:#eee;width:100%;border-top-style:solid;}<\/style>\n<div class=\"wp-block-kadence-spacer aligncenter kt-block-spacer-_8132c3-97\"><div class=\"kt-block-spacer kt-block-spacer-halign-center\" style=\"height:10px\"><hr class=\"kt-divider\" style=\"border-top-color:#eee;border-top-width:2px;width:100%;border-top-style:solid\"\/><\/div><\/div>\n\n\n\n<div class=\"wp-block-columns is-layout-flex wp-container-core-columns-is-layout-9d6595d7 wp-block-columns-is-layout-flex\">\n<div class=\"wp-block-column is-layout-flow wp-block-column-is-layout-flow\" style=\"flex-basis:66.66%\">\n<p class=\"has-text-align-center\" style=\"font-size:24px\"><br><strong>KI\u1ec2M \u0110\u1ecaNH C\u00d4NG TR\u00ccNH<\/strong><\/p>\n\n\n\n<p class=\"has-normal-font-size\">Ho\u1ea1t \u0111\u1ed9ng ki\u1ec3m tra, \u0111\u00e1nh gi\u00e1 ch\u1ea5t l\u01b0\u1ee3ng ho\u1eb7c nguy\u00ean nh\u00e2n h\u01b0 h\u1ecfng, gi\u00e1 tr\u1ecb, th\u1eddi h\u1ea1n s\u1eed d\u1ee5ng v\u00e0 c\u00e1c th\u00f4ng s\u1ed1 k\u1ef9 thu\u1eadt kh\u00e1c c\u1ee7a s\u1ea3n ph\u1ea9m x\u00e2y d\u1ef1ng, b\u1ed9 ph\u1eadn c\u00f4ng tr\u00ecnh ho\u1eb7c c\u00f4ng tr\u00ecnh x\u00e2y d\u1ef1ng th\u00f4ng qua quan tr\u1eafc, th\u00ed nghi\u1ec7m k\u1ebft h\u1ee3p v\u1edbi vi\u1ec7c t\u00ednh to\u00e1n, ph\u00e2n t\u00edch so v\u1edbi c\u00e1c quy chu\u1ea9n, ti\u00eau chu\u1ea9n.<\/p>\n\n\n\n<p class=\"has-normal-font-size\"><strong>M\u1ee4C \u0110\u00cdCH KI\u1ec2M \u0110\u1ecaNH:<\/strong><\/p>\n\n\n\n<ul class=\"wp-block-list\"><li>Ch\u1ea5t l\u01b0\u1ee3ng, hi\u1ec7n tr\u1ea1ng c\u00f4ng tr\u00ecnh<\/li><li>X\u00e1c \u0111\u1ecbnh nguy\u00ean nh\u00e2n h\u01b0 h\u1ecfng c\u00f4ng tr\u00ecnh<\/li><li>X\u00e1c \u0111\u1ecbnh gi\u00e1 tr\u1ecb c\u00f2n l\u1ea1i c\u1ee7a c\u00f4ng tr\u00ecnh<\/li><li>Ch\u1ea5t l\u01b0\u1ee3ng v\u00e0 \u0111\u00e1nh gi\u00e1 m\u1ee9c \u0111\u1ed9 nguy hi\u1ec3m c\u00f4ng tr\u00ecnh<\/li><li>Ki\u1ec3m \u0111\u1ecbnh b\u1ea3o tr\u00ec c\u00f4ng tr\u00ecnh<\/li><li>Ki\u1ec3m \u0111\u1ecbnh n\u00e2ng t\u1ea7ng<\/li><li>Ki\u1ec3m \u0111\u1ecbnh l\u1eafp \u0111\u1eb7t h\u1ec7 th\u1ed1ng n\u0103ng l\u01b0\u1ee3ng m\u1eb7t tr\u1eddi<\/li><\/ul>\n<\/div>\n\n\n\n<div class=\"wp-block-column is-layout-flow wp-block-column-is-layout-flow\" style=\"flex-basis:33.33%\">\n<p><\/p>\n\n\n\n<p class=\"has-text-align-left has-nv-dark-bg-color has-text-color has-normal-font-size\"><strong>D\u1ecaCH V\u1ee4<\/strong><\/p>\n\n\n\n<p class=\"has-text-align-left\" style=\"font-size:14px\"><strong><a href=\"https:\/\/huyhoangjsc.vn\/?page_id=353\">Ki\u1ec3m \u0111\u1ecbnh c\u00f4ng tr\u00ecnh<\/a><br><a href=\"https:\/\/huyhoangjsc.vn\/?page_id=360\">T\u01b0 v\u1ea5n thi\u1ebft k\u1ebf<\/a><br><a href=\"https:\/\/huyhoangjsc.vn\/?page_id=362\">Th\u1ea9m tra thi\u1ebft k\u1ebf v\u00e0 d\u1ef1 to\u00e1n<\/a><br><a href=\"https:\/\/huyhoangjsc.vn\/?page_id=358\">Thi c\u00f4ng c\u00f4ng tr\u00ecnh<\/a><br><a href=\"https:\/\/huyhoangjsc.vn\/?page_id=368\">Qu\u1ea3n l\u00fd d\u1ef1 \u00e1n v\u00e0 Gi\u00e1m s\u00e1t thi c\u00f4ng<\/a><br><a href=\"https:\/\/huyhoangjsc.vn\/?page_id=370\">Kh\u1ea3o s\u00e1t \u0111\u1ecba ch\u1ea5t v\u00e0 quan tr\u1eafc c\u00f4ng tr\u00ecnh<\/a><br><a href=\"https:\/\/huyhoangjsc.vn\/?page_id=372\">Th\u00ed nghi\u1ec7m v\u1eadt li\u1ec7u x\u00e2y d\u1ef1ng<\/a><\/strong><\/p>\n\n\n\n<p class=\"has-text-align-left\" style=\"font-size:14px\"><br><\/p>\n<\/div>\n<\/div>\n","protected":false},"excerpt":{"rendered":"<p>KI\u1ec2M \u0110\u1ecaNH C\u00d4NG TR\u00ccNH Ho\u1ea1t \u0111\u1ed9ng ki\u1ec3m tra, \u0111\u00e1nh gi\u00e1 ch\u1ea5t l\u01b0\u1ee3ng ho\u1eb7c nguy\u00ean nh\u00e2n h\u01b0 h\u1ecfng, gi\u00e1 tr\u1ecb, th\u1eddi h\u1ea1n s\u1eed d\u1ee5ng v\u00e0 c\u00e1c th\u00f4ng s\u1ed1 k\u1ef9 thu\u1eadt kh\u00e1c c\u1ee7a s\u1ea3n ph\u1ea9m x\u00e2y d\u1ef1ng, b\u1ed9 ph\u1eadn c\u00f4ng tr\u00ecnh ho\u1eb7c c\u00f4ng tr\u00ecnh x\u00e2y d\u1ef1ng th\u00f4ng qua quan tr\u1eafc, th\u00ed nghi\u1ec7m k\u1ebft h\u1ee3p v\u1edbi vi\u1ec7c t\u00ednh&hellip;&nbsp;<a href=\"https:\/\/huyhoangjsc.vn\/?page_id=353\" rel=\"bookmark\">\u0110\u1ecdc ti\u1ebfp &raquo;<span class=\"screen-reader-text\">Ki\u1ec3m \u0111\u1ecbnh c\u00f4ng tr\u00ecnh<\/span><\/a><\/p>\n","protected":false},"author":1,"featured_media":0,"parent":72,"menu_order":0,"comment_status":"closed","ping_status":"closed","template":"","meta":{"neve_meta_sidebar":"default","neve_meta_container":"","neve_meta_enable_content_width":"on","neve_meta_content_width":100,"neve_meta_title_alignment":"","neve_meta_author_avatar":"","neve_post_elements_order":"","neve_meta_disable_header":"","neve_meta_disable_footer":"","neve_meta_disable_title":"on","footnotes":""},"class_list":["post-353","page","type-page","status-publish","hentry"],"_links":{"self":[{"href":"https:\/\/huyhoangjsc.vn\/index.php?rest_route=\/wp\/v2\/pages\/353","targetHints":{"allow":["GET"]}}],"collection":[{"href":"https:\/\/huyhoangjsc.vn\/index.php?rest_route=\/wp\/v2\/pages"}],"about":[{"href":"https:\/\/huyhoangjsc.vn\/index.php?rest_route=\/wp\/v2\/types\/page"}],"author":[{"embeddable":true,"href":"https:\/\/huyhoangjsc.vn\/index.php?rest_route=\/wp\/v2\/users\/1"}],"replies":[{"embeddable":true,"href":"https:\/\/huyhoangjsc.vn\/index.php?rest_route=%2Fwp%2Fv2%2Fcomments&post=353"}],"version-history":[{"count":18,"href":"https:\/\/huyhoangjsc.vn\/index.php?rest_route=\/wp\/v2\/pages\/353\/revisions"}],"predecessor-version":[{"id":769,"href":"https:\/\/huyhoangjsc.vn\/index.php?rest_route=\/wp\/v2\/pages\/353\/revisions\/769"}],"up":[{"embeddable":true,"href":"https:\/\/huyhoangjsc.vn\/index.php?rest_route=\/wp\/v2\/pages\/72"}],"wp:attachment":[{"href":"https:\/\/huyhoangjsc.vn\/index.php?rest_route=%2Fwp%2Fv2%2Fmedia&parent=353"}],"curies":[{"name":"wp","href":"https:\/\/api.w.org\/{rel}","templated":true}]}}