{"id":358,"date":"2021-11-19T03:31:26","date_gmt":"2021-11-19T03:31:26","guid":{"rendered":"https:\/\/huyhoangjsc.vn\/?page_id=358"},"modified":"2021-12-05T08:40:55","modified_gmt":"2021-12-05T08:40:55","slug":"thi-cong-cong-trinh","status":"publish","type":"page","link":"https:\/\/huyhoangjsc.vn\/?page_id=358","title":{"rendered":"Thi c\u00f4ng c\u00f4ng tr\u00ecnh"},"content":{"rendered":"<style>.wp-block-kadence-spacer.kt-block-spacer-_0d23b0-e7 .kt-block-spacer{height:10px;}.wp-block-kadence-spacer.kt-block-spacer-_0d23b0-e7 .kt-divider{border-top-width:2px;border-top-color:#eee;width:100%;border-top-style:solid;}<\/style>\n<div class=\"wp-block-kadence-spacer aligncenter kt-block-spacer-_0d23b0-e7\"><div class=\"kt-block-spacer kt-block-spacer-halign-center\" style=\"height:10px\"><hr class=\"kt-divider\" style=\"border-top-color:#eee;border-top-width:2px;width:100%;border-top-style:solid\"\/><\/div><\/div>\n\n\n\n<div class=\"wp-block-columns is-layout-flex wp-container-core-columns-is-layout-9d6595d7 wp-block-columns-is-layout-flex\">\n<div class=\"wp-block-column is-layout-flow wp-block-column-is-layout-flow\" style=\"flex-basis:66.66%\">\n<p class=\"has-text-align-center\" style=\"font-size:24px\"><br><strong>THI C\u00d4NG C\u00d4NG TR\u00ccNH<\/strong><\/p>\n\n\n\n<p class=\"has-normal-font-size\">D\u1ef1a theo b\u1ea3n v\u1ebd thi\u1ebft k\u1ebf thi c\u00f4ng c\u1ee7a \u0111\u01a1n v\u1ecb t\u01b0 v\u1ea5n thi\u1ebft k\u1ebf, \u0111\u01a1n v\u1ecb thi c\u00f4ng s\u1ebd th\u1ef1c hi\u1ec7n tri\u1ec3n khai thi c\u00f4ng theo \u0111\u00fang c\u00e1c th\u00f4ng s\u1ed1 k\u1ef9 thu\u1eadt, v\u1eadt li\u1ec7u s\u1eed d\u1ee5ng v\u00e0 chi ti\u1ebft c\u1ea5u t\u1ea1o ph\u00f9 h\u1ee3p v\u1edbi ti\u00eau chu\u1ea9n, quy chu\u1ea9n k\u1ef9 thu\u1eadt \u0111\u01b0\u1ee3c \u00e1p d\u1ee5ng c\u1ee7a h\u1ed3 s\u01a1 thi\u1ebft k\u1ebf. S\u1ea3n ph\u1ea9m c\u00f4ng tr\u00ecnh ho\u00e0n th\u00e0nh b\u1ea3o \u0111\u1ea3m \u0111\u00fang ch\u1ea5t l\u01b0\u1ee3ng, hi\u1ec7u qu\u1ea3, th\u1ea9m m\u1ef9 theo y\u00eau c\u1ea7u c\u1ee7a Ch\u1ee7 \u0111\u1ea7u t\u01b0.<\/p>\n<\/div>\n\n\n\n<div class=\"wp-block-column is-layout-flow wp-block-column-is-layout-flow\" style=\"flex-basis:33.33%\">\n<p><\/p>\n\n\n\n<p class=\"has-normal-font-size\"><strong>D\u1ecaCH V\u1ee4<\/strong><\/p>\n\n\n\n<p style=\"font-size:14px\"> <strong><a href=\"https:\/\/huyhoangjsc.vn\/?page_id=353\">Ki\u1ec3m \u0111\u1ecbnh c\u00f4ng tr\u00ecnh<\/a><br><a href=\"https:\/\/huyhoangjsc.vn\/?page_id=360\">T\u01b0 v\u1ea5n thi\u1ebft k\u1ebf<\/a><br><a href=\"https:\/\/huyhoangjsc.vn\/?page_id=362\">Th\u1ea9m tra thi\u1ebft k\u1ebf v\u00e0 d\u1ef1 to\u00e1n<\/a><br><a href=\"https:\/\/huyhoangjsc.vn\/?page_id=358\">Thi c\u00f4ng c\u00f4ng tr\u00ecnh<\/a><br><a href=\"https:\/\/huyhoangjsc.vn\/?page_id=368\">Qu\u1ea3n l\u00fd d\u1ef1 \u00e1n v\u00e0 Gi\u00e1m s\u00e1t thi c\u00f4ng<\/a><br><a href=\"https:\/\/huyhoangjsc.vn\/?page_id=370\">Kh\u1ea3o s\u00e1t \u0111\u1ecba ch\u1ea5t v\u00e0 quan tr\u1eafc c\u00f4ng tr\u00ecnh<\/a><br><\/strong><a href=\"https:\/\/huyhoangjsc.vn\/?page_id=372\"><strong>Th\u00ed nghi\u1ec7m v\u1eadt li\u1ec7u x\u00e2y d\u1ef1ng<\/strong> <\/a><\/p>\n<\/div>\n<\/div>\n","protected":false},"excerpt":{"rendered":"<p>THI C\u00d4NG C\u00d4NG TR\u00ccNH D\u1ef1a theo b\u1ea3n v\u1ebd thi\u1ebft k\u1ebf thi c\u00f4ng c\u1ee7a \u0111\u01a1n v\u1ecb t\u01b0 v\u1ea5n thi\u1ebft k\u1ebf, \u0111\u01a1n v\u1ecb thi c\u00f4ng s\u1ebd th\u1ef1c hi\u1ec7n tri\u1ec3n khai thi c\u00f4ng theo \u0111\u00fang c\u00e1c th\u00f4ng s\u1ed1 k\u1ef9 thu\u1eadt, v\u1eadt li\u1ec7u s\u1eed d\u1ee5ng v\u00e0 chi ti\u1ebft c\u1ea5u t\u1ea1o ph\u00f9 h\u1ee3p v\u1edbi ti\u00eau chu\u1ea9n, quy chu\u1ea9n k\u1ef9 thu\u1eadt&hellip;&nbsp;<a href=\"https:\/\/huyhoangjsc.vn\/?page_id=358\" rel=\"bookmark\">\u0110\u1ecdc ti\u1ebfp &raquo;<span class=\"screen-reader-text\">Thi c\u00f4ng c\u00f4ng tr\u00ecnh<\/span><\/a><\/p>\n","protected":false},"author":1,"featured_media":0,"parent":72,"menu_order":1,"comment_status":"closed","ping_status":"closed","template":"","meta":{"neve_meta_sidebar":"","neve_meta_container":"","neve_meta_enable_content_width":"on","neve_meta_content_width":100,"neve_meta_title_alignment":"","neve_meta_author_avatar":"","neve_post_elements_order":"","neve_meta_disable_header":"","neve_meta_disable_footer":"","neve_meta_disable_title":"on","footnotes":""},"class_list":["post-358","page","type-page","status-publish","hentry"],"_links":{"self":[{"href":"https:\/\/huyhoangjsc.vn\/index.php?rest_route=\/wp\/v2\/pages\/358","targetHints":{"allow":["GET"]}}],"collection":[{"href":"https:\/\/huyhoangjsc.vn\/index.php?rest_route=\/wp\/v2\/pages"}],"about":[{"href":"https:\/\/huyhoangjsc.vn\/index.php?rest_route=\/wp\/v2\/types\/page"}],"author":[{"embeddable":true,"href":"https:\/\/huyhoangjsc.vn\/index.php?rest_route=\/wp\/v2\/users\/1"}],"replies":[{"embeddable":true,"href":"https:\/\/huyhoangjsc.vn\/index.php?rest_route=%2Fwp%2Fv2%2Fcomments&post=358"}],"version-history":[{"count":6,"href":"https:\/\/huyhoangjsc.vn\/index.php?rest_route=\/wp\/v2\/pages\/358\/revisions"}],"predecessor-version":[{"id":770,"href":"https:\/\/huyhoangjsc.vn\/index.php?rest_route=\/wp\/v2\/pages\/358\/revisions\/770"}],"up":[{"embeddable":true,"href":"https:\/\/huyhoangjsc.vn\/index.php?rest_route=\/wp\/v2\/pages\/72"}],"wp:attachment":[{"href":"https:\/\/huyhoangjsc.vn\/index.php?rest_route=%2Fwp%2Fv2%2Fmedia&parent=358"}],"curies":[{"name":"wp","href":"https:\/\/api.w.org\/{rel}","templated":true}]}}