{"id":360,"date":"2021-11-19T03:33:32","date_gmt":"2021-11-19T03:33:32","guid":{"rendered":"https:\/\/huyhoangjsc.vn\/?page_id=360"},"modified":"2021-12-05T08:41:14","modified_gmt":"2021-12-05T08:41:14","slug":"thiet-ke-cong-trinh","status":"publish","type":"page","link":"https:\/\/huyhoangjsc.vn\/?page_id=360","title":{"rendered":"T\u01b0 v\u1ea5n thi\u1ebft k\u1ebf"},"content":{"rendered":"<style>.wp-block-kadence-spacer.kt-block-spacer-_0d23b0-e7 .kt-block-spacer{height:10px;}.wp-block-kadence-spacer.kt-block-spacer-_0d23b0-e7 .kt-divider{border-top-width:2px;border-top-color:#eee;width:100%;border-top-style:solid;}<\/style>\n<div class=\"wp-block-kadence-spacer aligncenter kt-block-spacer-_0d23b0-e7\"><div class=\"kt-block-spacer kt-block-spacer-halign-center\" style=\"height:10px\"><hr class=\"kt-divider\" style=\"border-top-color:#eee;border-top-width:2px;width:100%;border-top-style:solid\"\/><\/div><\/div>\n\n\n\n<div class=\"wp-block-columns is-layout-flex wp-container-core-columns-is-layout-9d6595d7 wp-block-columns-is-layout-flex\">\n<div class=\"wp-block-column is-layout-flow wp-block-column-is-layout-flow\" style=\"flex-basis:66.66%\">\n<p class=\"has-text-align-center\" style=\"font-size:24px\"><br><strong>T\u01af V\u1ea4N THI\u1ebeT K\u1ebe<\/strong><\/p>\n\n\n\n<p class=\"has-normal-font-size\">H\u1ed3 s\u01a1 thi\u1ebft k\u1ebf &nbsp;s\u1ebd do \u0111\u01a1n v\u1ecb thi\u1ebft k\u1ebf th\u1ec3 hi\u1ec7n nh\u1eefng \u00fd t\u01b0\u1edfng ban \u0111\u1ea7u v\u1ec1 d\u1ef1 \u00e1n theo y\u00eau c\u1ea7u c\u1ee7a ch\u1ee7 \u0111\u1ea7u t\u01b0, l\u1ef1a ch\u1ecdn s\u01a1 b\u1ed9 (v\u1ec1 c\u00f4ng n\u0103ng, d\u00e2y chuy\u1ec1n c\u00f4ng ngh\u1ec7, thi\u1ebft b\u1ecb,\u2026.) l\u00e0m c\u01a1 s\u1edf x\u00e1c \u0111\u1ecbnh ch\u1ee7 tr\u01b0\u01a1ng \u0111\u1ea7u t\u01b0 x\u00e2y d\u1ef1ng.&nbsp; H\u1ed3 s\u01a1 thi\u1ebft k\u1ebf \u0111\u1ea7y \u0111\u1ee7 c\u00e1c th\u00f4ng s\u1ed1 k\u1ef9 thu\u1eadt, v\u1eadt li\u1ec7u s\u1eed d\u1ee5ng v\u00e0 chi ti\u1ebft c\u1ea5u t\u1ea1o ph\u00f9 h\u1ee3p v\u1edbi ti\u00eau chu\u1ea9n, quy chu\u1ea9n k\u1ef9 thu\u1eadt \u0111\u01b0\u1ee3c \u00e1p d\u1ee5ng, b\u1ea3o \u0111\u1ea3m \u0111\u1ee7 \u0111i\u1ec1u ki\u1ec7n l\u00e0m c\u01a1 s\u1edf tri\u1ec3n khai thi c\u00f4ng x\u00e2y d\u1ef1ng c\u00f4ng tr\u00ecnh sau n\u00e0y.<\/p>\n\n\n\n<p class=\"has-normal-font-size\"><strong>VI\u1ec6C THI\u1ebeT K\u1ebe PH\u1ea2I \u0110\u1ea2M B\u1ea2O C\u00c1C Y\u00caU C\u1ea6U SAU :<\/strong><\/p>\n\n\n\n<ul class=\"wp-block-list\"><li>\u0110\u1ea3m b\u1ea3o c\u00f4ng n\u0103ng t\u1ed1i \u01b0u ph\u00f9 h\u1ee3p v\u1edbi y\u00eau c\u1ea7u v\u00e0 m\u1ee5c \u0111\u00edch s\u1eed d\u1ee5ng c\u1ee7a Ch\u1ee7 \u0111\u1ea7u T\u01b0.<\/li><li>\u0110\u1ea3m b\u1ea3o ph\u00f9 h\u1ee3p v\u1edbi thi\u1ebft k\u1ebf \u0111\u01b0\u1ee3c ph\u00ea duy\u1ec7t tr\u01b0\u1edbc \u0111\u00f3, quy chu\u1ea9n, ti\u00eau chu\u1ea9n \u00e1p d\u1ee5ng cho c\u00f4ng tr\u00ecnh, \u0111\u1ea3m b\u1ea3o s\u1ea3n ph\u1ea9m t\u01b0 v\u1ea5n thi\u1ebft k\u1ebf x\u00e2y d\u1ef1ng c\u00f4ng tr\u00ecnh (thuy\u1ebft minh, c\u00e1c b\u1ea3n v\u1ebd, d\u1ef1 to\u00e1n) ph\u00f9 h\u1ee3p v\u1edbi d\u1ef1 \u00e1n \u0111\u1ea7u t\u01b0 x\u00e2y d\u1ef1ng c\u00f4ng tr\u00ecnh \u0111\u01b0\u1ee3c duy\u1ec7t v\u00e0 qui \u0111\u1ecbnh c\u1ee7a ph\u00e1p lu\u1eadt v\u1ec1 x\u00e2y d\u1ef1ng.<\/li><li>L\u00e0 c\u01a1 s\u1edf \u0111\u1ec3 gi\u00e1m s\u00e1t, qu\u1ea3n l\u00fd ch\u1ea5t l\u01b0\u1ee3ng trong qu\u00e1 tr\u00ecnh thi c\u00f4ng x\u00e2y d\u1ef1ng, nghi\u1ec7m thu \u0111\u01b0a v\u00e0o s\u1eed d\u1ee5ng.<\/li><li>L\u00e0 c\u01a1 s\u1edf \u0111\u1ec3 l\u1eadp d\u1ef1 to\u00e1n, d\u1ef1 tr\u00f9 chi ph\u00ed v\u00e0 tri\u1ec3n khai thi c\u00f4ng theo d\u1ef1 to\u00e1n nh\u1eb1m \u0111\u1ea3m b\u1ea3o t\u00ednh kinh t\u1ebf.<\/li><li>T\u00f9y theo lo\u1ea1i, c\u1ea5p c\u1ee7a c\u00f4ng tr\u00ecnh v\u00e0 h\u00ecnh th\u1ee9c th\u1ef1c hi\u1ec7n d\u1ef1 \u00e1n, vi\u1ec7c quy \u0111\u1ecbnh s\u1ed1 b\u01b0\u1edbc thi\u1ebft k\u1ebf x\u00e2y d\u1ef1ng c\u00f4ng tr\u00ecnh do ng\u01b0\u1eddi quy\u1ebft \u0111\u1ecbnh \u0111\u1ea7u t\u01b0 quy\u1ebft \u0111\u1ecbnh, c\u1ee5 th\u1ec3 m\u00e0 c\u00f3 c\u00e1c b\u01b0\u1edbc thi\u1ebft k\u1ebf 1 b\u01b0\u1edbc, 2 b\u01b0\u1edbc, 3 b\u01b0\u1edbc.<\/li><\/ul>\n<\/div>\n\n\n\n<div class=\"wp-block-column is-layout-flow wp-block-column-is-layout-flow\" style=\"flex-basis:33.33%\">\n<p><\/p>\n\n\n\n<p class=\"has-normal-font-size\"><strong>D\u1ecaCH V\u1ee4<\/strong><\/p>\n\n\n\n<p style=\"font-size:14px\"><strong><a href=\"https:\/\/huyhoangjsc.vn\/?page_id=353\">Ki\u1ec3m \u0111\u1ecbnh c\u00f4ng tr\u00ecnh<\/a><br><a href=\"https:\/\/huyhoangjsc.vn\/?page_id=360\">T\u01b0 v\u1ea5n thi\u1ebft k\u1ebf<\/a><br><a href=\"https:\/\/huyhoangjsc.vn\/?page_id=362\">Th\u1ea9m tra thi\u1ebft k\u1ebf v\u00e0 d\u1ef1 to\u00e1n<\/a><br><a href=\"https:\/\/huyhoangjsc.vn\/?page_id=358\">Thi c\u00f4ng c\u00f4ng tr\u00ecnh<\/a><br><a href=\"https:\/\/huyhoangjsc.vn\/?page_id=368\">Qu\u1ea3n l\u00fd d\u1ef1 \u00e1n v\u00e0 Gi\u00e1m s\u00e1t thi c\u00f4ng<\/a><br><a href=\"https:\/\/huyhoangjsc.vn\/?page_id=370\">Kh\u1ea3o s\u00e1t \u0111\u1ecba ch\u1ea5t v\u00e0 quan tr\u1eafc c\u00f4ng tr\u00ecnh<\/a><br><a href=\"https:\/\/huyhoangjsc.vn\/?page_id=372\">Th\u00ed nghi\u1ec7m v\u1eadt li\u1ec7u x\u00e2y d\u1ef1ng<\/a><\/strong> <\/p>\n<\/div>\n<\/div>\n","protected":false},"excerpt":{"rendered":"<p>T\u01af V\u1ea4N THI\u1ebeT K\u1ebe H\u1ed3 s\u01a1 thi\u1ebft k\u1ebf &nbsp;s\u1ebd do \u0111\u01a1n v\u1ecb thi\u1ebft k\u1ebf th\u1ec3 hi\u1ec7n nh\u1eefng \u00fd t\u01b0\u1edfng ban \u0111\u1ea7u v\u1ec1 d\u1ef1 \u00e1n theo y\u00eau c\u1ea7u c\u1ee7a ch\u1ee7 \u0111\u1ea7u t\u01b0, l\u1ef1a ch\u1ecdn s\u01a1 b\u1ed9 (v\u1ec1 c\u00f4ng n\u0103ng, d\u00e2y chuy\u1ec1n c\u00f4ng ngh\u1ec7, thi\u1ebft b\u1ecb,\u2026.) l\u00e0m c\u01a1 s\u1edf x\u00e1c \u0111\u1ecbnh ch\u1ee7 tr\u01b0\u01a1ng \u0111\u1ea7u t\u01b0 x\u00e2y d\u1ef1ng.&nbsp;&hellip;&nbsp;<a href=\"https:\/\/huyhoangjsc.vn\/?page_id=360\" rel=\"bookmark\">\u0110\u1ecdc ti\u1ebfp &raquo;<span class=\"screen-reader-text\">T\u01b0 v\u1ea5n thi\u1ebft k\u1ebf<\/span><\/a><\/p>\n","protected":false},"author":1,"featured_media":0,"parent":72,"menu_order":2,"comment_status":"closed","ping_status":"closed","template":"","meta":{"neve_meta_sidebar":"","neve_meta_container":"","neve_meta_enable_content_width":"on","neve_meta_content_width":100,"neve_meta_title_alignment":"","neve_meta_author_avatar":"","neve_post_elements_order":"","neve_meta_disable_header":"","neve_meta_disable_footer":"","neve_meta_disable_title":"on","footnotes":""},"class_list":["post-360","page","type-page","status-publish","hentry"],"_links":{"self":[{"href":"https:\/\/huyhoangjsc.vn\/index.php?rest_route=\/wp\/v2\/pages\/360","targetHints":{"allow":["GET"]}}],"collection":[{"href":"https:\/\/huyhoangjsc.vn\/index.php?rest_route=\/wp\/v2\/pages"}],"about":[{"href":"https:\/\/huyhoangjsc.vn\/index.php?rest_route=\/wp\/v2\/types\/page"}],"author":[{"embeddable":true,"href":"https:\/\/huyhoangjsc.vn\/index.php?rest_route=\/wp\/v2\/users\/1"}],"replies":[{"embeddable":true,"href":"https:\/\/huyhoangjsc.vn\/index.php?rest_route=%2Fwp%2Fv2%2Fcomments&post=360"}],"version-history":[{"count":11,"href":"https:\/\/huyhoangjsc.vn\/index.php?rest_route=\/wp\/v2\/pages\/360\/revisions"}],"predecessor-version":[{"id":771,"href":"https:\/\/huyhoangjsc.vn\/index.php?rest_route=\/wp\/v2\/pages\/360\/revisions\/771"}],"up":[{"embeddable":true,"href":"https:\/\/huyhoangjsc.vn\/index.php?rest_route=\/wp\/v2\/pages\/72"}],"wp:attachment":[{"href":"https:\/\/huyhoangjsc.vn\/index.php?rest_route=%2Fwp%2Fv2%2Fmedia&parent=360"}],"curies":[{"name":"wp","href":"https:\/\/api.w.org\/{rel}","templated":true}]}}