{"id":362,"date":"2021-11-19T03:35:12","date_gmt":"2021-11-19T03:35:12","guid":{"rendered":"https:\/\/huyhoangjsc.vn\/?page_id=362"},"modified":"2021-12-05T08:41:28","modified_gmt":"2021-12-05T08:41:28","slug":"tham-tra-thiet-ke-va-du-toan","status":"publish","type":"page","link":"https:\/\/huyhoangjsc.vn\/?page_id=362","title":{"rendered":"Th\u1ea9m tra thi\u1ebft k\u1ebf v\u00e0 d\u1ef1  to\u00e1n"},"content":{"rendered":"<style>.wp-block-kadence-spacer.kt-block-spacer-_0d23b0-e7 .kt-block-spacer{height:10px;}.wp-block-kadence-spacer.kt-block-spacer-_0d23b0-e7 .kt-divider{border-top-width:2px;border-top-color:#eee;width:100%;border-top-style:solid;}<\/style>\n<div class=\"wp-block-kadence-spacer aligncenter kt-block-spacer-_0d23b0-e7\"><div class=\"kt-block-spacer kt-block-spacer-halign-center\" style=\"height:10px\"><hr class=\"kt-divider\" style=\"border-top-color:#eee;border-top-width:2px;width:100%;border-top-style:solid\"\/><\/div><\/div>\n\n\n\n<div class=\"wp-block-columns is-layout-flex wp-container-core-columns-is-layout-9d6595d7 wp-block-columns-is-layout-flex\">\n<div class=\"wp-block-column is-layout-flow wp-block-column-is-layout-flow\" style=\"flex-basis:66.66%\">\n<p class=\"has-text-align-center\" style=\"font-size:24px\"><br><strong>TH\u1ea8M TRA THI\u1ebeT K\u1ebe V\u00c0 D\u1ef0 TO\u00c1N<\/strong><\/p>\n\n\n\n<p class=\"has-normal-font-size\">Th\u1ef1c hi\u1ec7n c\u00f4ng t\u00e1c th\u1ea9m tra thi\u1ebft k\u1ebf ki\u1ebfn tr\u00fac, k\u1ebft c\u1ea5u, c\u00e1c h\u1ec7 th\u1ed1ng k\u1ef9 thu\u1eadt v\u00e0 d\u1ef1 to\u00e1n c\u00f4ng tr\u00ecnh.<\/p>\n<\/div>\n\n\n\n<div class=\"wp-block-column is-layout-flow wp-block-column-is-layout-flow\" style=\"flex-basis:33.33%\">\n<p><\/p>\n\n\n\n<p class=\"has-normal-font-size\"><strong>D\u1ecaCH V\u1ee4<\/strong><\/p>\n\n\n\n<p style=\"font-size:14px\"><strong><a href=\"https:\/\/huyhoangjsc.vn\/?page_id=353\">Ki\u1ec3m \u0111\u1ecbnh c\u00f4ng tr\u00ecnh<\/a><br><a href=\"https:\/\/huyhoangjsc.vn\/?page_id=360\">T\u01b0 v\u1ea5n thi\u1ebft k\u1ebf<\/a><br><a href=\"https:\/\/huyhoangjsc.vn\/?page_id=362\">Th\u1ea9m tra thi\u1ebft k\u1ebf v\u00e0 d\u1ef1 to\u00e1n<\/a><br><a href=\"https:\/\/huyhoangjsc.vn\/?page_id=358\">Thi c\u00f4ng c\u00f4ng tr\u00ecnh<\/a><br><a href=\"https:\/\/huyhoangjsc.vn\/?page_id=368\">Qu\u1ea3n l\u00fd d\u1ef1 \u00e1n v\u00e0 Gi\u00e1m s\u00e1t thi c\u00f4ng<\/a><br><a href=\"https:\/\/huyhoangjsc.vn\/?page_id=370\">Kh\u1ea3o s\u00e1t \u0111\u1ecba ch\u1ea5t v\u00e0 quan tr\u1eafc c\u00f4ng tr\u00ecnh<\/a><br><a href=\"https:\/\/huyhoangjsc.vn\/?page_id=372\">Th\u00ed nghi\u1ec7m v\u1eadt li\u1ec7u x\u00e2y d\u1ef1ng<\/a><\/strong> <\/p>\n<\/div>\n<\/div>\n","protected":false},"excerpt":{"rendered":"<p>TH\u1ea8M TRA THI\u1ebeT K\u1ebe V\u00c0 D\u1ef0 TO\u00c1N Th\u1ef1c hi\u1ec7n c\u00f4ng t\u00e1c th\u1ea9m tra thi\u1ebft k\u1ebf ki\u1ebfn tr\u00fac, k\u1ebft c\u1ea5u, c\u00e1c h\u1ec7 th\u1ed1ng k\u1ef9 thu\u1eadt v\u00e0 d\u1ef1 to\u00e1n c\u00f4ng tr\u00ecnh. D\u1ecaCH V\u1ee4 Ki\u1ec3m \u0111\u1ecbnh c\u00f4ng tr\u00ecnhT\u01b0 v\u1ea5n thi\u1ebft k\u1ebfTh\u1ea9m tra thi\u1ebft k\u1ebf v\u00e0 d\u1ef1 to\u00e1nThi c\u00f4ng c\u00f4ng tr\u00ecnhQu\u1ea3n l\u00fd d\u1ef1 \u00e1n v\u00e0 Gi\u00e1m s\u00e1t thi c\u00f4ngKh\u1ea3o&hellip;&nbsp;<a href=\"https:\/\/huyhoangjsc.vn\/?page_id=362\" rel=\"bookmark\">\u0110\u1ecdc ti\u1ebfp &raquo;<span class=\"screen-reader-text\">Th\u1ea9m tra thi\u1ebft k\u1ebf v\u00e0 d\u1ef1  to\u00e1n<\/span><\/a><\/p>\n","protected":false},"author":1,"featured_media":0,"parent":72,"menu_order":3,"comment_status":"closed","ping_status":"closed","template":"","meta":{"neve_meta_sidebar":"","neve_meta_container":"","neve_meta_enable_content_width":"on","neve_meta_content_width":100,"neve_meta_title_alignment":"","neve_meta_author_avatar":"","neve_post_elements_order":"","neve_meta_disable_header":"","neve_meta_disable_footer":"","neve_meta_disable_title":"on","footnotes":""},"class_list":["post-362","page","type-page","status-publish","hentry"],"_links":{"self":[{"href":"https:\/\/huyhoangjsc.vn\/index.php?rest_route=\/wp\/v2\/pages\/362","targetHints":{"allow":["GET"]}}],"collection":[{"href":"https:\/\/huyhoangjsc.vn\/index.php?rest_route=\/wp\/v2\/pages"}],"about":[{"href":"https:\/\/huyhoangjsc.vn\/index.php?rest_route=\/wp\/v2\/types\/page"}],"author":[{"embeddable":true,"href":"https:\/\/huyhoangjsc.vn\/index.php?rest_route=\/wp\/v2\/users\/1"}],"replies":[{"embeddable":true,"href":"https:\/\/huyhoangjsc.vn\/index.php?rest_route=%2Fwp%2Fv2%2Fcomments&post=362"}],"version-history":[{"count":8,"href":"https:\/\/huyhoangjsc.vn\/index.php?rest_route=\/wp\/v2\/pages\/362\/revisions"}],"predecessor-version":[{"id":772,"href":"https:\/\/huyhoangjsc.vn\/index.php?rest_route=\/wp\/v2\/pages\/362\/revisions\/772"}],"up":[{"embeddable":true,"href":"https:\/\/huyhoangjsc.vn\/index.php?rest_route=\/wp\/v2\/pages\/72"}],"wp:attachment":[{"href":"https:\/\/huyhoangjsc.vn\/index.php?rest_route=%2Fwp%2Fv2%2Fmedia&parent=362"}],"curies":[{"name":"wp","href":"https:\/\/api.w.org\/{rel}","templated":true}]}}