{"id":49,"date":"2021-11-09T09:41:49","date_gmt":"2021-11-09T09:41:49","guid":{"rendered":"https:\/\/huyhoangjsc.vn\/?page_id=49"},"modified":"2021-12-02T09:19:10","modified_gmt":"2021-12-02T09:19:10","slug":"home-2","status":"publish","type":"page","link":"https:\/\/huyhoangjsc.vn\/","title":{"rendered":"TRANG CH\u1ee6"},"content":{"rendered":"\n\n\n\n\n<p class=\"has-text-color has-medium-font-size\" style=\"color:#fe0000\"><br><strong>C\u00d4NG TY C\u1ed4 PH\u1ea6N<\/strong> <strong>KI\u1ec2M \u0110\u1ecaNH <strong>V\u00c0<\/strong><\/strong> <strong>T\u01af V\u1ea4N X\u00c2Y D\u1ef0NG HUY HO\u00c0NG<\/strong><\/p>\n\n\n\n<div class=\"wp-block-columns is-layout-flex wp-container-core-columns-is-layout-9d6595d7 wp-block-columns-is-layout-flex\">\n<div class=\"wp-block-column is-layout-flow wp-block-column-is-layout-flow\" style=\"flex-basis:66.66%\">\n<p><br><strong>C\u00f4ng ty C\u1ed5 ph\u1ea7n Ki\u1ec3m \u0111\u1ecbnh v\u00e0 T\u01b0 v\u1ea5n X\u00e2y d\u1ef1ng Huy Ho\u00e0ng<\/strong> (g\u1ecdi t\u1eaft l\u00e0 HUY HOANG JSC) chuy\u00ean ho\u1ea1t \u0111\u1ed9ng trong c\u00e1c l\u0129nh v\u1ef1c x\u00e2y d\u1ef1ng: Ki\u1ec3m \u0111\u1ecbnh ch\u1ea5t l\u01b0\u1ee3ng, kh\u1ea3o s\u00e1t \u0111\u1ecba ch\u1ea5t c\u00f4ng tr\u00ecnh, thi\u1ebft k\u1ebf, th\u1ea9m tra h\u1ed3 s\u01a1 thi\u1ebft k\u1ebf k\u1ef9 thu\u1eadt, thi c\u00f4ng, t\u01b0 v\u1ea5n gi\u00e1m s\u00e1t c\u00f4ng tr\u00ecnh d\u00e2n d\u1ee5ng v\u00e0 c\u00f4ng nghi\u1ec7p, th\u00ed nghi\u1ec7m v\u1eadt li\u1ec7u x\u00e2y d\u1ef1ng,\u2026. <strong>HUY HOANG JSC<\/strong> lu\u00f4n l\u00e0 s\u1ef1 l\u1ef1a ch\u1ecdn h\u00e0ng \u0111\u1ea7u c\u1ee7a c\u00e1c t\u1eadp \u0111o\u00e0n, c\u00f4ng ty, c\u00e1c ch\u1ee7 \u0111\u1ea7u t\u01b0 trong v\u00e0 ngo\u00e0i n\u01b0\u1edbc trong l\u0129nh v\u1ef1c t\u01b0 v\u1ea5n ki\u1ec3m \u0111\u1ecbnh c\u00f4ng tr\u00ecnh x\u00e2y d\u1ef1ng d\u00e2n d\u1ee5ng &amp; c\u00f4ng nghi\u1ec7p.<br><strong>HUY HOANG JSC<\/strong> cam k\u1ebft mang \u0111\u1ebfn cho kh\u00e1ch h\u00e0ng s\u1ea3n ph\u1ea9m Uy t\u00edn \u2013 Ch\u1ea5t l\u01b0\u1ee3ng &#8211; Hi\u1ec7u qu\u1ea3. S\u1ef1 h\u00e0i l\u00f2ng c\u1ee7a kh\u00e1ch h\u00e0ng l\u00e0 ni\u1ec1m vinh d\u1ef1 cho m\u1ed7i th\u00e0nh vi\u00ean c\u1ee7a C\u00f4ng ty ch\u00fang t\u00f4i.<\/p>\n<\/div>\n\n\n\n<div class=\"wp-block-column is-layout-flow wp-block-column-is-layout-flow\" style=\"flex-basis:33.33%\">\n<figure class=\"wp-block-image size-large is-style-default\"><img loading=\"lazy\" decoding=\"async\" width=\"1024\" height=\"780\" src=\"https:\/\/huyhoangjsc.vn\/wp-content\/uploads\/2021\/12\/hh1-1024x780.jpg\" alt=\"\" class=\"wp-image-706\" srcset=\"https:\/\/huyhoangjsc.vn\/wp-content\/uploads\/2021\/12\/hh1-1024x780.jpg 1024w, https:\/\/huyhoangjsc.vn\/wp-content\/uploads\/2021\/12\/hh1-300x229.jpg 300w, https:\/\/huyhoangjsc.vn\/wp-content\/uploads\/2021\/12\/hh1-768x585.jpg 768w, https:\/\/huyhoangjsc.vn\/wp-content\/uploads\/2021\/12\/hh1.jpg 1260w\" sizes=\"auto, (max-width: 1024px) 100vw, 1024px\" \/><\/figure>\n<\/div>\n<\/div>\n\n\n\n<p class=\"has-text-align-center has-nv-dark-bg-color has-text-color\" style=\"font-size:24px\"><strong>L\u0128NH V\u1ef0C C\u1ee6A CH\u00daNG T\u00d4I<\/strong><\/p>\n\n\n\n<div class=\"wp-block-columns is-layout-flex wp-container-core-columns-is-layout-9d6595d7 wp-block-columns-is-layout-flex\">\n<div class=\"wp-block-column is-layout-flow wp-block-column-is-layout-flow\">\n<div class=\"wp-block-image is-style-default\"><figure class=\"aligncenter size-large is-resized\"><img loading=\"lazy\" decoding=\"async\" src=\"https:\/\/huyhoangjsc.vn\/wp-content\/uploads\/2021\/11\/kiem-dinh-1024x780.jpg\" alt=\"\" class=\"wp-image-308\" width=\"256\" height=\"195\" srcset=\"https:\/\/huyhoangjsc.vn\/wp-content\/uploads\/2021\/11\/kiem-dinh-1024x780.jpg 1024w, https:\/\/huyhoangjsc.vn\/wp-content\/uploads\/2021\/11\/kiem-dinh-300x228.jpg 300w, https:\/\/huyhoangjsc.vn\/wp-content\/uploads\/2021\/11\/kiem-dinh-768x585.jpg 768w, https:\/\/huyhoangjsc.vn\/wp-content\/uploads\/2021\/11\/kiem-dinh-1536x1170.jpg 1536w, https:\/\/huyhoangjsc.vn\/wp-content\/uploads\/2021\/11\/kiem-dinh.jpg 1920w\" sizes=\"auto, (max-width: 256px) 100vw, 256px\" \/><figcaption><strong>KI\u1ec2M \u0110\u1ecaNH C\u00d4NG TR\u00ccNH<\/strong><\/figcaption><\/figure><\/div>\n\n\n\n<div class=\"wp-block-image is-style-default\"><figure class=\"aligncenter size-large is-resized\"><img loading=\"lazy\" decoding=\"async\" src=\"https:\/\/huyhoangjsc.vn\/wp-content\/uploads\/2021\/11\/z2901272796802_a2e018f42a5bb734ebcd268cb024b079-1024x768.jpg\" alt=\"\" class=\"wp-image-193\" width=\"256\" height=\"192\" srcset=\"https:\/\/huyhoangjsc.vn\/wp-content\/uploads\/2021\/11\/z2901272796802_a2e018f42a5bb734ebcd268cb024b079-1024x768.jpg 1024w, https:\/\/huyhoangjsc.vn\/wp-content\/uploads\/2021\/11\/z2901272796802_a2e018f42a5bb734ebcd268cb024b079-300x225.jpg 300w, https:\/\/huyhoangjsc.vn\/wp-content\/uploads\/2021\/11\/z2901272796802_a2e018f42a5bb734ebcd268cb024b079-768x576.jpg 768w, https:\/\/huyhoangjsc.vn\/wp-content\/uploads\/2021\/11\/z2901272796802_a2e018f42a5bb734ebcd268cb024b079.jpg 1280w\" sizes=\"auto, (max-width: 256px) 100vw, 256px\" \/><figcaption><strong>KH\u1ea2O S\u00c1T \u0110O \u0110\u1ea0C C\u00d4NG TR\u00ccNH<\/strong><\/figcaption><\/figure><\/div>\n<\/div>\n\n\n\n<div class=\"wp-block-column is-layout-flow wp-block-column-is-layout-flow\">\n<div class=\"wp-block-image is-style-default\"><figure class=\"aligncenter size-large is-resized\"><img loading=\"lazy\" decoding=\"async\" src=\"https:\/\/huyhoangjsc.vn\/wp-content\/uploads\/2021\/11\/thiet-ke-1024x780.jpg\" alt=\"\" class=\"wp-image-310\" width=\"256\" height=\"195\" srcset=\"https:\/\/huyhoangjsc.vn\/wp-content\/uploads\/2021\/11\/thiet-ke-1024x780.jpg 1024w, https:\/\/huyhoangjsc.vn\/wp-content\/uploads\/2021\/11\/thiet-ke-300x229.jpg 300w, https:\/\/huyhoangjsc.vn\/wp-content\/uploads\/2021\/11\/thiet-ke-768x585.jpg 768w, https:\/\/huyhoangjsc.vn\/wp-content\/uploads\/2021\/11\/thiet-ke.jpg 1260w\" sizes=\"auto, (max-width: 256px) 100vw, 256px\" \/><figcaption><strong>T\u01af V\u1ea4N THI\u1ebeT K\u1ebe<\/strong><\/figcaption><\/figure><\/div>\n\n\n\n<div class=\"wp-block-image is-style-default\"><figure class=\"aligncenter size-large is-resized\"><img loading=\"lazy\" decoding=\"async\" src=\"https:\/\/huyhoangjsc.vn\/wp-content\/uploads\/2021\/11\/khao-sat-dia-chat-1024x780.jpg\" alt=\"\" class=\"wp-image-318\" width=\"256\" height=\"195\" srcset=\"https:\/\/huyhoangjsc.vn\/wp-content\/uploads\/2021\/11\/khao-sat-dia-chat-1024x780.jpg 1024w, https:\/\/huyhoangjsc.vn\/wp-content\/uploads\/2021\/11\/khao-sat-dia-chat-300x229.jpg 300w, https:\/\/huyhoangjsc.vn\/wp-content\/uploads\/2021\/11\/khao-sat-dia-chat-768x585.jpg 768w, https:\/\/huyhoangjsc.vn\/wp-content\/uploads\/2021\/11\/khao-sat-dia-chat.jpg 1260w\" sizes=\"auto, (max-width: 256px) 100vw, 256px\" \/><figcaption><strong>KH\u1ea2O S\u00c1T \u0110\u1ecaA CH\u1ea4T<\/strong><\/figcaption><\/figure><\/div>\n<\/div>\n\n\n\n<div class=\"wp-block-column is-layout-flow wp-block-column-is-layout-flow\">\n<div class=\"wp-block-image is-style-default\"><figure class=\"aligncenter size-full is-resized\"><img loading=\"lazy\" decoding=\"async\" src=\"https:\/\/huyhoangjsc.vn\/wp-content\/uploads\/2021\/11\/thi-cong.jpg\" alt=\"\" class=\"wp-image-311\" width=\"255\" height=\"195\" srcset=\"https:\/\/huyhoangjsc.vn\/wp-content\/uploads\/2021\/11\/thi-cong.jpg 696w, https:\/\/huyhoangjsc.vn\/wp-content\/uploads\/2021\/11\/thi-cong-300x228.jpg 300w\" sizes=\"auto, (max-width: 255px) 100vw, 255px\" \/><figcaption><strong>THI C\u00d4NG X\u00c2Y D\u1ef0NG<\/strong><\/figcaption><\/figure><\/div>\n\n\n\n<div class=\"wp-block-image is-style-default\"><figure class=\"aligncenter size-large is-resized\"><img loading=\"lazy\" decoding=\"async\" src=\"https:\/\/huyhoangjsc.vn\/wp-content\/uploads\/2021\/11\/thi-nghiem-1024x780.jpg\" alt=\"\" class=\"wp-image-312\" width=\"256\" height=\"195\" srcset=\"https:\/\/huyhoangjsc.vn\/wp-content\/uploads\/2021\/11\/thi-nghiem-1024x780.jpg 1024w, https:\/\/huyhoangjsc.vn\/wp-content\/uploads\/2021\/11\/thi-nghiem-300x229.jpg 300w, https:\/\/huyhoangjsc.vn\/wp-content\/uploads\/2021\/11\/thi-nghiem-768x585.jpg 768w, https:\/\/huyhoangjsc.vn\/wp-content\/uploads\/2021\/11\/thi-nghiem.jpg 1260w\" sizes=\"auto, (max-width: 256px) 100vw, 256px\" \/><figcaption><strong>TH\u00cd NGHI\u1ec6M VLXD<\/strong><\/figcaption><\/figure><\/div>\n<\/div>\n<\/div>\n\n\n\n<p class=\"has-text-align-center has-nv-dark-bg-color has-text-color\" style=\"font-size:24px\"><strong>\u0110\u1ed0I T\u00c1C<\/strong><\/p>\n\n\n\n<div class=\"wp-block-columns is-layout-flex wp-container-core-columns-is-layout-9d6595d7 wp-block-columns-is-layout-flex\">\n<div class=\"wp-block-column is-layout-flow wp-block-column-is-layout-flow\">\n<div class=\"wp-block-image is-style-default\"><figure class=\"aligncenter size-full\"><img loading=\"lazy\" decoding=\"async\" width=\"756\" height=\"576\" src=\"https:\/\/huyhoangjsc.vn\/wp-content\/uploads\/2021\/11\/pouyuen.jpg\" alt=\"\" class=\"wp-image-201\" srcset=\"https:\/\/huyhoangjsc.vn\/wp-content\/uploads\/2021\/11\/pouyuen.jpg 756w, https:\/\/huyhoangjsc.vn\/wp-content\/uploads\/2021\/11\/pouyuen-300x229.jpg 300w\" sizes=\"auto, (max-width: 756px) 100vw, 756px\" \/><figcaption><strong>POUYUEN<\/strong><\/figcaption><\/figure><\/div>\n\n\n\n<div class=\"wp-block-image is-style-default\"><figure class=\"aligncenter size-full\"><img loading=\"lazy\" decoding=\"async\" width=\"756\" height=\"576\" src=\"https:\/\/huyhoangjsc.vn\/wp-content\/uploads\/2021\/11\/pousung.jpg\" alt=\"\" class=\"wp-image-200\" srcset=\"https:\/\/huyhoangjsc.vn\/wp-content\/uploads\/2021\/11\/pousung.jpg 756w, https:\/\/huyhoangjsc.vn\/wp-content\/uploads\/2021\/11\/pousung-300x229.jpg 300w\" sizes=\"auto, (max-width: 756px) 100vw, 756px\" \/><figcaption><strong>POU SUNG<\/strong><\/figcaption><\/figure><\/div>\n\n\n\n<div class=\"wp-block-image is-style-default\"><figure class=\"aligncenter size-full\"><img loading=\"lazy\" decoding=\"async\" width=\"756\" height=\"576\" src=\"https:\/\/huyhoangjsc.vn\/wp-content\/uploads\/2021\/11\/pinaco.jpg\" alt=\"\" class=\"wp-image-434\" srcset=\"https:\/\/huyhoangjsc.vn\/wp-content\/uploads\/2021\/11\/pinaco.jpg 756w, https:\/\/huyhoangjsc.vn\/wp-content\/uploads\/2021\/11\/pinaco-300x229.jpg 300w\" sizes=\"auto, (max-width: 756px) 100vw, 756px\" \/><figcaption><strong>PINACO<\/strong><\/figcaption><\/figure><\/div>\n<\/div>\n\n\n\n<div class=\"wp-block-column is-layout-flow wp-block-column-is-layout-flow\">\n<div class=\"wp-block-image is-style-default\"><figure class=\"aligncenter size-full\"><img loading=\"lazy\" decoding=\"async\" width=\"756\" height=\"576\" src=\"https:\/\/huyhoangjsc.vn\/wp-content\/uploads\/2021\/11\/pousung.jpg\" alt=\"\" class=\"wp-image-200\" srcset=\"https:\/\/huyhoangjsc.vn\/wp-content\/uploads\/2021\/11\/pousung.jpg 756w, https:\/\/huyhoangjsc.vn\/wp-content\/uploads\/2021\/11\/pousung-300x229.jpg 300w\" sizes=\"auto, (max-width: 756px) 100vw, 756px\" \/><figcaption><strong>POU HUNG<\/strong><\/figcaption><\/figure><\/div>\n\n\n\n<div class=\"wp-block-image is-style-default\"><figure class=\"aligncenter size-full\"><img loading=\"lazy\" decoding=\"async\" width=\"756\" height=\"576\" src=\"https:\/\/huyhoangjsc.vn\/wp-content\/uploads\/2021\/11\/bktechs.jpg\" alt=\"\" class=\"wp-image-205\" srcset=\"https:\/\/huyhoangjsc.vn\/wp-content\/uploads\/2021\/11\/bktechs.jpg 756w, https:\/\/huyhoangjsc.vn\/wp-content\/uploads\/2021\/11\/bktechs-300x229.jpg 300w\" sizes=\"auto, (max-width: 756px) 100vw, 756px\" \/><figcaption><strong>BKTECHS<\/strong><\/figcaption><\/figure><\/div>\n\n\n\n<div class=\"wp-block-image is-style-default\"><figure class=\"aligncenter size-full\"><img loading=\"lazy\" decoding=\"async\" width=\"756\" height=\"576\" src=\"https:\/\/huyhoangjsc.vn\/wp-content\/uploads\/2021\/11\/pouchen.jpg\" alt=\"\" class=\"wp-image-199\" srcset=\"https:\/\/huyhoangjsc.vn\/wp-content\/uploads\/2021\/11\/pouchen.jpg 756w, https:\/\/huyhoangjsc.vn\/wp-content\/uploads\/2021\/11\/pouchen-300x229.jpg 300w\" sizes=\"auto, (max-width: 756px) 100vw, 756px\" \/><figcaption><strong>POUCHEN<\/strong><\/figcaption><\/figure><\/div>\n<\/div>\n\n\n\n<div class=\"wp-block-column is-layout-flow wp-block-column-is-layout-flow\">\n<div class=\"wp-block-image is-style-default\"><figure class=\"aligncenter size-full\"><img loading=\"lazy\" decoding=\"async\" width=\"756\" height=\"576\" src=\"https:\/\/huyhoangjsc.vn\/wp-content\/uploads\/2021\/11\/pousung.jpg\" alt=\"\" class=\"wp-image-200\" srcset=\"https:\/\/huyhoangjsc.vn\/wp-content\/uploads\/2021\/11\/pousung.jpg 756w, https:\/\/huyhoangjsc.vn\/wp-content\/uploads\/2021\/11\/pousung-300x229.jpg 300w\" sizes=\"auto, (max-width: 756px) 100vw, 756px\" \/><figcaption><strong>YUE DE<\/strong><\/figcaption><\/figure><\/div>\n\n\n\n<div class=\"wp-block-image is-style-default\"><figure class=\"aligncenter size-full\"><img loading=\"lazy\" decoding=\"async\" width=\"756\" height=\"576\" src=\"https:\/\/huyhoangjsc.vn\/wp-content\/uploads\/2021\/11\/tracodi.jpg\" alt=\"\" class=\"wp-image-269\" srcset=\"https:\/\/huyhoangjsc.vn\/wp-content\/uploads\/2021\/11\/tracodi.jpg 756w, https:\/\/huyhoangjsc.vn\/wp-content\/uploads\/2021\/11\/tracodi-300x229.jpg 300w\" sizes=\"auto, (max-width: 756px) 100vw, 756px\" \/><figcaption><strong>TRACODI<\/strong><\/figcaption><\/figure><\/div>\n\n\n\n<div class=\"wp-block-image is-style-default\"><figure class=\"aligncenter size-full\"><img loading=\"lazy\" decoding=\"async\" width=\"756\" height=\"576\" src=\"https:\/\/huyhoangjsc.vn\/wp-content\/uploads\/2021\/11\/pousung.jpg\" alt=\"\" class=\"wp-image-200\" srcset=\"https:\/\/huyhoangjsc.vn\/wp-content\/uploads\/2021\/11\/pousung.jpg 756w, https:\/\/huyhoangjsc.vn\/wp-content\/uploads\/2021\/11\/pousung-300x229.jpg 300w\" sizes=\"auto, (max-width: 756px) 100vw, 756px\" \/><figcaption><strong>POU LI<\/strong><\/figcaption><\/figure><\/div>\n<\/div>\n\n\n\n<div class=\"wp-block-column is-layout-flow wp-block-column-is-layout-flow\">\n<div class=\"wp-block-image is-style-default\"><figure class=\"aligncenter size-full\"><img loading=\"lazy\" decoding=\"async\" width=\"756\" height=\"576\" src=\"https:\/\/huyhoangjsc.vn\/wp-content\/uploads\/2021\/11\/vissan.jpg\" alt=\"\" class=\"wp-image-273\" srcset=\"https:\/\/huyhoangjsc.vn\/wp-content\/uploads\/2021\/11\/vissan.jpg 756w, https:\/\/huyhoangjsc.vn\/wp-content\/uploads\/2021\/11\/vissan-300x229.jpg 300w\" sizes=\"auto, (max-width: 756px) 100vw, 756px\" \/><figcaption><strong>VISSAN<\/strong><\/figcaption><\/figure><\/div>\n\n\n\n<div class=\"wp-block-image is-style-default\"><figure class=\"aligncenter size-full\"><img loading=\"lazy\" decoding=\"async\" width=\"756\" height=\"576\" src=\"https:\/\/huyhoangjsc.vn\/wp-content\/uploads\/2021\/11\/bachkhoa-SG.jpg\" alt=\"\" class=\"wp-image-272\" srcset=\"https:\/\/huyhoangjsc.vn\/wp-content\/uploads\/2021\/11\/bachkhoa-SG.jpg 756w, https:\/\/huyhoangjsc.vn\/wp-content\/uploads\/2021\/11\/bachkhoa-SG-300x229.jpg 300w\" sizes=\"auto, (max-width: 756px) 100vw, 756px\" \/><figcaption><strong>BK SAIGON<\/strong><\/figcaption><\/figure><\/div>\n\n\n\n<div class=\"wp-block-image is-style-default\"><figure class=\"aligncenter size-full\"><img loading=\"lazy\" decoding=\"async\" width=\"756\" height=\"576\" src=\"https:\/\/huyhoangjsc.vn\/wp-content\/uploads\/2021\/11\/merrell.jpg\" alt=\"\" class=\"wp-image-289\" srcset=\"https:\/\/huyhoangjsc.vn\/wp-content\/uploads\/2021\/11\/merrell.jpg 756w, https:\/\/huyhoangjsc.vn\/wp-content\/uploads\/2021\/11\/merrell-300x229.jpg 300w\" sizes=\"auto, (max-width: 756px) 100vw, 756px\" \/><figcaption><strong>TECH MASTERY<\/strong><\/figcaption><\/figure><\/div>\n<\/div>\n\n\n\n<div class=\"wp-block-column is-layout-flow wp-block-column-is-layout-flow\">\n<div class=\"wp-block-image is-style-default\"><figure class=\"aligncenter size-full\"><img loading=\"lazy\" decoding=\"async\" width=\"756\" height=\"576\" src=\"https:\/\/huyhoangjsc.vn\/wp-content\/uploads\/2021\/11\/prospenrous.jpg\" alt=\"\" class=\"wp-image-270\" srcset=\"https:\/\/huyhoangjsc.vn\/wp-content\/uploads\/2021\/11\/prospenrous.jpg 756w, https:\/\/huyhoangjsc.vn\/wp-content\/uploads\/2021\/11\/prospenrous-300x229.jpg 300w\" sizes=\"auto, (max-width: 756px) 100vw, 756px\" \/><figcaption><strong>STARITE INT\u2019L VN LTD<\/strong><\/figcaption><\/figure><\/div>\n\n\n\n<div class=\"wp-block-image is-style-default\"><figure class=\"aligncenter size-full\"><img loading=\"lazy\" decoding=\"async\" width=\"756\" height=\"576\" src=\"https:\/\/huyhoangjsc.vn\/wp-content\/uploads\/2021\/11\/bcg.jpg\" alt=\"\" class=\"wp-image-271\" srcset=\"https:\/\/huyhoangjsc.vn\/wp-content\/uploads\/2021\/11\/bcg.jpg 756w, https:\/\/huyhoangjsc.vn\/wp-content\/uploads\/2021\/11\/bcg-300x229.jpg 300w\" sizes=\"auto, (max-width: 756px) 100vw, 756px\" \/><figcaption><strong>BAMBOO<\/strong>&nbsp;<strong>CAPITAL<\/strong><\/figcaption><\/figure><\/div>\n\n\n\n<div class=\"wp-block-image is-style-default\"><figure class=\"aligncenter size-full\"><img loading=\"lazy\" decoding=\"async\" width=\"756\" height=\"576\" src=\"https:\/\/huyhoangjsc.vn\/wp-content\/uploads\/2021\/11\/dai-hoc-ngan-hang-hcm-1.jpeg\" alt=\"\" class=\"wp-image-449\" srcset=\"https:\/\/huyhoangjsc.vn\/wp-content\/uploads\/2021\/11\/dai-hoc-ngan-hang-hcm-1.jpeg 756w, https:\/\/huyhoangjsc.vn\/wp-content\/uploads\/2021\/11\/dai-hoc-ngan-hang-hcm-1-300x229.jpeg 300w\" sizes=\"auto, (max-width: 756px) 100vw, 756px\" \/><figcaption><strong>\u0110\u1ea0I H\u1eccC NG\u00c2N H\u00c0NG<\/strong><\/figcaption><\/figure><\/div>\n<\/div>\n<\/div>\n\n\n\n<p class=\"has-text-align-center has-text-color has-medium-font-size\" style=\"color:#fe0000\"><strong>UY T\u00cdN &#8211; CH\u1ea4T L\u01af\u1ee2NG &#8211; HI\u1ec6U QU\u1ea2<\/strong><\/p>\n","protected":false},"excerpt":{"rendered":"<p>C\u00d4NG TY C\u1ed4 PH\u1ea6N KI\u1ec2M \u0110\u1ecaNH V\u00c0 T\u01af V\u1ea4N X\u00c2Y D\u1ef0NG HUY HO\u00c0NG C\u00f4ng ty C\u1ed5 ph\u1ea7n Ki\u1ec3m \u0111\u1ecbnh v\u00e0 T\u01b0 v\u1ea5n X\u00e2y d\u1ef1ng Huy Ho\u00e0ng (g\u1ecdi t\u1eaft l\u00e0 HUY HOANG JSC) chuy\u00ean ho\u1ea1t \u0111\u1ed9ng trong c\u00e1c l\u0129nh v\u1ef1c x\u00e2y d\u1ef1ng: Ki\u1ec3m \u0111\u1ecbnh ch\u1ea5t l\u01b0\u1ee3ng, kh\u1ea3o s\u00e1t \u0111\u1ecba ch\u1ea5t c\u00f4ng tr\u00ecnh, thi\u1ebft k\u1ebf, th\u1ea9m tra&hellip;&nbsp;<a href=\"https:\/\/huyhoangjsc.vn\/\" rel=\"bookmark\">\u0110\u1ecdc ti\u1ebfp &raquo;<span class=\"screen-reader-text\">TRANG CH\u1ee6<\/span><\/a><\/p>\n","protected":false},"author":1,"featured_media":0,"parent":0,"menu_order":0,"comment_status":"closed","ping_status":"closed","template":"","meta":{"neve_meta_sidebar":"","neve_meta_container":"","neve_meta_enable_content_width":"on","neve_meta_content_width":100,"neve_meta_title_alignment":"","neve_meta_author_avatar":"","neve_post_elements_order":"","neve_meta_disable_header":"","neve_meta_disable_footer":"","neve_meta_disable_title":"on","footnotes":""},"class_list":["post-49","page","type-page","status-publish","hentry"],"_links":{"self":[{"href":"https:\/\/huyhoangjsc.vn\/index.php?rest_route=\/wp\/v2\/pages\/49","targetHints":{"allow":["GET"]}}],"collection":[{"href":"https:\/\/huyhoangjsc.vn\/index.php?rest_route=\/wp\/v2\/pages"}],"about":[{"href":"https:\/\/huyhoangjsc.vn\/index.php?rest_route=\/wp\/v2\/types\/page"}],"author":[{"embeddable":true,"href":"https:\/\/huyhoangjsc.vn\/index.php?rest_route=\/wp\/v2\/users\/1"}],"replies":[{"embeddable":true,"href":"https:\/\/huyhoangjsc.vn\/index.php?rest_route=%2Fwp%2Fv2%2Fcomments&post=49"}],"version-history":[{"count":47,"href":"https:\/\/huyhoangjsc.vn\/index.php?rest_route=\/wp\/v2\/pages\/49\/revisions"}],"predecessor-version":[{"id":759,"href":"https:\/\/huyhoangjsc.vn\/index.php?rest_route=\/wp\/v2\/pages\/49\/revisions\/759"}],"wp:attachment":[{"href":"https:\/\/huyhoangjsc.vn\/index.php?rest_route=%2Fwp%2Fv2%2Fmedia&parent=49"}],"curies":[{"name":"wp","href":"https:\/\/api.w.org\/{rel}","templated":true}]}}