{"id":504,"date":"2021-11-23T02:49:54","date_gmt":"2021-11-23T02:49:54","guid":{"rendered":"https:\/\/huyhoangjsc.vn\/?page_id=504"},"modified":"2021-12-27T07:11:02","modified_gmt":"2021-12-27T07:11:02","slug":"tu-van-thiet-ke","status":"publish","type":"page","link":"https:\/\/huyhoangjsc.vn\/?page_id=504","title":{"rendered":"T\u01b0 v\u1ea5n thi\u1ebft k\u1ebf"},"content":{"rendered":"<style>.wp-block-kadence-spacer.kt-block-spacer-_0d23b0-e7 .kt-block-spacer{height:10px;}.wp-block-kadence-spacer.kt-block-spacer-_0d23b0-e7 .kt-divider{border-top-width:2px;border-top-color:#eee;width:100%;border-top-style:solid;}<\/style>\n<div class=\"wp-block-kadence-spacer aligncenter kt-block-spacer-_0d23b0-e7\"><div class=\"kt-block-spacer kt-block-spacer-halign-center\" style=\"height:10px\"><hr class=\"kt-divider\" style=\"border-top-color:#eee;border-top-width:2px;width:100%;border-top-style:solid\"\/><\/div><\/div>\n\n\n\n<div class=\"wp-block-columns is-layout-flex wp-container-core-columns-is-layout-9d6595d7 wp-block-columns-is-layout-flex\">\n<div class=\"wp-block-column is-layout-flow wp-block-column-is-layout-flow\" style=\"flex-basis:66.66%\">\n<p class=\"has-text-align-center\" style=\"font-size:24px\"><br><strong>T\u01af V\u1ea4N THI\u1ebeT K\u1ebe<\/strong><br>(Updating)<\/p>\n<\/div>\n\n\n\n<div class=\"wp-block-column is-layout-flow wp-block-column-is-layout-flow\" style=\"flex-basis:33.33%\">\n<p><\/p>\n\n\n\n<p class=\"has-normal-font-size\"><strong>C\u00d4NG TR\u00ccNH<\/strong><\/p>\n\n\n\n<p style=\"font-size:14px\"> <strong><a href=\"https:\/\/huyhoangjsc.vn\/?page_id=501\">Ki\u1ec3m \u0111\u1ecbnh c\u00f4ng tr\u00ecnh<\/a><br><a href=\"https:\/\/huyhoangjsc.vn\/?page_id=504\">T\u01b0 v\u1ea5n thi\u1ebft k\u1ebf<\/a><br><a href=\"https:\/\/huyhoangjsc.vn\/?page_id=506\">Th\u1ea9m tra thi\u1ebft k\u1ebf v\u00e0 d\u1ef1 to\u00e1n<\/a><br><a href=\"https:\/\/huyhoangjsc.vn\/?page_id=508\">Thi c\u00f4ng c\u00f4ng tr\u00ecnh<\/a><br><a href=\"https:\/\/huyhoangjsc.vn\/?page_id=510\">Qu\u1ea3n l\u00fd d\u1ef1 \u00e1n v\u00e0 Gi\u00e1m s\u00e1t thi c\u00f4ng<\/a><br><a href=\"https:\/\/huyhoangjsc.vn\/?page_id=512\">Kh\u1ea3o s\u00e1t \u0111\u1ecba ch\u1ea5t v\u00e0 quan tr\u1eafc c\u00f4ng tr\u00ecnh<\/a><br><a href=\"https:\/\/huyhoangjsc.vn\/?page_id=514\">Th\u00ed nghi\u1ec7m v\u1eadt li\u1ec7u x\u00e2y d\u1ef1ng<\/a><\/strong> <\/p>\n<\/div>\n<\/div>\n\n\n\n<p class=\"has-text-align-center has-medium-font-size\"><strong>C\u00c1C C\u00d4NG TR\u00ccNH \u0110\u00c3 THAM GIA TH\u1ef0C HI\u1ec6N<\/strong><\/p>\n\n\n\n<table id=\"tablepress-2\" class=\"tablepress tablepress-id-2\">\n<thead>\n<tr class=\"row-1\">\n\t<th class=\"column-1\"><strong>STT<\/strong><\/th><th class=\"column-2\"><strong>T\u00caN C\u00d4NG TR\u00ccNH V\u00c0 C\u00d4NG VI\u1ec6C TH\u1ef0C HI\u1ec6N<\/strong><\/th><th class=\"column-3\"><strong>CH\u1ee6 \u0110\u1ea6U T\u01af<\/strong><\/th>\n<\/tr>\n<\/thead>\n<tbody class=\"row-striping row-hover\">\n<tr class=\"row-2\">\n\t<td class=\"column-1\">1<\/td><td class=\"column-2\">C\u00f4ng tr\u00ecnh: Nh\u00e0 x\u01b0\u1edfng B4<br \/>\nH\u1ea1ng m\u1ee5c: Thi\u1ebft k\u1ebf c\u1ea3i t\u1ea1o n\u1ec1n b\u1ecb l\u00fan nh\u00e0 x\u01b0\u1edfng B4<br \/>\n\u0110\u1ecba \u0111i\u1ec3m: KCN T\u00e2n H\u01b0\u01a1ng, Ch\u00e2u Th\u00e0nh, Ti\u1ec1n Giang<\/td><td class=\"column-3\">C\u00f4ng ty TNHH D\u1ee5 \u0110\u1ee9c VN<\/td>\n<\/tr>\n<tr class=\"row-3\">\n\t<td class=\"column-1\">2<\/td><td class=\"column-2\">C\u00f4ng tr\u00ecnh: Nh\u00e0 C\u00f4ng \u0111o\u00e0n A1<br \/>\n H\u1ea1ng m\u1ee5c: Thi\u1ebft k\u1ebf k\u1ef9 thu\u1eadt, xin ph\u00e9p x\u00e2y d\u1ef1ng v\u00e0 xin ph\u00e9p ho\u00e0n c\u00f4ng c\u00f4ng tr\u00ecnh: n\u00e2ng t\u1ea7ng 3F nh\u00e0 c\u00f4ng \u0111o\u00e0n A1<br \/>\n\u0110\u1ecba \u0111i\u1ec3m: KCN T\u00e2n H\u01b0\u01a1ng, Ch\u00e2u Th\u00e0nh, Ti\u1ec1n Giang<\/td><td class=\"column-3\">C\u00f4ng ty TNHH D\u1ee5 \u0110\u1ee9c VN<\/td>\n<\/tr>\n<tr class=\"row-4\">\n\t<td class=\"column-1\">3<\/td><td class=\"column-2\">C\u00f4ng tr\u00ecnh: Nh\u00e0 x\u01b0\u1edfng B1<br \/>\n H\u1ea1ng m\u1ee5c: Khoan kh\u1ea3o s\u00e1t \u0111\u1ecba ch\u1ea5t, thi\u1ebft k\u1ebf k\u1ef9 thu\u1eadt, xin ph\u00e9p x\u00e2y d\u1ef1ng v\u00e0 xin ph\u00e9p ho\u00e0n c\u00f4ng c\u00f4ng tr\u00ecnh: nh\u00e0 x\u01b0\u1edfng B1<br \/>\n\u0110\u1ecba \u0111i\u1ec3m: KCN T\u00e2n H\u01b0\u01a1ng, Ch\u00e2u Th\u00e0nh, Ti\u1ec1n Giang<br \/>\n<\/td><td class=\"column-3\">C\u00f4ng ty TNHH D\u1ee5 \u0110\u1ee9c VN<\/td>\n<\/tr>\n<tr class=\"row-5\">\n\t<td class=\"column-1\">4<\/td><td class=\"column-2\">C\u00f4ng tr\u00ecnh: Nh\u00e0 c\u00f4ng \u0111o\u00e0n A1(t\u1ea7ng l\u1eefng)<br \/>\n H\u1ea1ng m\u1ee5c: Thi\u1ebft k\u1ebf k\u1ef9 thu\u1eadt, xin ph\u00e9p x\u00e2y d\u1ef1ng v\u00e0 xin ph\u00e9p ho\u00e0n c\u00f4ng c\u00f4ng tr\u00ecnh: x\u00e2y th\u00eam t\u1ea7ng l\u1eedng nh\u00e0 c\u00f4ng \u0111o\u00e0n A1<br \/>\n\u0110\u1ecba \u0111i\u1ec3m:KCN T\u00e2n H\u01b0\u01a1ng, Ch\u00e2u Th\u00e0nh, Ti\u1ec1n Giang<\/td><td class=\"column-3\">C\u00f4ng ty TNHH D\u1ee5 \u0110\u1ee9c VN<\/td>\n<\/tr>\n<tr class=\"row-6\">\n\t<td class=\"column-1\">5<\/td><td class=\"column-2\">C\u00f4ng tr\u00ecnh: Nh\u00e0 c\u00f4ng \u0111o\u00e0n A1<br \/>\n H\u1ea1ng m\u1ee5c: Kh\u1ea3o s\u00e1t \u0111\u1ecba ch\u1ea5t, thi\u1ebft k\u1ebf k\u1ef9 thu\u1eadt, xin ph\u00e9p x\u00e2y d\u1ef1ng v\u00e0 xin ph\u00e9p ho\u00e0n c\u00f4ng c\u00f4ng tr\u00ecnh: nh\u00e0 c\u00f4ng \u0111o\u00e0n A1<br \/>\n\u0110\u1ecba \u0111i\u1ec3m: KCN T\u00e2n H\u01b0\u01a1ng, Ch\u00e2u Th\u00e0nh, Ti\u1ec1n Giang<\/td><td class=\"column-3\">C\u00f4ng ty TNHH D\u1ee5 \u0110\u1ee9c VN<\/td>\n<\/tr>\n<tr class=\"row-7\">\n\t<td class=\"column-1\">6<\/td><td class=\"column-2\">C\u00f4ng tr\u00ecnh: Nh\u00e0 ngh\u1ec9 gi\u1eefa ca<br \/>\n H\u1ea1ng m\u1ee5c: L\u1eadp h\u1ed3 s\u01a1 thi\u1ebft k\u1ebf k\u1ef9 thu\u1eadt, t\u01b0 v\u1ea5n xin ph\u00e9p x\u00e2y d\u1ef1ng, xin ph\u00e9p ho\u00e0n c\u00f4ng h\u1ea1ng m\u1ee5c: nh\u00e0 ngh\u1ec9 gi\u1eefa ca cho c\u00e1n b\u1ed9 &amp; h\u1ea1ng m\u1ee5c c\u1ea7u n\u1ed1i C2-C2A khu C<br \/>\n\u0110\u1ecba \u0111i\u1ec3m: KCN T\u00e2n H\u01b0\u01a1ng, Ch\u00e2u Th\u00e0nh, Ti\u1ec1n Giang<\/td><td class=\"column-3\">C\u00f4ng ty TNHH D\u1ee5 \u0110\u1ee9c VN<\/td>\n<\/tr>\n<tr class=\"row-8\">\n\t<td class=\"column-1\">7<\/td><td class=\"column-2\">C\u00f4ng tr\u00ecnh: Nh\u00e0 x\u01b0\u1edfng CS7<br \/>\n H\u1ea1ng m\u1ee5c: L\u1eadp h\u1ed3 s\u01a1 thi\u1ebft k\u1ebf k\u1ef9 thu\u1eadt, t\u01b0 v\u1ea5n xin gi\u1ea5y ph\u00e9p x\u00e2y d\u1ef1ng, xin ph\u00e9p ho\u00e0n c\u00f4ng c\u00f4ng tr\u00ecnh: nh\u00e0 x\u01b0\u1edfng CS7 K\u1ef3 L\u1ee3i khu C Pou Sung <br \/>\n\u0110\u1ecba \u0111i\u1ec3m: KCN B\u00e0u X\u00e9o, Tr\u1ea3ng Bom, \u0110\u1ed3ng Nai<\/td><td class=\"column-3\">C\u00f4ng ty TNHH Pou Sung VN<\/td>\n<\/tr>\n<tr class=\"row-9\">\n\t<td class=\"column-1\">8<\/td><td class=\"column-2\">C\u00f4ng tr\u00ecnh: Nh\u00e0 x\u01b0\u1edfng A5<br \/>\n H\u1ea1ng m\u1ee5c: Thi\u1ebft k\u1ebf v\u00e0 xin ph\u00e9p t\u1ea7ng l\u1eedng nh\u00e0 x\u01b0\u1edfng A5<br \/>\n\u0110\u1ecba \u0111i\u1ec3m: KCN T\u00e2n H\u01b0\u01a1ng, Ch\u00e2u Th\u00e0nh, Ti\u1ec1n Giang<\/td><td class=\"column-3\">C\u00f4ng ty TNHH D\u1ee5 \u0110\u1ee9c VN<\/td>\n<\/tr>\n<tr class=\"row-10\">\n\t<td class=\"column-1\">9<\/td><td class=\"column-2\">C\u00f4ng tr\u00ecnh: Trung t\u00e2m t\u1eadp hu\u1ea5n A40 &amp; nh\u00e0 ngh\u1ec9 c\u00e1n b\u1ed9 A41<br \/>\n H\u1ea1ng m\u1ee5c: L\u1eadp h\u1ed3 s\u01a1 thi\u1ebft k\u1ebf k\u1ef9 thu\u1eadt, thi\u1ebft k\u1ebf trang tr\u00ed n\u1ed9i th\u1ea5t, t\u01b0 v\u1ea5n xin ph\u00e9p x\u00e2y d\u1ef1ng, xin ph\u00e9p ho\u00e0n c\u00f4ng c\u00f4ng tr\u00ecnh: trung t\u00e2m t\u1eadp hu\u1ea5n A40 v\u00e0 nh\u00e0 ngh\u1ec9 c\u00e1n b\u1ed9 A41 khu A <br \/>\n\u0110\u1ecba \u0111i\u1ec3m: KCN B\u00e0u X\u00e9o, Tr\u1ea3ng Bom, \u0110\u1ed3ng Nai<\/td><td class=\"column-3\">C\u00f4ng ty TNHH Pou Sung VN<\/td>\n<\/tr>\n<tr class=\"row-11\">\n\t<td class=\"column-1\">10<\/td><td class=\"column-2\">C\u00f4ng tr\u00ecnh: Nh\u00e0 x\u01b0\u1edfng khu C \u2013 K\u1ef3 L\u1ee3i<br \/>\n H\u1ea1ng m\u1ee5c: L\u1eadp h\u1ed3 s\u01a1 thi\u1ebft k\u1ebf k\u1ef9 thu\u1eadt, thi\u1ebft k\u1ebf trang tr\u00ed n\u1ed9i th\u1ea5t, t\u01b0 v\u1ea5n xin ph\u00e9p x\u00e2y d\u1ef1ng, xin ph\u00e9p ho\u00e0n c\u00f4ng <br \/>\n\u0110\u1ecba \u0111i\u1ec3m: KCN B\u00e0u X\u00e9o, Tr\u1ea3ng Bom, \u0110\u1ed3ng Nai<\/td><td class=\"column-3\">C\u00f4ng ty TNHH Pou Sung VN<\/td>\n<\/tr>\n<tr class=\"row-12\">\n\t<td class=\"column-1\">11<\/td><td class=\"column-2\">C\u00f4ng tr\u00ecnh: Nh\u00e0 x\u01b0\u1edfng Y4<br \/>\nC\u00f4ng tr\u00ecnh: Nh\u00e0 x\u01b0\u1edfng khu C<br \/>\n H\u1ea1ng m\u1ee5c: L\u1eadp h\u1ed3 s\u01a1 thi\u1ebft k\u1ebf k\u1ef9 thu\u1eadt, thi\u1ebft k\u1ebf trang tr\u00ed n\u1ed9i th\u1ea5t, t\u01b0 v\u1ea5n xin ph\u00e9p x\u00e2y d\u1ef1ng, xin ph\u00e9p ho\u00e0n c\u00f4ng c\u00f4ng tr\u00ecnh: Nh\u00e0 x\u01b0\u1edfng khu C D\u1ee5 \u0110\u1ee9c <br \/>\n\u0110\u1ecba \u0111i\u1ec3m: KCN T\u00e2n H\u01b0\u01a1ng, Ch\u00e2u Th\u00e0nh, Ti\u1ec1n Giang<\/td><td class=\"column-3\">C\u00f4ng ty TNHH D\u1ee5 \u0110\u1ee9c VN<\/td>\n<\/tr>\n<tr class=\"row-13\">\n\t<td class=\"column-1\">12<\/td><td class=\"column-2\">C\u00f4ng tr\u00ecnh: Nh\u00e0 x\u01b0\u1edfng Tech Mastery<br \/>\nH\u1ea1ng m\u1ee5c: Ki\u1ec3m \u0111\u1ecbnh \u0111\u00e1nh gi\u00e1 kh\u1ea3 n\u0103ng ch\u1ecbu l\u1ef1c c\u1ee7a k\u1ebft c\u1ea5u c\u00f4ng tr\u00ecnh<br \/>\n\u0110\u1ecba \u0111i\u1ec3m: L\u00f4 37, \u0110\u01b0\u1eddng Trung T\u00e2m, KCN T\u00e2n T\u1ea1o, Q.B\u00ecnh T\u00e2n , TPHCM<\/td><td class=\"column-3\">C\u00f4ng ty TNHH Tech Mastery Vi\u1ec7t Nam<\/td>\n<\/tr>\n<tr class=\"row-14\">\n\t<td class=\"column-1\">13<\/td><td class=\"column-2\">C\u00f4ng tr\u00ecnh: Tr\u01b0\u1eddng THCS H\u1eadu Giang<br \/>\nC\u00f4ng tr\u00ecnh: Nh\u00e0 x\u01b0\u1edfng M1-M2-J1-J2 H\u1ea1ng m\u1ee5c: L\u1eadp h\u1ed3 s\u01a1 thi\u1ebft k\u1ebf k\u1ef9 thu\u1eadt, thi\u1ebft k\u1ebf trang tr\u00ed n\u1ed9i th\u1ea5t, t\u01b0 v\u1ea5n xin ph\u00e9p x\u00e2y d\u1ef1ng, xin ph\u00e9p ho\u00e0n c\u00f4ng c\u00f4ng tr\u00ecnh.<br \/>\n\u0110\u1ecba \u0111i\u1ec3m: Ph\u01b0\u1eddng T\u00e2n T\u1ea1o, B\u00ecnh T\u00e2n<\/td><td class=\"column-3\">C\u00f4ng ty TNHH Pouyuen VN<\/td>\n<\/tr>\n<tr class=\"row-15\">\n\t<td class=\"column-1\">14<\/td><td class=\"column-2\">C\u00f4ng tr\u00ecnh: Nh\u00e0 x\u01b0\u1edfng C\u00f4ng ty Pou Hung<br \/>\n H\u1ea1ng m\u1ee5c:  L\u1eadp h\u1ed3 s\u01a1 thi\u1ebft k\u1ebf k\u1ef9 thu\u1eadt, thi\u1ebft k\u1ebf trang tr\u00ed n\u1ed9i th\u1ea5t, t\u01b0 v\u1ea5n xin ph\u00e9p x\u00e2y d\u1ef1ng, xin ph\u00e9p ho\u00e0n c\u00f4ng <br \/>\n\u0110\u1ecba \u0111i\u1ec3m: KCN Ch\u00e0 L\u00e0, D\u01b0\u01a1ng Minh Ch\u00e2u, T\u00e2y Ninh<\/td><td class=\"column-3\">C\u00f4ng ty TNHH Pou Hung VN<\/td>\n<\/tr>\n<tr class=\"row-16\">\n\t<td class=\"column-1\">15<\/td><td class=\"column-2\">C\u00f4ng tr\u00ecnh: Nh\u00e0 x\u01b0\u1edfng A6<br \/>\n H\u1ea1ng m\u1ee5c: Thi\u1ebft k\u1ebf gia c\u01b0\u1eddng k\u1ebft c\u1ea5u nh\u00e0 x\u01b0\u1edfng A6 t\u1ea7ng 2&amp; 3<br \/>\n\u0110\u1ecba \u0111i\u1ec3m: KCN T\u00e2n T\u1ea1o, B\u00ecnh T\u00e2n, TP.HCM<\/td><td class=\"column-3\">C\u00f4ng ty TNHH XD CK SX TM DV T\u00edn Ngh\u0129a \u0110\u1ee9c<\/td>\n<\/tr>\n<tr class=\"row-17\">\n\t<td class=\"column-1\">16<\/td><td class=\"column-2\">C\u00f4ng tr\u00ecnh: 23 nh\u00e0 x\u01b0\u1edfng: C1,  \u2026 C15, GC1, \u2026 GC3, W1, \u2026 W4, E<br \/>\nH\u1ea1ng m\u1ee5c: Kh\u1ea3o s\u00e1t ki\u1ec3m \u0111\u1ecbnh ch\u1ea5t l\u01b0\u1ee3ng v\u00e0 \u0111\u00e1nh gi\u00e1 an to\u00e0n k\u1ebft c\u1ea5u \u0111\u1ec3 ph\u1ee5c v\u1ee5 b\u1ea3o tr\u00ec<br \/>\n\u0110\u1ecba \u0111i\u1ec3m: KCN T\u00e2n H\u01b0\u01a1ng, X\u00e3 T\u00e2n H\u01b0\u01a1ng, Huy\u1ec7n Ch\u00e2u Th\u00e0nh, T\u1ec9nh Ti\u1ec1n Giang <\/td><td class=\"column-3\">C\u00f4ng ty TNHH D\u1ee5 \u0110\u1ee9c VN<\/td>\n<\/tr>\n<tr class=\"row-18\">\n\t<td class=\"column-1\"><\/td><td class=\"column-2\">V\u00e0 r\u1ea5t nhi\u1ec1u d\u1ef1 \u00e1n, c\u00f4ng tr\u00ecnh kh\u00e1c<\/td><td class=\"column-3\"><\/td>\n<\/tr>\n<\/tbody>\n<\/table>\n<!-- #tablepress-2 from cache -->\n","protected":false},"excerpt":{"rendered":"<p>T\u01af V\u1ea4N THI\u1ebeT K\u1ebe(Updating) C\u00d4NG TR\u00ccNH Ki\u1ec3m \u0111\u1ecbnh c\u00f4ng tr\u00ecnhT\u01b0 v\u1ea5n thi\u1ebft k\u1ebfTh\u1ea9m tra thi\u1ebft k\u1ebf v\u00e0 d\u1ef1 to\u00e1nThi c\u00f4ng c\u00f4ng tr\u00ecnhQu\u1ea3n l\u00fd d\u1ef1 \u00e1n v\u00e0 Gi\u00e1m s\u00e1t thi c\u00f4ngKh\u1ea3o s\u00e1t \u0111\u1ecba ch\u1ea5t v\u00e0 quan tr\u1eafc c\u00f4ng tr\u00ecnhTh\u00ed nghi\u1ec7m v\u1eadt li\u1ec7u x\u00e2y d\u1ef1ng C\u00c1C C\u00d4NG TR\u00ccNH \u0110\u00c3 THAM GIA TH\u1ef0C HI\u1ec6N<\/p>\n","protected":false},"author":1,"featured_media":0,"parent":441,"menu_order":1,"comment_status":"closed","ping_status":"closed","template":"","meta":{"neve_meta_sidebar":"","neve_meta_container":"","neve_meta_enable_content_width":"on","neve_meta_content_width":100,"neve_meta_title_alignment":"","neve_meta_author_avatar":"","neve_post_elements_order":"","neve_meta_disable_header":"","neve_meta_disable_footer":"","neve_meta_disable_title":"on","footnotes":""},"class_list":["post-504","page","type-page","status-publish","hentry"],"_links":{"self":[{"href":"https:\/\/huyhoangjsc.vn\/index.php?rest_route=\/wp\/v2\/pages\/504","targetHints":{"allow":["GET"]}}],"collection":[{"href":"https:\/\/huyhoangjsc.vn\/index.php?rest_route=\/wp\/v2\/pages"}],"about":[{"href":"https:\/\/huyhoangjsc.vn\/index.php?rest_route=\/wp\/v2\/types\/page"}],"author":[{"embeddable":true,"href":"https:\/\/huyhoangjsc.vn\/index.php?rest_route=\/wp\/v2\/users\/1"}],"replies":[{"embeddable":true,"href":"https:\/\/huyhoangjsc.vn\/index.php?rest_route=%2Fwp%2Fv2%2Fcomments&post=504"}],"version-history":[{"count":13,"href":"https:\/\/huyhoangjsc.vn\/index.php?rest_route=\/wp\/v2\/pages\/504\/revisions"}],"predecessor-version":[{"id":900,"href":"https:\/\/huyhoangjsc.vn\/index.php?rest_route=\/wp\/v2\/pages\/504\/revisions\/900"}],"up":[{"embeddable":true,"href":"https:\/\/huyhoangjsc.vn\/index.php?rest_route=\/wp\/v2\/pages\/441"}],"wp:attachment":[{"href":"https:\/\/huyhoangjsc.vn\/index.php?rest_route=%2Fwp%2Fv2%2Fmedia&parent=504"}],"curies":[{"name":"wp","href":"https:\/\/api.w.org\/{rel}","templated":true}]}}