{"id":506,"date":"2021-11-23T02:50:47","date_gmt":"2021-11-23T02:50:47","guid":{"rendered":"https:\/\/huyhoangjsc.vn\/?page_id=506"},"modified":"2021-12-27T07:11:32","modified_gmt":"2021-12-27T07:11:32","slug":"tham-tra-thiet-ke-va-du-toan","status":"publish","type":"page","link":"https:\/\/huyhoangjsc.vn\/?page_id=506","title":{"rendered":"Th\u1ea9m tra thi\u1ebft k\u1ebf v\u00e0 d\u1ef1  to\u00e1n"},"content":{"rendered":"<style>.wp-block-kadence-spacer.kt-block-spacer-_0d23b0-e7 .kt-block-spacer{height:10px;}.wp-block-kadence-spacer.kt-block-spacer-_0d23b0-e7 .kt-divider{border-top-width:2px;border-top-color:#eee;width:100%;border-top-style:solid;}<\/style>\n<div class=\"wp-block-kadence-spacer aligncenter kt-block-spacer-_0d23b0-e7\"><div class=\"kt-block-spacer kt-block-spacer-halign-center\" style=\"height:10px\"><hr class=\"kt-divider\" style=\"border-top-color:#eee;border-top-width:2px;width:100%;border-top-style:solid\"\/><\/div><\/div>\n\n\n\n<div class=\"wp-block-columns is-layout-flex wp-container-core-columns-is-layout-9d6595d7 wp-block-columns-is-layout-flex\">\n<div class=\"wp-block-column is-layout-flow wp-block-column-is-layout-flow\" style=\"flex-basis:66.66%\">\n<p class=\"has-text-align-center\" style=\"font-size:24px\"><br><strong>TH\u1ea8M TRA THI\u1ebeT K\u1ebe V\u00c0 D\u1ef0 TO\u00c1N<\/strong><br>(Updating)<\/p>\n\n\n\n<p class=\"has-normal-font-size\"><\/p>\n<\/div>\n\n\n\n<div class=\"wp-block-column is-layout-flow wp-block-column-is-layout-flow\" style=\"flex-basis:33.33%\">\n<p><\/p>\n\n\n\n<p class=\"has-normal-font-size\"><strong>C\u00d4NG TR\u00ccNH<\/strong><\/p>\n\n\n\n<p style=\"font-size:14px\"><strong><a href=\"https:\/\/huyhoangjsc.vn\/?page_id=353\"> <strong><\/strong><\/a><strong><a href=\"https:\/\/huyhoangjsc.vn\/?page_id=501\">Ki\u1ec3m \u0111\u1ecbnh c\u00f4ng tr\u00ecnh<\/a><br><a href=\"https:\/\/huyhoangjsc.vn\/?page_id=504\">T\u01b0 v\u1ea5n thi\u1ebft k\u1ebf<\/a><br><a href=\"https:\/\/huyhoangjsc.vn\/?page_id=506\">Th\u1ea9m tra thi\u1ebft k\u1ebf v\u00e0 d\u1ef1 to\u00e1n<\/a><br><a href=\"https:\/\/huyhoangjsc.vn\/?page_id=508\">Thi c\u00f4ng c\u00f4ng tr\u00ecnh<\/a><br><a href=\"https:\/\/huyhoangjsc.vn\/?page_id=510\">Qu\u1ea3n l\u00fd d\u1ef1 \u00e1n v\u00e0 Gi\u00e1m s\u00e1t thi c\u00f4ng<\/a><br><a href=\"https:\/\/huyhoangjsc.vn\/?page_id=512\">Kh\u1ea3o s\u00e1t \u0111\u1ecba ch\u1ea5t v\u00e0 quan tr\u1eafc c\u00f4ng tr\u00ecnh<\/a><br><a href=\"https:\/\/huyhoangjsc.vn\/?page_id=514\">Th\u00ed nghi\u1ec7m v\u1eadt li\u1ec7u x\u00e2y d\u1ef1ng<\/a><\/strong> <\/strong> <\/p>\n<\/div>\n<\/div>\n\n\n\n<p class=\"has-text-align-center has-medium-font-size\"><strong>C\u00c1C C\u00d4NG TR\u00ccNH \u0110\u00c3 THAM GIA TH\u1ef0C HI\u1ec6N<\/strong><\/p>\n\n\n\n<table id=\"tablepress-3\" class=\"tablepress tablepress-id-3\">\n<thead>\n<tr class=\"row-1\">\n\t<th class=\"column-1\"><strong>STT<\/strong><\/th><th class=\"column-2\"><strong>T\u00caN C\u00d4NG TR\u00ccNH V\u00c0 C\u00d4NG VI\u1ec6C TH\u1ef0C HI\u1ec6N<\/strong><\/th><th class=\"column-3\"><strong>CH\u1ee6 \u0110\u1ea6U T\u01af<\/strong><\/th>\n<\/tr>\n<\/thead>\n<tbody class=\"row-striping row-hover\">\n<tr class=\"row-2\">\n\t<td class=\"column-1\">1<\/td><td class=\"column-2\">C\u00f4ng tr\u00ecnh: Khu ch\u1ee9c n\u0103ng \u0111\u00f4 th\u1ecb TIMES CITY <br \/>\nH\u1ea1ng m\u1ee5c: Th\u1ea9m tra thi\u1ebft k\u1ebf thi c\u00f4ng m\u00e1i Polycacbonnate.<br \/>\n\u0110\u1ecba \u0111i\u1ec3m: Ph\u1ed1 Minh Khai, Ph\u01b0\u1eddng V\u0129nh T\u1ee5y, Qu\u1eadn Hai B\u00e0 Tr\u01b0ng, H\u00e0 N\u1ed9i.<\/td><td class=\"column-3\">C\u00f4ng ty TNHH Ho\u00e0ng Kim<\/td>\n<\/tr>\n<tr class=\"row-3\">\n\t<td class=\"column-1\">2<\/td><td class=\"column-2\">C\u00f4ng tr\u00ecnh: Tr\u1ee5 s\u1edf C\u00f4ng ty X\u1ed5 s\u1ed1 Ki\u1ebfn thi\u1ebft TP.HCM<br \/>\n H\u1ea1ng m\u1ee5c: Th\u1ea9m tra thi\u1ebft k\u1ebf thi c\u00f4ng V\u00e1ch k\u00ednh m\u1eb7t d\u1ef1ng.<br \/>\n\u0110\u1ecba \u0111i\u1ec3m: 77 Tr\u1ea7n Nh\u00e2n T\u00f4ng, Qu\u1eadn 5, TP.HCM<\/td><td class=\"column-3\">C\u00f4ng ty TNHH Ho\u00e0ng Kim<\/td>\n<\/tr>\n<tr class=\"row-4\">\n\t<td class=\"column-1\">3<\/td><td class=\"column-2\">C\u00f4ng tr\u00ecnh: Tr\u1ee5 s\u1edf C\u00f4ng ty X\u1ed5 s\u1ed1 Ki\u1ebfn thi\u1ebft TP.HCM<br \/>\n H\u1ea1ng m\u1ee5c: Th\u1ea9m tra thi\u1ebft k\u1ebf thi c\u00f4ngV\u00e1ch k\u00ednh DVK2 &amp; DVK4 \u2013 keo silicone.<br \/>\n\u0110\u1ecba \u0111i\u1ec3m: 77 Tr\u1ea7n Nh\u00e2n T\u00f4ng, Qu\u1eadn 5, TP.HCM<\/td><td class=\"column-3\">C\u00f4ng ty TNHH Ho\u00e0ng Kim<\/td>\n<\/tr>\n<tr class=\"row-5\">\n\t<td class=\"column-1\">4<\/td><td class=\"column-2\">C\u00f4ng tr\u00ecnh: Kh\u00e1ch s\u1ea1n Ph\u01b0\u01a1ng B\u1eafc 2<br \/>\n H\u1ea1ng m\u1ee5c: Th\u1ea9m tra thi\u1ebft k\u1ebf thi c\u00f4ng V\u00e1ch k\u00ednh khung nh\u00f4m.<br \/>\n\u0110\u1ecba \u0111i\u1ec3m: L\u00f4 1-2-3 khu B2-2 \u0111\u01b0\u1eddng 3\/2, Ph\u01b0\u1eddng Thu\u1eadn Ph\u01b0\u1edbc, Qu\u1eadn H\u1ea3i Ch\u00e2u, TP. \u0110\u00e0 N\u1eb5ng<\/td><td class=\"column-3\">C\u00f4ng ty TNHH Ho\u00e0ng Kim<\/td>\n<\/tr>\n<tr class=\"row-6\">\n\t<td class=\"column-1\">5<\/td><td class=\"column-2\">C\u00f4ng tr\u00ecnh: Nh\u00e0 x\u01b0\u1edfng K8, K9 <br \/>\n H\u1ea1ng m\u1ee5c: Th\u1ea9m tra b\u1ea3n v\u1ebd thi\u1ebft k\u1ebf k\u1ef9 thu\u1eadt c\u00f4ng tr\u00ecnh n\u00e2ng t\u1ea7ng 4F nh\u00e0 x\u01b0\u1edfng K8, K9<br \/>\n\u0110\u1ecba \u0111i\u1ec3m: KCN T\u00e2n T\u1ea1o, Ph\u01b0\u1eddng T\u00e2n T\u1ea1o, Qu\u1eadn B\u00ecnh Ch\u00e1nh, TP.HCM<\/td><td class=\"column-3\">C\u00f4ng ty TNHH Pouyuen Vi\u1ec7t Nam<\/td>\n<\/tr>\n<tr class=\"row-7\">\n\t<td class=\"column-1\">6<\/td><td class=\"column-2\">C\u00f4ng tr\u00ecnh: Nh\u00e0 x\u01b0\u1edfng L\u00f4 A-5B1-CN KCN M\u1ef9 Ph\u01b0\u1edbc 3<br \/>\n H\u1ea1ng m\u1ee5c: Th\u1ea9m tra thi\u1ebft k\u1ebf k\u1ebft c\u1ea5u th\u00e9p <br \/>\n\u0110\u1ecba \u0111i\u1ec3m: KCN M\u1ef9 Ph\u01b0\u1edbc 3, Huy\u1ec7n B\u1ebfn C\u00e1t, T\u1ec9nh B\u00ecnh D\u01b0\u01a1ng<br \/>\nC\u00f4ng ty TNHH X\u00e2y d\u1ef1ng DELTA<br \/>\n<\/td><td class=\"column-3\">C\u00f4ng ty TNHH X\u00e2y d\u1ef1ng DELTA<\/td>\n<\/tr>\n<tr class=\"row-8\">\n\t<td class=\"column-1\">7<\/td><td class=\"column-2\">C\u00f4ng tr\u00ecnh: Vista Verde - \u0111\u01b0\u1eddng \u0110\u1ed3ng V\u0103n C\u1ed1ng- Qu\u1eadn 2.<br \/>\n H\u1ea1ng m\u1ee5c: Th\u1ea9m tra thi\u1ebft k\u1ebf thi c\u00f4ng v\u00e1ch k\u00ednh khung nh\u00f4m <br \/>\n\u0110\u1ecba \u0111i\u1ec3m: \u0111\u01b0\u1eddng \u0110\u1ed3ng V\u0103n C\u1ed1ng, Qu\u1eadn 2, TP.HCM<\/td><td class=\"column-3\">C\u00f4ng ty TNHH C\u01a1 Kh\u00ed X\u00e2y d\u1ef1ng Trung Hi\u1ebfu<\/td>\n<\/tr>\n<tr class=\"row-9\">\n\t<td class=\"column-1\">8<\/td><td class=\"column-2\">C\u00f4ng tr\u00ecnh: Tr\u1ee5 S\u1edf \u0110\u1ea5t Xanh Mi\u1ec1n Trung.<br \/>\n H\u1ea1ng m\u1ee5c Th\u1ea9m tra thi\u1ebft k\u1ebf h\u1ec7 v\u00e1ch khung nh\u00f4m, m\u00e1i k\u00ednh.<br \/>\n\u0110\u1ecba \u0111i\u1ec3m: TP. \u0110\u00e0 N\u1eb5ng<\/td><td class=\"column-3\">C\u00f4ng ty C\u1ed5 ph\u1ea7n TID Mi\u1ec1n Nam<\/td>\n<\/tr>\n<tr class=\"row-10\">\n\t<td class=\"column-1\">9<\/td><td class=\"column-2\">C\u00f4ng tr\u00ecnh: C\u1eeda h\u00e0ng b\u00e1n s\u1ea3n ph\u1ea9m<br \/>\n H\u1ea1ng m\u1ee5c: Th\u1ea9m tra thi\u1ebft k\u1ebf b\u1ea3n v\u1ebd thi c\u00f4ng.<br \/>\n\u0110\u1ecba \u0111i\u1ec3m: S\u1ed1 972 \u2013 974 \u0111\u01b0\u1eddng 3-2, Ph\u01b0\u1eddng 12, Qu\u1eadn 11, TP.HCM<\/td><td class=\"column-3\">C\u00f4ng ty C\u1ed5 ph\u1ea7n K\u1ef9 ngh\u1ec7 Vi\u1ec7t Nam S\u00fac S\u1ea3n (VISSAN)<\/td>\n<\/tr>\n<tr class=\"row-11\">\n\t<td class=\"column-1\">10<\/td><td class=\"column-2\">C\u00f4ng tr\u00ecnh m\u1edf r\u1ed9ng Nh\u00e0 th\u1edd \u0110\u1ee9c m\u1eb9 V\u00f4 Nhi\u1ec5m.<br \/>\nH\u1ea1ng m\u1ee5c: T\u01b0 v\u1ea5n th\u1ea9m tra thi\u1ebft k\u1ebf b\u1ea3n v\u1ebd thi c\u00f4ng x\u00e2y d\u1ef1ng<br \/>\n\u0110\u1ecba \u0111i\u1ec3m: 4B Ho\u00e0ng Hoa Th\u00e1m, Ph\u01b0\u1eddng 7, Qu\u1eadn B\u00ecnh Th\u1ea1nh<\/td><td class=\"column-3\">Nh\u00e0 th\u1edd V\u00f4 Nhi\u1ec5m<\/td>\n<\/tr>\n<tr class=\"row-12\">\n\t<td class=\"column-1\">11<\/td><td class=\"column-2\">C\u00f4ng tr\u00ecnh l\u00f4 T2 \u2013 1.5, \u0111\u01b0\u1eddng D1, KCN cao, P. T\u00e2n ph\u00fa v\u00e0 P. T\u0103ng Nh\u01a1n Ph\u00fa A, Qu\u1eadn 9, TP.HCM<br \/>\n H\u1ea1ng m\u1ee5c: T\u01b0 v\u1ea5n th\u1ea9m tra t\u00ednh to\u00e1n k\u1ebft c\u1ea5u ch\u1ecbu l\u1ef1c c\u1ee7a lam nh\u00f4m; <br \/>\n\u0110\u1ecba \u0111i\u1ec3m: l\u00f4 T2 \u2013 1.5, \u0111\u01b0\u1eddng D1, KCN cao, P. T\u00e2n ph\u00fa v\u00e0 P. T\u0103ng Nh\u01a1n Ph\u00fa A, Qu\u1eadn 9, TP.HCM<\/td><td class=\"column-3\">C\u00f4ng ty TNHH PT Window<\/td>\n<\/tr>\n<tr class=\"row-13\">\n\t<td class=\"column-1\">12<\/td><td class=\"column-2\">C\u00f4ng tr\u00ecnh: Nh\u00e0 v\u0103n ph\u00f2ng D1-C2<br \/>\nH\u1ea1ng m\u1ee5c: th\u1ea9m tra thi\u1ebft k\u1ebf b\u1ea3n v\u1ebd thi c\u00f4ng<br \/>\n\u0110\u1ecba \u0111i\u1ec3m: KCN T\u00e2n T\u1ea1o, Ph\u01b0\u1eddng T\u00e2n T\u1ea1o, Qu\u1eadn B\u00ecnh Ch\u00e1nh, TP.HCM<\/td><td class=\"column-3\">C\u00f4ng ty TNHH CK TM &amp; XD T\u00e2n T\u00edn \u0110\u1ee9c<\/td>\n<\/tr>\n<tr class=\"row-14\">\n\t<td class=\"column-1\">13<\/td><td class=\"column-2\">C\u00f4ng tr\u00ecnh: Nh\u00e0 x\u01b0\u1edfng- nh\u00e0 \u0103n- nh\u00e0 \u0111i\u1ec7n- khu x\u1eed l\u00fd n\u01b0\u1edbc th\u1ea3i nh\u00e0 x\u01b0\u1edfng A1, B1<br \/>\nH\u1ea1ng m\u1ee5c:Th\u1ea9m tra h\u1ed3 s\u01a1 thi\u1ebft k\u1ebf c\u00f4ng tr\u00ecnh: nh\u00e0 x\u01b0\u1edfng- nh\u00e0 \u0103n- nh\u00e0 \u0111i\u1ec7n- khu x\u1eed l\u00fd n\u01b0\u1edbc th\u1ea3i nh\u00e0 x\u01b0\u1edfng A1, B1,\u2026.<br \/>\n\u0110\u1ecba \u0111i\u1ec3m: KCN Ch\u00e0 L\u00e0, X\u00e3 Ch\u00e0 L\u00e0, Huy\u1ec7n D\u01b0\u01a1ng Minh Ch\u00e2u, T\u1ec9nh T\u00e2y Ninh<\/td><td class=\"column-3\">C\u00f4ng ty TNHH TM DV XD \u0110\u1ec9nh Cao<\/td>\n<\/tr>\n<tr class=\"row-15\">\n\t<td class=\"column-1\">14<\/td><td class=\"column-2\">C\u00f4ng tr\u00ecnh: Nh\u00e0 ngh\u1ec9 c\u00e1n b\u1ed9 N<br \/>\nH\u1ea1ng m\u1ee5c:Th\u1ea9m tra h\u1ed3 s\u01a1 thi\u1ebft k\u1ebf n\u00e2ng t\u1ea7ng <br \/>\n\u0110\u1ecba \u0111i\u1ec3m: KCN Ch\u00e0 L\u00e0, X\u00e3 Ch\u00e0 L\u00e0, Huy\u1ec7n D\u01b0\u01a1ng Minh Ch\u00e2u, T\u1ec9nh T\u00e2y Ninh<\/td><td class=\"column-3\">C\u00f4ng ty TNHH Pou Hung VN<\/td>\n<\/tr>\n<tr class=\"row-16\">\n\t<td class=\"column-1\">15<\/td><td class=\"column-2\">C\u00f4ng tr\u00ecnh: Nh\u00e0 m\u00e1y s\u1ea3n xu\u1ea5t T\u00e2n Th\u00e0nh H\u00f2a Long An<br \/>\nH\u1ea1ng m\u1ee5c: Th\u1ea9m tra thi\u1ebft k\u1ebf xin ph\u00e9p v\u00e0 thi c\u00f4ng c\u00f4ng tr\u00ecnh<br \/>\n\u0110\u1ecba \u0111i\u1ec3m: L\u00f4 B1, \u0111\u01b0\u1eddng s\u1ed1 6, KCN Long H\u1eadu, H\u00f2a B\u00ecnh, Th\u1ee7 Th\u1eeba, Long An<\/td><td class=\"column-3\">C\u00f4ng ty C\u1ed5 ph\u1ea7n \u0110\u1ea7u t\u01b0 v\u00e0 X\u00e2y d\u1ef1ng Th\u0103ng Long \u2013 Long An<\/td>\n<\/tr>\n<tr class=\"row-17\">\n\t<td class=\"column-1\"><\/td><td class=\"column-2\">V\u00e0 r\u1ea5t nhi\u1ec1u d\u1ef1 \u00e1n, c\u00f4ng tr\u00ecnh kh\u00e1c<\/td><td class=\"column-3\"><\/td>\n<\/tr>\n<\/tbody>\n<\/table>\n<!-- #tablepress-3 from cache -->\n","protected":false},"excerpt":{"rendered":"<p>TH\u1ea8M TRA THI\u1ebeT K\u1ebe V\u00c0 D\u1ef0 TO\u00c1N(Updating) C\u00d4NG TR\u00ccNH Ki\u1ec3m \u0111\u1ecbnh c\u00f4ng tr\u00ecnhT\u01b0 v\u1ea5n thi\u1ebft k\u1ebfTh\u1ea9m tra thi\u1ebft k\u1ebf v\u00e0 d\u1ef1 to\u00e1nThi c\u00f4ng c\u00f4ng tr\u00ecnhQu\u1ea3n l\u00fd d\u1ef1 \u00e1n v\u00e0 Gi\u00e1m s\u00e1t thi c\u00f4ngKh\u1ea3o s\u00e1t \u0111\u1ecba ch\u1ea5t v\u00e0 quan tr\u1eafc c\u00f4ng tr\u00ecnhTh\u00ed nghi\u1ec7m v\u1eadt li\u1ec7u x\u00e2y d\u1ef1ng C\u00c1C C\u00d4NG TR\u00ccNH \u0110\u00c3 THAM GIA TH\u1ef0C HI\u1ec6N<\/p>\n","protected":false},"author":1,"featured_media":0,"parent":441,"menu_order":2,"comment_status":"closed","ping_status":"closed","template":"","meta":{"neve_meta_sidebar":"","neve_meta_container":"","neve_meta_enable_content_width":"on","neve_meta_content_width":100,"neve_meta_title_alignment":"","neve_meta_author_avatar":"","neve_post_elements_order":"","neve_meta_disable_header":"","neve_meta_disable_footer":"","neve_meta_disable_title":"on","footnotes":""},"class_list":["post-506","page","type-page","status-publish","hentry"],"_links":{"self":[{"href":"https:\/\/huyhoangjsc.vn\/index.php?rest_route=\/wp\/v2\/pages\/506","targetHints":{"allow":["GET"]}}],"collection":[{"href":"https:\/\/huyhoangjsc.vn\/index.php?rest_route=\/wp\/v2\/pages"}],"about":[{"href":"https:\/\/huyhoangjsc.vn\/index.php?rest_route=\/wp\/v2\/types\/page"}],"author":[{"embeddable":true,"href":"https:\/\/huyhoangjsc.vn\/index.php?rest_route=\/wp\/v2\/users\/1"}],"replies":[{"embeddable":true,"href":"https:\/\/huyhoangjsc.vn\/index.php?rest_route=%2Fwp%2Fv2%2Fcomments&post=506"}],"version-history":[{"count":9,"href":"https:\/\/huyhoangjsc.vn\/index.php?rest_route=\/wp\/v2\/pages\/506\/revisions"}],"predecessor-version":[{"id":901,"href":"https:\/\/huyhoangjsc.vn\/index.php?rest_route=\/wp\/v2\/pages\/506\/revisions\/901"}],"up":[{"embeddable":true,"href":"https:\/\/huyhoangjsc.vn\/index.php?rest_route=\/wp\/v2\/pages\/441"}],"wp:attachment":[{"href":"https:\/\/huyhoangjsc.vn\/index.php?rest_route=%2Fwp%2Fv2%2Fmedia&parent=506"}],"curies":[{"name":"wp","href":"https:\/\/api.w.org\/{rel}","templated":true}]}}