{"id":508,"date":"2021-11-23T03:03:26","date_gmt":"2021-11-23T03:03:26","guid":{"rendered":"https:\/\/huyhoangjsc.vn\/?page_id=508"},"modified":"2021-12-27T07:11:54","modified_gmt":"2021-12-27T07:11:54","slug":"thi-cong-cong-trinh","status":"publish","type":"page","link":"https:\/\/huyhoangjsc.vn\/?page_id=508","title":{"rendered":"Thi c\u00f4ng c\u00f4ng tr\u00ecnh"},"content":{"rendered":"<style>.wp-block-kadence-spacer.kt-block-spacer-_0d23b0-e7 .kt-block-spacer{height:10px;}.wp-block-kadence-spacer.kt-block-spacer-_0d23b0-e7 .kt-divider{border-top-width:2px;border-top-color:#eee;width:100%;border-top-style:solid;}<\/style>\n<div class=\"wp-block-kadence-spacer aligncenter kt-block-spacer-_0d23b0-e7\"><div class=\"kt-block-spacer kt-block-spacer-halign-center\" style=\"height:10px\"><hr class=\"kt-divider\" style=\"border-top-color:#eee;border-top-width:2px;width:100%;border-top-style:solid\"\/><\/div><\/div>\n\n\n\n<div class=\"wp-block-columns is-layout-flex wp-container-core-columns-is-layout-9d6595d7 wp-block-columns-is-layout-flex\">\n<div class=\"wp-block-column is-layout-flow wp-block-column-is-layout-flow\" style=\"flex-basis:66.66%\">\n<p class=\"has-text-align-center\" style=\"font-size:24px\"><br><strong>THI C\u00d4NG C\u00d4NG TR\u00ccNH<\/strong><\/p>\n\n\n<ul class=\"wp-block-latest-posts__list is-grid columns-2 aligncenter wp-block-latest-posts\"><li><div class=\"wp-block-latest-posts__featured-image aligncenter\"><a href=\"https:\/\/huyhoangjsc.vn\/?p=887\" aria-label=\"THI C\u00d4NG H\u00c0NG R\u00c0O KHU C\u00d4NG NGHI\u1ec6P T\u00c2N T\u1ea0O\"><img loading=\"lazy\" decoding=\"async\" width=\"300\" height=\"199\" src=\"https:\/\/huyhoangjsc.vn\/wp-content\/uploads\/2021\/12\/thi-cong-hang-rao-kcn-Tan-Tao-300x199.jpg\" class=\"attachment-medium size-medium wp-post-image\" alt=\"\" style=\"\" srcset=\"https:\/\/huyhoangjsc.vn\/wp-content\/uploads\/2021\/12\/thi-cong-hang-rao-kcn-Tan-Tao-300x199.jpg 300w, https:\/\/huyhoangjsc.vn\/wp-content\/uploads\/2021\/12\/thi-cong-hang-rao-kcn-Tan-Tao-768x510.jpg 768w, https:\/\/huyhoangjsc.vn\/wp-content\/uploads\/2021\/12\/thi-cong-hang-rao-kcn-Tan-Tao-930x620.jpg 930w, https:\/\/huyhoangjsc.vn\/wp-content\/uploads\/2021\/12\/thi-cong-hang-rao-kcn-Tan-Tao.jpg 1024w\" sizes=\"auto, (max-width: 300px) 100vw, 300px\" \/><\/a><\/div><a class=\"wp-block-latest-posts__post-title\" href=\"https:\/\/huyhoangjsc.vn\/?p=887\">THI C\u00d4NG H\u00c0NG R\u00c0O KHU C\u00d4NG NGHI\u1ec6P T\u00c2N T\u1ea0O<\/a><\/li>\n<li><div class=\"wp-block-latest-posts__featured-image aligncenter\"><a href=\"https:\/\/huyhoangjsc.vn\/?p=882\" aria-label=\"THI C\u00d4NG GIA C\u01af\u1edcNG S\u1ee2I CARBON NH\u00c0 CS1  &#8211; POUSUNG\"><img loading=\"lazy\" decoding=\"async\" width=\"300\" height=\"199\" src=\"https:\/\/huyhoangjsc.vn\/wp-content\/uploads\/2021\/12\/nha-CS1-gia-cuong-carbon-300x199.jpg\" class=\"attachment-medium size-medium wp-post-image\" alt=\"\" style=\"\" srcset=\"https:\/\/huyhoangjsc.vn\/wp-content\/uploads\/2021\/12\/nha-CS1-gia-cuong-carbon-300x199.jpg 300w, https:\/\/huyhoangjsc.vn\/wp-content\/uploads\/2021\/12\/nha-CS1-gia-cuong-carbon-768x510.jpg 768w, https:\/\/huyhoangjsc.vn\/wp-content\/uploads\/2021\/12\/nha-CS1-gia-cuong-carbon-930x620.jpg 930w, https:\/\/huyhoangjsc.vn\/wp-content\/uploads\/2021\/12\/nha-CS1-gia-cuong-carbon.jpg 1024w\" sizes=\"auto, (max-width: 300px) 100vw, 300px\" \/><\/a><\/div><a class=\"wp-block-latest-posts__post-title\" href=\"https:\/\/huyhoangjsc.vn\/?p=882\">THI C\u00d4NG GIA C\u01af\u1edcNG S\u1ee2I CARBON NH\u00c0 CS1  &#8211; POUSUNG<\/a><\/li>\n<li><div class=\"wp-block-latest-posts__featured-image aligncenter\"><a href=\"https:\/\/huyhoangjsc.vn\/?p=880\" aria-label=\"THI C\u00d4NG C\u1ea2I T\u1eccA N\u1ed8I TH\u1ea4T V\u0102N PH\u00d2NG B2 &#8211; D\u1ee4 \u0110\u1ee8C\"><img loading=\"lazy\" decoding=\"async\" width=\"300\" height=\"199\" src=\"https:\/\/huyhoangjsc.vn\/wp-content\/uploads\/2021\/12\/Nha-van-Phong-B2-Du-Duc-300x199.png\" class=\"attachment-medium size-medium wp-post-image\" alt=\"\" style=\"\" srcset=\"https:\/\/huyhoangjsc.vn\/wp-content\/uploads\/2021\/12\/Nha-van-Phong-B2-Du-Duc-300x199.png 300w, https:\/\/huyhoangjsc.vn\/wp-content\/uploads\/2021\/12\/Nha-van-Phong-B2-Du-Duc-768x510.png 768w, https:\/\/huyhoangjsc.vn\/wp-content\/uploads\/2021\/12\/Nha-van-Phong-B2-Du-Duc-930x620.png 930w, https:\/\/huyhoangjsc.vn\/wp-content\/uploads\/2021\/12\/Nha-van-Phong-B2-Du-Duc.png 1024w\" sizes=\"auto, (max-width: 300px) 100vw, 300px\" \/><\/a><\/div><a class=\"wp-block-latest-posts__post-title\" href=\"https:\/\/huyhoangjsc.vn\/?p=880\">THI C\u00d4NG C\u1ea2I T\u1eccA N\u1ed8I TH\u1ea4T V\u0102N PH\u00d2NG B2 &#8211; D\u1ee4 \u0110\u1ee8C<\/a><\/li>\n<li><div class=\"wp-block-latest-posts__featured-image aligncenter\"><a href=\"https:\/\/huyhoangjsc.vn\/?p=877\" aria-label=\"THI C\u00d4NG NH\u00c0 A1 &#8211; POUHUNG\"><img loading=\"lazy\" decoding=\"async\" width=\"300\" height=\"199\" src=\"https:\/\/huyhoangjsc.vn\/wp-content\/uploads\/2021\/12\/nha-A1-Pouhung-300x199.jpg\" class=\"attachment-medium size-medium wp-post-image\" alt=\"\" style=\"\" srcset=\"https:\/\/huyhoangjsc.vn\/wp-content\/uploads\/2021\/12\/nha-A1-Pouhung-300x199.jpg 300w, https:\/\/huyhoangjsc.vn\/wp-content\/uploads\/2021\/12\/nha-A1-Pouhung-768x510.jpg 768w, https:\/\/huyhoangjsc.vn\/wp-content\/uploads\/2021\/12\/nha-A1-Pouhung-930x620.jpg 930w, https:\/\/huyhoangjsc.vn\/wp-content\/uploads\/2021\/12\/nha-A1-Pouhung.jpg 1024w\" sizes=\"auto, (max-width: 300px) 100vw, 300px\" \/><\/a><\/div><a class=\"wp-block-latest-posts__post-title\" href=\"https:\/\/huyhoangjsc.vn\/?p=877\">THI C\u00d4NG NH\u00c0 A1 &#8211; POUHUNG<\/a><\/li>\n<li><div class=\"wp-block-latest-posts__featured-image aligncenter\"><a href=\"https:\/\/huyhoangjsc.vn\/?p=874\" aria-label=\"THI C\u00d4NG H\u1ed2 N\u01af\u1edaC NG\u1ea6M &#8211; POUHUNG\"><img loading=\"lazy\" decoding=\"async\" width=\"300\" height=\"199\" src=\"https:\/\/huyhoangjsc.vn\/wp-content\/uploads\/2021\/12\/Ho-nuoc-ngam-POUhung-300x199.jpg\" class=\"attachment-medium size-medium wp-post-image\" alt=\"\" style=\"\" srcset=\"https:\/\/huyhoangjsc.vn\/wp-content\/uploads\/2021\/12\/Ho-nuoc-ngam-POUhung-300x199.jpg 300w, https:\/\/huyhoangjsc.vn\/wp-content\/uploads\/2021\/12\/Ho-nuoc-ngam-POUhung-768x510.jpg 768w, https:\/\/huyhoangjsc.vn\/wp-content\/uploads\/2021\/12\/Ho-nuoc-ngam-POUhung-930x620.jpg 930w, https:\/\/huyhoangjsc.vn\/wp-content\/uploads\/2021\/12\/Ho-nuoc-ngam-POUhung.jpg 1024w\" sizes=\"auto, (max-width: 300px) 100vw, 300px\" \/><\/a><\/div><a class=\"wp-block-latest-posts__post-title\" href=\"https:\/\/huyhoangjsc.vn\/?p=874\">THI C\u00d4NG H\u1ed2 N\u01af\u1edaC NG\u1ea6M &#8211; POUHUNG<\/a><\/li>\n<\/ul><\/div>\n\n\n\n<div class=\"wp-block-column is-layout-flow wp-block-column-is-layout-flow\" style=\"flex-basis:33.33%\">\n<p><\/p>\n\n\n\n<p class=\"has-normal-font-size\"><strong>C\u00d4NG TR\u00ccNH<\/strong><\/p>\n\n\n\n<p style=\"font-size:14px\"> <strong><a href=\"https:\/\/huyhoangjsc.vn\/?page_id=501\">Ki\u1ec3m \u0111\u1ecbnh c\u00f4ng tr\u00ecnh<\/a><br><a href=\"https:\/\/huyhoangjsc.vn\/?page_id=504\">T\u01b0 v\u1ea5n thi\u1ebft k\u1ebf<\/a><br><a href=\"https:\/\/huyhoangjsc.vn\/?page_id=506\">Th\u1ea9m tra thi\u1ebft k\u1ebf v\u00e0 d\u1ef1 to\u00e1n<\/a><br><a href=\"https:\/\/huyhoangjsc.vn\/?page_id=508\">Thi c\u00f4ng c\u00f4ng tr\u00ecnh<\/a><br><a href=\"https:\/\/huyhoangjsc.vn\/?page_id=510\">Qu\u1ea3n l\u00fd d\u1ef1 \u00e1n v\u00e0 Gi\u00e1m s\u00e1t thi c\u00f4ng<\/a><br><a href=\"https:\/\/huyhoangjsc.vn\/?page_id=512\">Kh\u1ea3o s\u00e1t \u0111\u1ecba ch\u1ea5t v\u00e0 quan tr\u1eafc c\u00f4ng tr\u00ecnh<\/a><br><a href=\"https:\/\/huyhoangjsc.vn\/?page_id=514\">Th\u00ed nghi\u1ec7m v\u1eadt li\u1ec7u x\u00e2y d\u1ef1ng<\/a><\/strong> <\/p>\n<\/div>\n<\/div>\n\n\n\n<p class=\"has-text-align-center has-medium-font-size\"><strong>C\u00c1C C\u00d4NG TR\u00ccNH \u0110\u00c3 THAM GIA TH\u1ef0C HI\u1ec6N<\/strong><\/p>\n\n\n\n<table id=\"tablepress-4\" class=\"tablepress tablepress-id-4\">\n<thead>\n<tr class=\"row-1\">\n\t<th class=\"column-1\"><strong>STT<\/strong><\/th><th class=\"column-2\"><strong>T\u00caN C\u00d4NG TR\u00ccNH V\u00c0 C\u00d4NG VI\u1ec6C TH\u1ef0C HI\u1ec6N<\/strong><\/th><th class=\"column-3\"><strong>CH\u1ee6 \u0110\u1ea6U T\u01af<\/strong><\/th>\n<\/tr>\n<\/thead>\n<tbody class=\"row-striping row-hover\">\n<tr class=\"row-2\">\n\t<td class=\"column-1\">1<\/td><td class=\"column-2\">C\u00f4ng tr\u00ecnh: Nh\u00e0 x\u01b0\u1edfng A5<br \/>\nH\u1ea1ng m\u1ee5c: Thi c\u00f4ng ch\u1ed1ng n\u1ee9t <br \/>\n \u0110\u1ecba \u0111i\u1ec3m: KCN T\u00e2n H\u01b0\u01a1ng, Huy\u1ec7n Ch\u00e2u Th\u00e0nh, T\u1ec9nh Ti\u1ec1n Giang<\/td><td class=\"column-3\">C\u00f4ng ty TNHH D\u1ee5 \u0110\u1ee9c VN<\/td>\n<\/tr>\n<tr class=\"row-3\">\n\t<td class=\"column-1\">2<\/td><td class=\"column-2\">C\u00f4ng tr\u00ecnh: Nh\u00e0 v\u0103n ph\u00f2ng B2<br \/>\nH\u1ea1ng m\u1ee5c: Thi c\u00f4ng s\u1eefa ch\u1eefa c\u1ea3i t\u1ea1o n\u1ed9i th\u1ea5t v\u0103n ph\u00f2ng l\u00e0m vi\u1ec7c. <br \/>\n\u0110\u1ecba \u0111i\u1ec3m: KCN T\u00e2n H\u01b0\u01a1ng, Huy\u1ec7n Ch\u00e2u Th\u00e0nh, T\u1ec9nh Ti\u1ec1n Giang<\/td><td class=\"column-3\">C\u00f4ng ty TNHH D\u1ee5 \u0110\u1ee9c VN<\/td>\n<\/tr>\n<tr class=\"row-4\">\n\t<td class=\"column-1\">3<\/td><td class=\"column-2\">C\u00f4ng tr\u00ecnh: K\u00fd t\u00fac x\u00e1 B3<br \/>\nH\u1ea1ng m\u1ee5c: Thi c\u00f4ng ch\u1ed1ng n\u1ee9t <br \/>\n\u0110\u1ecba \u0111i\u1ec3m: KCN T\u00e2n H\u01b0\u01a1ng, Huy\u1ec7n Ch\u00e2u Th\u00e0nh, T\u1ec9nh Ti\u1ec1n Giang<\/td><td class=\"column-3\">C\u00f4ng ty TNHH D\u1ee5 \u0110\u1ee9c VN<\/td>\n<\/tr>\n<tr class=\"row-5\">\n\t<td class=\"column-1\">4<\/td><td class=\"column-2\">C\u00f4ng tr\u00ecnh: Nh\u00e0 x\u01b0\u1edfng A1<br \/>\nH\u1ea1ng m\u1ee5c: Thi c\u00f4ng m\u00e1i che. <br \/>\n\u0110\u1ecba \u0111i\u1ec3m: KCN T\u00e2n H\u01b0\u01a1ng, Huy\u1ec7n Ch\u00e2u Th\u00e0nh, T\u1ec9nh Ti\u1ec1n Giang<\/td><td class=\"column-3\">C\u00f4ng ty TNHH D\u1ee5 \u0110\u1ee9c VN<\/td>\n<\/tr>\n<tr class=\"row-6\">\n\t<td class=\"column-1\">5<\/td><td class=\"column-2\">C\u00f4ng tr\u00ecnh: Nh\u00e0 \u0103n A6<br \/>\nH\u1ea1ng m\u1ee5c: Thi c\u00f4ng V\u00e1ch Ch\u1ed1ng ch\u00e1y <br \/>\n\u0110\u1ecba \u0111i\u1ec3m: KCN T\u00e2n H\u01b0\u01a1ng, Huy\u1ec7n Ch\u00e2u Th\u00e0nh, T\u1ec9nh Ti\u1ec1n Giang<\/td><td class=\"column-3\">C\u00f4ng ty TNHH D\u1ee5 \u0110\u1ee9c VN<\/td>\n<\/tr>\n<tr class=\"row-7\">\n\t<td class=\"column-1\">6<\/td><td class=\"column-2\">C\u00f4ng tr\u00ecnh: Nh\u00e0 x\u01b0\u1edfng K4B<br \/>\nH\u1ea1ng m\u1ee5c: Thi c\u00f4ng t\u01b0\u1eddng ch\u1ed1ng ch\u00e1y v\u00e0 l\u1edbp c\u00e1ch nhi\u1ec7t m\u00e1i nh\u00e0 K4B<br \/>\n\u0110\u1ecba \u0111i\u1ec3m: KCN T\u00e2n T\u1ea1o, Qu\u1eadn B\u00ecnh T\u00e2n, TP.HCM<\/td><td class=\"column-3\">C\u00f4ng ty TNHH Pouyuen Vi\u1ec7t Nam<\/td>\n<\/tr>\n<tr class=\"row-8\">\n\t<td class=\"column-1\">7<\/td><td class=\"column-2\">C\u00f4ng tr\u00ecnh: nh\u00e0 v\u0103n ph\u00f2ng B2<br \/>\nH\u1ea1ng m\u1ee5c: Thi c\u00f4ng c\u1eeda ch\u1ed1ng ch\u00e1y B2\/1F, 2F, 3F<br \/>\n\u0110\u1ecba \u0111i\u1ec3m: KCN T\u00e2n H\u01b0\u01a1ng, Huy\u1ec7n Ch\u00e2u Th\u00e0nh, T\u1ec9nh Ti\u1ec1n Giang<\/td><td class=\"column-3\">C\u00f4ng ty TNHH D\u1ee5 \u0110\u1ee9c VN<\/td>\n<\/tr>\n<tr class=\"row-9\">\n\t<td class=\"column-1\">8<\/td><td class=\"column-2\">C\u00f4ng tr\u00ecnh: Nh\u00e0 x\u01b0\u1edfng A5<br \/>\nH\u1ea1ng m\u1ee5c: S\u1eeda ch\u1eefa t\u1ea7ng l\u1eedng <br \/>\n\u0110\u1ecba \u0111i\u1ec3m: KCN T\u00e2n H\u01b0\u01a1ng, Huy\u1ec7n Ch\u00e2u Th\u00e0nh, T\u1ec9nh Ti\u1ec1n Giang<\/td><td class=\"column-3\">C\u00f4ng ty TNHH D\u1ee5 \u0110\u1ee9c VN<\/td>\n<\/tr>\n<tr class=\"row-10\">\n\t<td class=\"column-1\">9<\/td><td class=\"column-2\">C\u00f4ng tr\u00ecnh: Nh\u00e0 x\u01b0\u1edfng A - RC<br \/>\nH\u1ea1ng m\u1ee5c:Thi c\u00f4ng c\u1ea3i thi\u1ec7n ch\u1ed1ng th\u1ea5m v\u00e0 n\u1ee9t m\u00e1i che RC c\u1eeda ch\u00ednh nh\u00e0 A <br \/>\n\u0110\u1ecba \u0111i\u1ec3m: KCN Ch\u00e0 L\u00e0, Huy\u1ec7n D\u01b0\u01a1ng Minh Ch\u00e2u, T\u1ec9nh T\u00e2y Ninh<\/td><td class=\"column-3\">C\u00f4ng ty TNHH Pou Hung VN<\/td>\n<\/tr>\n<tr class=\"row-11\">\n\t<td class=\"column-1\">10<\/td><td class=\"column-2\">C\u00f4ng tr\u00ecnh: Nh\u00e0 v\u0103n ph\u00f2ng B2<br \/>\nH\u1ea1ng m\u1ee5c:S\u1eeda ch\u1eefa ban c\u00f4ng b\u1ecb l\u00fan <br \/>\n\u0110\u1ecba \u0111i\u1ec3m: KCN T\u00e2n H\u01b0\u01a1ng, Huy\u1ec7n Ch\u00e2u Th\u00e0nh, T\u1ec9nh Ti\u1ec1n Giang<br \/>\n<\/td><td class=\"column-3\">C\u00f4ng ty TNHH D\u1ee5 \u0110\u1ee9c VN<\/td>\n<\/tr>\n<tr class=\"row-12\">\n\t<td class=\"column-1\">11<\/td><td class=\"column-2\">C\u00f4ng tr\u00ecnh: Nh\u00e0 x\u01b0\u1edfng CS1<br \/>\nH\u1ea1ng m\u1ee5c: Gia c\u1ed1 s\u00e0n 3F\/4F b\u1eb1ng s\u1ee3i Carbon<br \/>\n\u0110\u1ecba \u0111i\u1ec3m: KCN B\u00e0u X\u00e9o, Huy\u1ec7n Tr\u1ea3ng Bom, T\u1ec9nh \u0110\u1ed3ng Nai<\/td><td class=\"column-3\">C\u00f4ng ty TNHH CK TM v\u00e0 XD T\u00e2n T\u00edn \u0110\u1ee9c<\/td>\n<\/tr>\n<tr class=\"row-13\">\n\t<td class=\"column-1\">12<\/td><td class=\"column-2\">C\u00f4ng tr\u00ecnh: H\u00e0ng r\u00e0o t\u1ea1m<br \/>\nH\u1ea1ng m\u1ee5c: Thi c\u00f4ng h\u00e0ng r\u00e0o t\u1ea1m L\u00f4 \u0111\u1ea5t s\u1ed1 1 (mi\u1ebfng B-336) TECH MASTERY<br \/>\n\u0110\u1ecba \u0111i\u1ec3m: KCN T\u00e2n T\u1ea1o, Qu\u1eadn B\u00ecnh T\u00e2n, TP.HCM<\/td><td class=\"column-3\">C\u00f4ng ty TNHH Tech Mastery VN<\/td>\n<\/tr>\n<tr class=\"row-14\">\n\t<td class=\"column-1\">13<\/td><td class=\"column-2\">C\u00f4ng tr\u00ecnh: Nh\u00e0 x\u01b0\u1edfng K4B (\u0111o\u1ea1n gi\u1eefa)<br \/>\nH\u1ea1ng m\u1ee5c:L\u1ee3p l\u1edbp c\u00e1ch nhi\u1ec7t khu v\u1ef1c s\u1ea3n xu\u1ea5t \u0111o\u1ea1n gi\u1eefa x\u01b0\u1edfng.<br \/>\n\u0110\u1ecba \u0111i\u1ec3m: KCN T\u00e2n T\u1ea1o, Qu\u1eadn B\u00ecnh T\u00e2n, TP.HCM<\/td><td class=\"column-3\">C\u00f4ng ty TNHH Pouyuen VN<\/td>\n<\/tr>\n<tr class=\"row-15\">\n\t<td class=\"column-1\">14<\/td><td class=\"column-2\">C\u00f4ng tr\u00ecnh: Nh\u00e0 x\u01b0\u1edfng D<br \/>\nH\u1ea1ng m\u1ee5c:Thi c\u00f4ng gia c\u01b0\u1eddng d\u1ea7m s\u00e0n khu v\u1ef1c \u0111\u1eb7t m\u00e1y c\u1eaft x\u01b0\u1edfng D-2F <br \/>\n\u0110\u1ecba \u0111i\u1ec3m: KCN Ch\u00e0 L\u00e0, Huy\u1ec7n D\u01b0\u01a1ng Minh Ch\u00e2u, T\u1ec9nh T\u00e2y Ninh<\/td><td class=\"column-3\">C\u00f4ng ty TNHH Pou Hung VN<\/td>\n<\/tr>\n<tr class=\"row-16\">\n\t<td class=\"column-1\">15<\/td><td class=\"column-2\">C\u00f4ng tr\u00ecnh: Nh\u00e0 \u0103n A7<br \/>\nH\u1ea1ng m\u1ee5c:Thi c\u00f4ng n\u00e2ng t\u1ea7ng nh\u00e0 \u0103n A7<br \/>\n\u0110\u1ecba \u0111i\u1ec3m: KCN T\u00e2n T\u1ea1o, Qu\u1eadn B\u00ecnh T\u00e2n, TP.HCM<\/td><td class=\"column-3\">C\u00f4ng ty CP TVTKXDCK \u0110\u1ea1i H\u01b0ng Th\u1ecbnh<\/td>\n<\/tr>\n<tr class=\"row-17\">\n\t<td class=\"column-1\">16<\/td><td class=\"column-2\">C\u00f4ng tr\u00ecnh: Nh\u00e0 x\u01b0\u1edfng J1<br \/>\nH\u1ea1ng m\u1ee5c:Thi c\u00f4ng n\u00e2ng t\u1ea7ng <br \/>\n\u0110\u1ecba \u0111i\u1ec3m: KCN T\u00e2n T\u1ea1o, Qu\u1eadn B\u00ecnh T\u00e2n, TP.HCM<\/td><td class=\"column-3\">C\u00f4ng ty CP TVTKXDCK Huy Ho\u00e0ng<\/td>\n<\/tr>\n<tr class=\"row-18\">\n\t<td class=\"column-1\">17<\/td><td class=\"column-2\">C\u00f4ng tr\u00ecnh: Nh\u00e0 x\u01b0\u1edfng B6<br \/>\nH\u1ea1ng m\u1ee5c: X\u1eed l\u00fd v\u1ebft n\u1ee9t s\u00e0n 2F <br \/>\n\u0110\u1ecba \u0111i\u1ec3m: KCN T\u00e2n H\u01b0\u01a1ng, Huy\u1ec7n  Ch\u00e2u Th\u00e0nh, T\u1ec9nh Ti\u1ec1n Giang<\/td><td class=\"column-3\">C\u00f4ng ty TNHH D\u1ee5 \u0110\u1ee9c VN<\/td>\n<\/tr>\n<tr class=\"row-19\">\n\t<td class=\"column-1\">18<\/td><td class=\"column-2\">C\u00f4ng tr\u00ecnh: Nh\u00e0 x\u01b0\u1edfng G2<br \/>\nH\u1ea1ng m\u1ee5c:Thi c\u00f4ng nh\u00e0 x\u01b0\u1edfng G2<br \/>\n\u0110\u1ecba \u0111i\u1ec3m: KCN T\u00e2n T\u1ea1o, Qu\u1eadn B\u00ecnh T\u00e2n, \u0110\u1ed3ng Nai<\/td><td class=\"column-3\">C\u00f4ng ty CP TVTKXDCK Huy Ho\u00e0ng<\/td>\n<\/tr>\n<tr class=\"row-20\">\n\t<td class=\"column-1\">19<\/td><td class=\"column-2\">C\u00f4ng tr\u00ecnh: Nh\u00e0 x\u01b0\u1edfng H<br \/>\nH\u1ea1ng m\u1ee5c:Thi c\u00f4ng gia c\u01b0\u1eddng k\u1ebft c\u1ea5u nh\u00e0 x\u01b0\u1edfng H<br \/>\n\u0110\u1ecba \u0111i\u1ec3m: KCN Ch\u00e0 L\u00e0, Huy\u1ec7n D\u01b0\u01a1ng Minh Ch\u00e2u, T\u1ec9nh T\u00e2y Ninh<\/td><td class=\"column-3\">C\u00f4ng ty TNHH Pou Hung VN<\/td>\n<\/tr>\n<tr class=\"row-21\">\n\t<td class=\"column-1\">20<\/td><td class=\"column-2\">C\u00f4ng tr\u00ecnh: Nh\u00e0 x\u01b0\u1edfng B1<br \/>\nH\u1ea1ng m\u1ee5c:Thi c\u00f4ng s\u1eeda ch\u1eefa, c\u1ea3i t\u1ea1o m\u00e1i \u0111\u00f3n nh\u00e0 B1<br \/>\n\u0110\u1ecba \u0111i\u1ec3m: KCN T\u00e2n T\u1ea1o, Qu\u1eadn B\u00ecnh T\u00e2n, TP.HCM<\/td><td class=\"column-3\">C\u00f4ng ty TNHH Pouyuen VN<\/td>\n<\/tr>\n<tr class=\"row-22\">\n\t<td class=\"column-1\">21<\/td><td class=\"column-2\">C\u00f4ng tr\u00ecnh: Nh\u00e0 x\u01b0\u1edfng I<br \/>\nH\u1ea1ng m\u1ee5c:Thi c\u00f4ng kho khu\u00f4n x\u01b0\u1edfng I<br \/>\n\u0110\u1ecba \u0111i\u1ec3m: KCN Ch\u00e0 L\u00e0, Huy\u1ec7n D\u01b0\u01a1ng Minh Ch\u00e2u, T\u1ec9nh T\u00e2y Ninh<\/td><td class=\"column-3\">C\u00f4ng ty TNHH Pou Hung VN<\/td>\n<\/tr>\n<tr class=\"row-23\">\n\t<td class=\"column-1\">22<\/td><td class=\"column-2\">C\u00f4ng tr\u00ecnh: Nh\u00e0 x\u01b0\u1edfng A1<br \/>\nH\u1ea1ng m\u1ee5c:Thi c\u00f4ng x\u00e2y d\u1ef1ng Nh\u00e0 x\u01b0\u1edfng A1<br \/>\n\u0110\u1ecba \u0111i\u1ec3m: KCN Ch\u00e0 L\u00e0, Huy\u1ec7n D\u01b0\u01a1ng Minh Ch\u00e2u, T\u1ec9nh T\u00e2y Ninh<\/td><td class=\"column-3\">C\u00f4ng ty TNHH Pou Hung VN<\/td>\n<\/tr>\n<tr class=\"row-24\">\n\t<td class=\"column-1\">23<\/td><td class=\"column-2\">C\u00f4ng tr\u00ecnh: H\u1ed3 H\u00f3a c\u00f4ng<br \/>\nH\u1ea1ng m\u1ee5c: Thi c\u00f4ng h\u1ed3 h\u00f3a c\u00f4ng x\u01b0\u1edfng L<br \/>\n\u0110\u1ecba \u0111i\u1ec3m: KCN Ch\u00e0 L\u00e0, Huy\u1ec7n D\u01b0\u01a1ng Minh Ch\u00e2u, T\u1ec9nh T\u00e2y Ninh<\/td><td class=\"column-3\">C\u00f4ng ty TNHH Pou Hung VN<\/td>\n<\/tr>\n<tr class=\"row-25\">\n\t<td class=\"column-1\">24<\/td><td class=\"column-2\">C\u00f4ng tr\u00ecnh: S\u1ed1 1 \u0111\u01b0\u1eddng L\u00ea Lai, Qu\u1eadn G\u00f2 V\u1ea5p<br \/>\nH\u1ea1ng m\u1ee5c: Thi c\u00f4ng gia c\u01b0\u1eddng k\u1ebft c\u1ea5u m\u00e1i c\u00f4ng tr\u00ecnh v\u00e0 c\u1eaft b\u1ecf c\u1ed9t l\u1ea7u 1 <br \/>\n\u0110\u1ecba \u0111i\u1ec3m: s\u1ed1 1A \u0111\u01b0\u1eddng L\u00ea Lai, Qu\u1eadn G\u00f2 V\u1ea5p<\/td><td class=\"column-3\">X\u00ed nghi\u1ec7p v\u1eadn t\u1ea3i \u0111\u01b0\u1eddng s\u1eaft S\u00e0i G\u00f2n<\/td>\n<\/tr>\n<tr class=\"row-26\">\n\t<td class=\"column-1\"><\/td><td class=\"column-2\">V\u00e0 r\u1ea5t nhi\u1ec1u d\u1ef1 \u00e1n, c\u00f4ng tr\u00ecnh kh\u00e1c<\/td><td class=\"column-3\"><\/td>\n<\/tr>\n<\/tbody>\n<\/table>\n<!-- #tablepress-4 from cache -->\n","protected":false},"excerpt":{"rendered":"<p>THI C\u00d4NG C\u00d4NG TR\u00ccNH C\u00d4NG TR\u00ccNH Ki\u1ec3m \u0111\u1ecbnh c\u00f4ng tr\u00ecnhT\u01b0 v\u1ea5n thi\u1ebft k\u1ebfTh\u1ea9m tra thi\u1ebft k\u1ebf v\u00e0 d\u1ef1 to\u00e1nThi c\u00f4ng c\u00f4ng tr\u00ecnhQu\u1ea3n l\u00fd d\u1ef1 \u00e1n v\u00e0 Gi\u00e1m s\u00e1t thi c\u00f4ngKh\u1ea3o s\u00e1t \u0111\u1ecba ch\u1ea5t v\u00e0 quan tr\u1eafc c\u00f4ng tr\u00ecnhTh\u00ed nghi\u1ec7m v\u1eadt li\u1ec7u x\u00e2y d\u1ef1ng C\u00c1C C\u00d4NG TR\u00ccNH \u0110\u00c3 THAM GIA TH\u1ef0C HI\u1ec6N<\/p>\n","protected":false},"author":1,"featured_media":0,"parent":441,"menu_order":3,"comment_status":"closed","ping_status":"closed","template":"","meta":{"neve_meta_sidebar":"","neve_meta_container":"","neve_meta_enable_content_width":"on","neve_meta_content_width":100,"neve_meta_title_alignment":"","neve_meta_author_avatar":"","neve_post_elements_order":"","neve_meta_disable_header":"","neve_meta_disable_footer":"","neve_meta_disable_title":"on","footnotes":""},"class_list":["post-508","page","type-page","status-publish","hentry"],"_links":{"self":[{"href":"https:\/\/huyhoangjsc.vn\/index.php?rest_route=\/wp\/v2\/pages\/508","targetHints":{"allow":["GET"]}}],"collection":[{"href":"https:\/\/huyhoangjsc.vn\/index.php?rest_route=\/wp\/v2\/pages"}],"about":[{"href":"https:\/\/huyhoangjsc.vn\/index.php?rest_route=\/wp\/v2\/types\/page"}],"author":[{"embeddable":true,"href":"https:\/\/huyhoangjsc.vn\/index.php?rest_route=\/wp\/v2\/users\/1"}],"replies":[{"embeddable":true,"href":"https:\/\/huyhoangjsc.vn\/index.php?rest_route=%2Fwp%2Fv2%2Fcomments&post=508"}],"version-history":[{"count":7,"href":"https:\/\/huyhoangjsc.vn\/index.php?rest_route=\/wp\/v2\/pages\/508\/revisions"}],"predecessor-version":[{"id":902,"href":"https:\/\/huyhoangjsc.vn\/index.php?rest_route=\/wp\/v2\/pages\/508\/revisions\/902"}],"up":[{"embeddable":true,"href":"https:\/\/huyhoangjsc.vn\/index.php?rest_route=\/wp\/v2\/pages\/441"}],"wp:attachment":[{"href":"https:\/\/huyhoangjsc.vn\/index.php?rest_route=%2Fwp%2Fv2%2Fmedia&parent=508"}],"curies":[{"name":"wp","href":"https:\/\/api.w.org\/{rel}","templated":true}]}}