{"id":512,"date":"2021-11-23T03:06:09","date_gmt":"2021-11-23T03:06:09","guid":{"rendered":"https:\/\/huyhoangjsc.vn\/?page_id=512"},"modified":"2021-12-27T07:13:38","modified_gmt":"2021-12-27T07:13:38","slug":"khao-sat-dia-chat-va-quan-trac-cong-trinh","status":"publish","type":"page","link":"https:\/\/huyhoangjsc.vn\/?page_id=512","title":{"rendered":"Kh\u1ea3o s\u00e1t \u0111\u1ecba ch\u1ea5t v\u00e0 quan tr\u1eafc c\u00f4ng tr\u00ecnh"},"content":{"rendered":"<style>.wp-block-kadence-spacer.kt-block-spacer-_0d23b0-e7 .kt-block-spacer{height:10px;}.wp-block-kadence-spacer.kt-block-spacer-_0d23b0-e7 .kt-divider{border-top-width:2px;border-top-color:#eee;width:100%;border-top-style:solid;}<\/style>\n<div class=\"wp-block-kadence-spacer aligncenter kt-block-spacer-_0d23b0-e7\"><div class=\"kt-block-spacer kt-block-spacer-halign-center\" style=\"height:10px\"><hr class=\"kt-divider\" style=\"border-top-color:#eee;border-top-width:2px;width:100%;border-top-style:solid\"\/><\/div><\/div>\n\n\n\n<div class=\"wp-block-columns is-layout-flex wp-container-core-columns-is-layout-9d6595d7 wp-block-columns-is-layout-flex\">\n<div class=\"wp-block-column is-layout-flow wp-block-column-is-layout-flow\" style=\"flex-basis:66.66%\">\n<p class=\"has-text-align-center\" style=\"font-size:24px\"><br><strong>KH\u1ea2O S\u00c1T \u0110\u1ecaA CH\u1ea4T V\u00c0 QUAN TR\u1eaeC C\u00d4NG TR\u00ccNH<\/strong><\/p>\n\n\n\n<div class=\"wp-block-columns is-layout-flex wp-container-core-columns-is-layout-9d6595d7 wp-block-columns-is-layout-flex\">\n<div class=\"wp-block-column is-layout-flow wp-block-column-is-layout-flow\">\n<div class=\"wp-block-image is-style-default\"><figure class=\"aligncenter size-full\"><img loading=\"lazy\" decoding=\"async\" width=\"1024\" height=\"680\" src=\"https:\/\/huyhoangjsc.vn\/wp-content\/uploads\/2021\/12\/KSDH-110VVT.jpg\" alt=\"\" class=\"wp-image-804\" srcset=\"https:\/\/huyhoangjsc.vn\/wp-content\/uploads\/2021\/12\/KSDH-110VVT.jpg 1024w, https:\/\/huyhoangjsc.vn\/wp-content\/uploads\/2021\/12\/KSDH-110VVT-300x199.jpg 300w, https:\/\/huyhoangjsc.vn\/wp-content\/uploads\/2021\/12\/KSDH-110VVT-768x510.jpg 768w\" sizes=\"auto, (max-width: 1024px) 100vw, 1024px\" \/><figcaption><strong>KH\u1ea2O S\u00c1T \u0110\u1ecaA H\u00ccNH <\/strong><br><strong>C\u00d4NG TR\u00ccNH 110 V\u00d5 V\u0102N T\u1ea6N<\/strong><\/figcaption><\/figure><\/div>\n\n\n\n<div class=\"wp-block-image is-style-default\"><figure class=\"aligncenter size-full\"><img loading=\"lazy\" decoding=\"async\" width=\"680\" height=\"1024\" src=\"https:\/\/huyhoangjsc.vn\/wp-content\/uploads\/2021\/12\/KSDH-nghieng-vong.jpg\" alt=\"\" class=\"wp-image-806\" srcset=\"https:\/\/huyhoangjsc.vn\/wp-content\/uploads\/2021\/12\/KSDH-nghieng-vong.jpg 680w, https:\/\/huyhoangjsc.vn\/wp-content\/uploads\/2021\/12\/KSDH-nghieng-vong-199x300.jpg 199w\" sizes=\"auto, (max-width: 680px) 100vw, 680px\" \/><figcaption><strong>KH\u1ea2O S\u00c1T NGHI\u00caNG V\u00d5NG<\/strong><br><strong>C\u00d4NG TR\u00ccNH <\/strong><\/figcaption><\/figure><\/div>\n<\/div>\n\n\n\n<div class=\"wp-block-column is-layout-flow wp-block-column-is-layout-flow\">\n<div class=\"wp-block-image is-style-default\"><figure class=\"aligncenter size-full\"><img loading=\"lazy\" decoding=\"async\" width=\"1024\" height=\"680\" src=\"https:\/\/huyhoangjsc.vn\/wp-content\/uploads\/2021\/12\/KSDC-110VVT.jpg\" alt=\"\" class=\"wp-image-805\" srcset=\"https:\/\/huyhoangjsc.vn\/wp-content\/uploads\/2021\/12\/KSDC-110VVT.jpg 1024w, https:\/\/huyhoangjsc.vn\/wp-content\/uploads\/2021\/12\/KSDC-110VVT-300x199.jpg 300w, https:\/\/huyhoangjsc.vn\/wp-content\/uploads\/2021\/12\/KSDC-110VVT-768x510.jpg 768w\" sizes=\"auto, (max-width: 1024px) 100vw, 1024px\" \/><figcaption><strong>KH\u1ea2O S\u00c1T \u0110\u1ecaA CH\u1ea4T <\/strong><br><strong>C\u00d4NG TR\u00ccNH 110 V\u00d5 V\u0102N T\u1ea6N<\/strong><\/figcaption><\/figure><\/div>\n\n\n\n<div class=\"wp-block-image is-style-default\"><figure class=\"aligncenter size-full\"><img loading=\"lazy\" decoding=\"async\" width=\"680\" height=\"1024\" src=\"https:\/\/huyhoangjsc.vn\/wp-content\/uploads\/2021\/12\/KSDC-ADV.jpg\" alt=\"\" class=\"wp-image-807\" srcset=\"https:\/\/huyhoangjsc.vn\/wp-content\/uploads\/2021\/12\/KSDC-ADV.jpg 680w, https:\/\/huyhoangjsc.vn\/wp-content\/uploads\/2021\/12\/KSDC-ADV-199x300.jpg 199w\" sizes=\"auto, (max-width: 680px) 100vw, 680px\" \/><figcaption><strong>KH\u1ea2O S\u00c1T \u0110\u1ecaA CH\u1ea4T <\/strong><br><strong>C\u00d4NG TR\u00ccNH KDC AN D\u01af\u01a0NG V\u01af\u01a0NG<\/strong><\/figcaption><\/figure><\/div>\n<\/div>\n<\/div>\n<\/div>\n\n\n\n<div class=\"wp-block-column is-layout-flow wp-block-column-is-layout-flow\" style=\"flex-basis:33.33%\">\n<p><\/p>\n\n\n\n<p class=\"has-normal-font-size\"><strong>C\u00d4NG TR\u00ccNH<\/strong><\/p>\n\n\n\n<p style=\"font-size:14px\"> <strong><a href=\"https:\/\/huyhoangjsc.vn\/?page_id=501\">Ki\u1ec3m \u0111\u1ecbnh c\u00f4ng tr\u00ecnh<\/a><br><a href=\"https:\/\/huyhoangjsc.vn\/?page_id=504\">T\u01b0 v\u1ea5n thi\u1ebft k\u1ebf<\/a><br><a href=\"https:\/\/huyhoangjsc.vn\/?page_id=506\">Th\u1ea9m tra thi\u1ebft k\u1ebf v\u00e0 d\u1ef1 to\u00e1n<\/a><br><a href=\"https:\/\/huyhoangjsc.vn\/?page_id=508\">Thi c\u00f4ng c\u00f4ng tr\u00ecnh<\/a><br><a href=\"https:\/\/huyhoangjsc.vn\/?page_id=510\">Qu\u1ea3n l\u00fd d\u1ef1 \u00e1n v\u00e0 Gi\u00e1m s\u00e1t thi c\u00f4ng<\/a><br><a href=\"https:\/\/huyhoangjsc.vn\/?page_id=512\">Kh\u1ea3o s\u00e1t \u0111\u1ecba ch\u1ea5t v\u00e0 quan tr\u1eafc c\u00f4ng tr\u00ecnh<\/a><br><a href=\"https:\/\/huyhoangjsc.vn\/?page_id=514\">Th\u00ed nghi\u1ec7m v\u1eadt li\u1ec7u x\u00e2y d\u1ef1ng<\/a><\/strong> <\/p>\n<\/div>\n<\/div>\n\n\n\n<p class=\"has-text-align-center\"> <strong>C\u00c1C C\u00d4NG TR\u00ccNH \u0110\u00c3 THAM GIA TH\u1ef0C HI\u1ec6N<\/strong> <\/p>\n\n\n\n<table id=\"tablepress-6\" class=\"tablepress tablepress-id-6\">\n<thead>\n<tr class=\"row-1\">\n\t<th class=\"column-1\"><strong>STT<\/strong><\/th><th class=\"column-2\"><strong>T\u00caN C\u00d4NG TR\u00ccNH V\u00c0 C\u00d4NG VI\u1ec6C TH\u1ef0C HI\u1ec6N<\/strong><\/th><th class=\"column-3\"><strong>CH\u1ee6 \u0110\u1ea6U T\u01af<\/strong><\/th>\n<\/tr>\n<\/thead>\n<tbody class=\"row-striping row-hover\">\n<tr class=\"row-2\">\n\t<td class=\"column-1\">1<\/td><td class=\"column-2\">C\u00f4ng tr\u00ecnh: Nh\u00e0 x\u01b0\u1edfng A5<br \/>\n H\u1ea1ng m\u1ee5c: \u0110o \u0111\u1ed9 nghi\u00eang l\u1ec7ch c\u1ed9t, quan tr\u1eafc l\u00fan n\u1ec1n  c\u00f4ng tr\u00ecnh.<br \/>\n\u0110\u1ecba \u0111i\u1ec3m: KCN T\u00e2n H\u01b0\u01a1ng, X\u00e3 T\u00e2n H\u01b0\u01a1ng, Huy\u1ec7n Ch\u00e2u Th\u00e0nh, T\u1ec9nh Ti\u1ec1n Giang <\/td><td class=\"column-3\">C\u00f4ng ty TNHH D\u1ee5 \u0110\u1ee9c VN<\/td>\n<\/tr>\n<tr class=\"row-3\">\n\t<td class=\"column-1\">2<\/td><td class=\"column-2\">C\u00f4ng tr\u00ecnh: Nh\u00e0 x\u01b0\u1edfng E, F<br \/>\nH\u1ea1ng m\u1ee5c: Quan tr\u1eafc \u0111\u1ed9 nghi\u00eang l\u1ec7ch nh\u00e0 x\u01b0\u1edfng E,F<br \/>\n\u0110\u1ecba \u0111i\u1ec3m: KCN Ch\u00e0 L\u00e0, X\u00e3 Ch\u00e0 L\u00e0, Huy\u1ec7n D\u01b0\u01a1ng Minh Ch\u00e2u, T\u1ec9nh T\u00e2y Ninh <\/td><td class=\"column-3\">C\u00f4ng ty TNHH Pou Hung VN<\/td>\n<\/tr>\n<tr class=\"row-4\">\n\t<td class=\"column-1\">3<\/td><td class=\"column-2\">C\u00f4ng tr\u00ecnh: Nh\u00e0 x\u01b0\u1edfng A3<br \/>\n H\u1ea1ng m\u1ee5c: \u0110o \u0111\u1ed9 nghi\u00eang l\u1ec7ch c\u1ed9t, quan tr\u1eafc l\u00fan n\u1ec1n  c\u00f4ng tr\u00ecnh.<br \/>\n\u0110\u1ecba \u0111i\u1ec3m: KCN T\u00e2n H\u01b0\u01a1ng, X\u00e3 T\u00e2n H\u01b0\u01a1ng, Huy\u1ec7n Ch\u00e2u Th\u00e0nh, T\u1ec9nh Ti\u1ec1n Giang<\/td><td class=\"column-3\">C\u00f4ng ty TNHH D\u1ee5 \u0110\u1ee9c VN<\/td>\n<\/tr>\n<tr class=\"row-5\">\n\t<td class=\"column-1\">4<\/td><td class=\"column-2\">C\u00f4ng tr\u00ecnh: Nh\u00e0 x\u01b0\u1edfng B4-B5-B6-B7-B8 <br \/>\n H\u1ea1ng m\u1ee5c: \u0110o \u0111\u1ed9 nghi\u00eang l\u1ec7ch c\u1ed9t, quan tr\u1eafc l\u00fan n\u1ec1n  c\u00f4ng tr\u00ecnh.<br \/>\n\u0110\u1ecba \u0111i\u1ec3m: KCN T\u00e2n H\u01b0\u01a1ng, X\u00e3 T\u00e2n H\u01b0\u01a1ng, Huy\u1ec7n Ch\u00e2u Th\u00e0nh, T\u1ec9nh Ti\u1ec1n Giang<\/td><td class=\"column-3\">C\u00f4ng ty TNHH D\u1ee5 \u0110\u1ee9c VN<\/td>\n<\/tr>\n<tr class=\"row-6\">\n\t<td class=\"column-1\">5<\/td><td class=\"column-2\">C\u00f4ng tr\u00ecnh: Nh\u00e0 Bi\u1ec7t th\u1ef1 110 V\u00f5 V\u0103n T\u1ea7n<br \/>\nH\u1ea1ng m\u1ee5c: Kh\u1ea3o s\u00e1t \u0111o \u0111\u1ea1c, \u0111\u1ecba h\u00ecnh.<br \/>\n\u0110\u1ecba \u0111i\u1ec3m: 110 V\u00f5 V\u0103n T\u1ea7n, Ph\u01b0\u1eddng V\u00f5 Th\u1ecb S\u00e1u, Qu\u1eadn 3, TP. HCM<\/td><td class=\"column-3\">C\u00f4ng ty C\u1ed5 ph\u1ea7n Khoa h\u1ecdc C\u00f4ng ngh\u1ec7 B\u00e1ch Khoa<\/td>\n<\/tr>\n<tr class=\"row-7\">\n\t<td class=\"column-1\">6<\/td><td class=\"column-2\">C\u00f4ng tr\u00ecnh: 181 H\u00e0m Nghi, ph\u01b0\u1eddng B\u1ebfn Ngh\u00e9, Qu\u1eadn 1<br \/>\nH\u1ea1ng m\u1ee5c: Kh\u1ea3o s\u00e1t \u0111\u1ecba h\u00ecnh<br \/>\n\u0110\u1ecba \u0111i\u1ec3m: 181 H\u00e0m Nghi, ph\u01b0\u1eddng B\u1ebfn Ngh\u00e9, Qu\u1eadn 1, TP.HCM<\/td><td class=\"column-3\">C\u00f4ng ty C\u1ed5 ph\u1ea7n Khoa h\u1ecdc C\u00f4ng ngh\u1ec7 B\u00e1ch Khoa<\/td>\n<\/tr>\n<tr class=\"row-8\">\n\t<td class=\"column-1\">7<\/td><td class=\"column-2\">C\u00f4ng tr\u00ecnh: 51-53 An D\u01b0\u01a1ng V\u01b0\u01a1ng<br \/>\nH\u1ea1ng m\u1ee5c: Kh\u1ea3o s\u00e1t \u0111\u1ecba h\u00ecnh, l\u1eadp m\u1ed1c c\u01a1 s\u1edf<br \/>\n\u0110\u1ecba \u0111i\u1ec3m: 51-53 An D\u01b0\u01a1ng V\u01b0\u01a1ng, Ph\u01b0\u1eddng 8, Qu\u1eadn 5, TP.HCM<br \/>\n<\/td><td class=\"column-3\">C\u00f4ng ty C\u1ed5 ph\u1ea7n Khoa h\u1ecdc C\u00f4ng ngh\u1ec7 B\u00e1ch Khoa<\/td>\n<\/tr>\n<tr class=\"row-9\">\n\t<td class=\"column-1\">8<\/td><td class=\"column-2\">C\u00f4ng tr\u00ecnh: Nh\u00e0 c\u00f4ng \u0111o\u00e0n A1<br \/>\nH\u1ea1ng m\u1ee5c: Kh\u1ea3o s\u00e1t \u0111\u1ecba ch\u1ea5t<br \/>\n\u0110\u1ecba \u0111i\u1ec3m: KCN T\u00e2n H\u01b0\u01a1ng, X\u00e3 T\u00e2n H\u01b0\u01a1ng, Huy\u1ec7n Ch\u00e2u Th\u00e0nh, T\u1ec9nh Ti\u1ec1n Giang<\/td><td class=\"column-3\">C\u00f4ng ty TNHH D\u1ee5 \u0110\u1ee9c VN<\/td>\n<\/tr>\n<tr class=\"row-10\">\n\t<td class=\"column-1\">9<\/td><td class=\"column-2\">C\u00f4ng tr\u00ecnh: Nh\u00e0 x\u01b0\u1edfng B1<br \/>\nH\u1ea1ng m\u1ee5c: Kh\u1ea3o s\u00e1t \u0111\u1ecba ch\u1ea5t<br \/>\n\u0110\u1ecba \u0111i\u1ec3m: KCN T\u00e2n H\u01b0\u01a1ng, X\u00e3 T\u00e2n H\u01b0\u01a1ng, Huy\u1ec7n Ch\u00e2u Th\u00e0nh, T\u1ec9nh Ti\u1ec1n Giang<\/td><td class=\"column-3\">C\u00f4ng ty TNHH D\u1ee5 \u0110\u1ee9c VN<\/td>\n<\/tr>\n<tr class=\"row-11\">\n\t<td class=\"column-1\">10<\/td><td class=\"column-2\">C\u00f4ng tr\u00ecnh: 51- 53 An D\u01b0\u01a1ng V\u01b0\u01a1ng<br \/>\nH\u1ea1ng m\u1ee5c: Kh\u1ea3o s\u00e1t \u0111\u1ecba ch\u1ea5t<br \/>\n- \u0110\u1ecba \u0111i\u1ec3m: 51-53 An D\u01b0\u01a1ng V\u01b0\u01a1ng, Ph\u01b0\u1eddng 8, Qu\u1eadn 5, TP.HCM<\/td><td class=\"column-3\">C\u00f4ng ty C\u1ed5 ph\u1ea7n Khoa h\u1ecdc C\u00f4ng ngh\u1ec7 B\u00e1ch Khoa<\/td>\n<\/tr>\n<tr class=\"row-12\">\n\t<td class=\"column-1\">11<\/td><td class=\"column-2\">C\u00f4ng tr\u00ecnh: Nh\u00e0 Bi\u1ec7t th\u1ef1 110 V\u00f5 V\u0103n T\u1ea7n<br \/>\nH\u1ea1ng m\u1ee5c: Kh\u1ea3o s\u00e1t \u0111\u1ecba ch\u1ea5t.<br \/>\n\u0110\u1ecba \u0111i\u1ec3m: 110 V\u00f5 V\u0103n T\u1ea7n, Ph\u01b0\u1eddng V\u00f5 Th\u1ecb S\u00e1u, Qu\u1eadn 3, TP. HCM<\/td><td class=\"column-3\">C\u00f4ng ty C\u1ed5 ph\u1ea7n Khoa h\u1ecdc C\u00f4ng ngh\u1ec7 B\u00e1ch Khoa<\/td>\n<\/tr>\n<tr class=\"row-13\">\n\t<td class=\"column-1\"><\/td><td class=\"column-2\">V\u00e0 r\u1ea5t nhi\u1ec1u d\u1ef1 \u00e1n, c\u00f4ng tr\u00ecnh kh\u00e1c<\/td><td class=\"column-3\"><\/td>\n<\/tr>\n<\/tbody>\n<\/table>\n<!-- #tablepress-6 from cache -->\n","protected":false},"excerpt":{"rendered":"<p>KH\u1ea2O S\u00c1T \u0110\u1ecaA CH\u1ea4T V\u00c0 QUAN TR\u1eaeC C\u00d4NG TR\u00ccNH C\u00d4NG TR\u00ccNH Ki\u1ec3m \u0111\u1ecbnh c\u00f4ng tr\u00ecnhT\u01b0 v\u1ea5n thi\u1ebft k\u1ebfTh\u1ea9m tra thi\u1ebft k\u1ebf v\u00e0 d\u1ef1 to\u00e1nThi c\u00f4ng c\u00f4ng tr\u00ecnhQu\u1ea3n l\u00fd d\u1ef1 \u00e1n v\u00e0 Gi\u00e1m s\u00e1t thi c\u00f4ngKh\u1ea3o s\u00e1t \u0111\u1ecba ch\u1ea5t v\u00e0 quan tr\u1eafc c\u00f4ng tr\u00ecnhTh\u00ed nghi\u1ec7m v\u1eadt li\u1ec7u x\u00e2y d\u1ef1ng C\u00c1C C\u00d4NG TR\u00ccNH \u0110\u00c3 THAM GIA TH\u1ef0C&hellip;&nbsp;<a href=\"https:\/\/huyhoangjsc.vn\/?page_id=512\" rel=\"bookmark\">\u0110\u1ecdc ti\u1ebfp &raquo;<span class=\"screen-reader-text\">Kh\u1ea3o s\u00e1t \u0111\u1ecba ch\u1ea5t v\u00e0 quan tr\u1eafc c\u00f4ng tr\u00ecnh<\/span><\/a><\/p>\n","protected":false},"author":1,"featured_media":0,"parent":441,"menu_order":5,"comment_status":"closed","ping_status":"closed","template":"","meta":{"neve_meta_sidebar":"","neve_meta_container":"","neve_meta_enable_content_width":"on","neve_meta_content_width":100,"neve_meta_title_alignment":"","neve_meta_author_avatar":"","neve_post_elements_order":"","neve_meta_disable_header":"","neve_meta_disable_footer":"","neve_meta_disable_title":"on","footnotes":""},"class_list":["post-512","page","type-page","status-publish","hentry"],"_links":{"self":[{"href":"https:\/\/huyhoangjsc.vn\/index.php?rest_route=\/wp\/v2\/pages\/512","targetHints":{"allow":["GET"]}}],"collection":[{"href":"https:\/\/huyhoangjsc.vn\/index.php?rest_route=\/wp\/v2\/pages"}],"about":[{"href":"https:\/\/huyhoangjsc.vn\/index.php?rest_route=\/wp\/v2\/types\/page"}],"author":[{"embeddable":true,"href":"https:\/\/huyhoangjsc.vn\/index.php?rest_route=\/wp\/v2\/users\/1"}],"replies":[{"embeddable":true,"href":"https:\/\/huyhoangjsc.vn\/index.php?rest_route=%2Fwp%2Fv2%2Fcomments&post=512"}],"version-history":[{"count":9,"href":"https:\/\/huyhoangjsc.vn\/index.php?rest_route=\/wp\/v2\/pages\/512\/revisions"}],"predecessor-version":[{"id":904,"href":"https:\/\/huyhoangjsc.vn\/index.php?rest_route=\/wp\/v2\/pages\/512\/revisions\/904"}],"up":[{"embeddable":true,"href":"https:\/\/huyhoangjsc.vn\/index.php?rest_route=\/wp\/v2\/pages\/441"}],"wp:attachment":[{"href":"https:\/\/huyhoangjsc.vn\/index.php?rest_route=%2Fwp%2Fv2%2Fmedia&parent=512"}],"curies":[{"name":"wp","href":"https:\/\/api.w.org\/{rel}","templated":true}]}}