{"id":514,"date":"2021-11-23T03:07:14","date_gmt":"2021-11-23T03:07:14","guid":{"rendered":"https:\/\/huyhoangjsc.vn\/?page_id=514"},"modified":"2021-11-26T10:23:22","modified_gmt":"2021-11-26T10:23:22","slug":"thi-nghiem-vat-lieu-xay-dung","status":"publish","type":"page","link":"https:\/\/huyhoangjsc.vn\/?page_id=514","title":{"rendered":"Th\u00ed nghi\u1ec7m v\u1eadt li\u1ec7u x\u00e2y d\u1ef1ng"},"content":{"rendered":"<style>.wp-block-kadence-spacer.kt-block-spacer-_0d23b0-e7 .kt-block-spacer{height:10px;}.wp-block-kadence-spacer.kt-block-spacer-_0d23b0-e7 .kt-divider{border-top-width:2px;border-top-color:#eee;width:100%;border-top-style:solid;}<\/style>\n<div class=\"wp-block-kadence-spacer aligncenter kt-block-spacer-_0d23b0-e7\"><div class=\"kt-block-spacer kt-block-spacer-halign-center\" style=\"height:10px\"><hr class=\"kt-divider\" style=\"border-top-color:#eee;border-top-width:2px;width:100%;border-top-style:solid\"\/><\/div><\/div>\n\n\n\n<div class=\"wp-block-columns is-layout-flex wp-container-core-columns-is-layout-9d6595d7 wp-block-columns-is-layout-flex\">\n<div class=\"wp-block-column is-layout-flow wp-block-column-is-layout-flow\" style=\"flex-basis:66.66%\">\n<p class=\"has-text-align-center\" style=\"font-size:24px\"><br><strong>TH\u00cd NGHI\u1ec6M V\u1eacT LI\u1ec6U X\u00c2Y D\u1ef0NG<\/strong><\/p>\n\n\n\n<div class=\"wp-block-columns is-layout-flex wp-container-core-columns-is-layout-9d6595d7 wp-block-columns-is-layout-flex\">\n<div class=\"wp-block-column is-layout-flow wp-block-column-is-layout-flow\">\n<div class=\"wp-block-image is-style-default\"><figure class=\"aligncenter size-full\"><img loading=\"lazy\" decoding=\"async\" width=\"680\" height=\"1024\" src=\"https:\/\/huyhoangjsc.vn\/wp-content\/uploads\/2021\/11\/TN1.jpg\" alt=\"\" class=\"wp-image-645\" srcset=\"https:\/\/huyhoangjsc.vn\/wp-content\/uploads\/2021\/11\/TN1.jpg 680w, https:\/\/huyhoangjsc.vn\/wp-content\/uploads\/2021\/11\/TN1-199x300.jpg 199w\" sizes=\"auto, (max-width: 680px) 100vw, 680px\" \/><figcaption><strong>CHU\u1ea8N B\u1eca N\u00c9N M\u1eaaU <br>B\u00ca T\u00d4NG<\/strong><\/figcaption><\/figure><\/div>\n\n\n\n<div class=\"wp-block-image is-style-default\"><figure class=\"aligncenter size-full\"><img loading=\"lazy\" decoding=\"async\" width=\"680\" height=\"1024\" src=\"https:\/\/huyhoangjsc.vn\/wp-content\/uploads\/2021\/11\/TN5.jpg\" alt=\"\" class=\"wp-image-646\" srcset=\"https:\/\/huyhoangjsc.vn\/wp-content\/uploads\/2021\/11\/TN5.jpg 680w, https:\/\/huyhoangjsc.vn\/wp-content\/uploads\/2021\/11\/TN5-199x300.jpg 199w\" sizes=\"auto, (max-width: 680px) 100vw, 680px\" \/><figcaption><strong>TH\u00cd NGHI\u1ec6M K\u00c9O X\u00c0 G\u1ed2 V\u00c0 TOLE<\/strong><\/figcaption><\/figure><\/div>\n<\/div>\n\n\n\n<div class=\"wp-block-column is-layout-flow wp-block-column-is-layout-flow\">\n<div class=\"wp-block-image is-style-default\"><figure class=\"aligncenter size-full\"><img loading=\"lazy\" decoding=\"async\" width=\"680\" height=\"1024\" src=\"https:\/\/huyhoangjsc.vn\/wp-content\/uploads\/2021\/11\/TN6.jpg\" alt=\"\" class=\"wp-image-647\" srcset=\"https:\/\/huyhoangjsc.vn\/wp-content\/uploads\/2021\/11\/TN6.jpg 680w, https:\/\/huyhoangjsc.vn\/wp-content\/uploads\/2021\/11\/TN6-199x300.jpg 199w\" sizes=\"auto, (max-width: 680px) 100vw, 680px\" \/><figcaption><strong>TH\u1eec CARBONAT H\u00d3A<\/strong><br><strong>B\u00ca T\u00d4NG<\/strong><\/figcaption><\/figure><\/div>\n\n\n\n<div class=\"wp-block-image is-style-default\"><figure class=\"aligncenter size-full\"><img loading=\"lazy\" decoding=\"async\" width=\"680\" height=\"1024\" src=\"https:\/\/huyhoangjsc.vn\/wp-content\/uploads\/2021\/11\/TN4.jpg\" alt=\"\" class=\"wp-image-649\" srcset=\"https:\/\/huyhoangjsc.vn\/wp-content\/uploads\/2021\/11\/TN4.jpg 680w, https:\/\/huyhoangjsc.vn\/wp-content\/uploads\/2021\/11\/TN4-199x300.jpg 199w\" sizes=\"auto, (max-width: 680px) 100vw, 680px\" \/><figcaption><strong>M\u1eaaU X\u00c0 G\u1ed2 V\u00c0 TOLE SAU KHI B\u1eca K\u00c9O<\/strong><\/figcaption><\/figure><\/div>\n<\/div>\n\n\n\n<div class=\"wp-block-column is-layout-flow wp-block-column-is-layout-flow\">\n<div class=\"wp-block-image is-style-default\"><figure class=\"aligncenter size-full\"><img loading=\"lazy\" decoding=\"async\" width=\"680\" height=\"1024\" src=\"https:\/\/huyhoangjsc.vn\/wp-content\/uploads\/2021\/11\/TN3.jpg\" alt=\"\" class=\"wp-image-648\" srcset=\"https:\/\/huyhoangjsc.vn\/wp-content\/uploads\/2021\/11\/TN3.jpg 680w, https:\/\/huyhoangjsc.vn\/wp-content\/uploads\/2021\/11\/TN3-199x300.jpg 199w\" sizes=\"auto, (max-width: 680px) 100vw, 680px\" \/><figcaption><strong>GIA C\u00d4NG M\u1eaaU TR\u01af\u1edaC <\/strong><br><strong>KHI N\u00c9N<\/strong><\/figcaption><\/figure><\/div>\n\n\n\n<div class=\"wp-block-image is-style-default\"><figure class=\"aligncenter size-full\"><img loading=\"lazy\" decoding=\"async\" width=\"680\" height=\"1024\" src=\"https:\/\/huyhoangjsc.vn\/wp-content\/uploads\/2021\/11\/TN2-rotated-e1637921944399.jpg\" alt=\"\" class=\"wp-image-652\" srcset=\"https:\/\/huyhoangjsc.vn\/wp-content\/uploads\/2021\/11\/TN2-rotated-e1637921944399.jpg 680w, https:\/\/huyhoangjsc.vn\/wp-content\/uploads\/2021\/11\/TN2-rotated-e1637921944399-199x300.jpg 199w\" sizes=\"auto, (max-width: 680px) 100vw, 680px\" \/><figcaption><strong>\u0110O C\u01af\u1edcNG \u0110\u1ed8 B\u00ca T\u00d4NG B\u1eb0NG M\u00c1Y SI\u00caU \u00c2M<\/strong><\/figcaption><\/figure><\/div>\n<\/div>\n<\/div>\n<\/div>\n\n\n\n<div class=\"wp-block-column is-layout-flow wp-block-column-is-layout-flow\" style=\"flex-basis:33.33%\">\n<p><\/p>\n\n\n\n<p class=\"has-normal-font-size\"><strong>C\u00d4NG TR\u00ccNH<\/strong><\/p>\n\n\n\n<p style=\"font-size:14px\"> <strong><a href=\"https:\/\/huyhoangjsc.vn\/?page_id=501\">Ki\u1ec3m \u0111\u1ecbnh c\u00f4ng tr\u00ecnh<\/a><br><a href=\"https:\/\/huyhoangjsc.vn\/?page_id=504\">T\u01b0 v\u1ea5n thi\u1ebft k\u1ebf<\/a><br><a href=\"https:\/\/huyhoangjsc.vn\/?page_id=506\">Th\u1ea9m tra thi\u1ebft k\u1ebf v\u00e0 d\u1ef1 to\u00e1n<\/a><br><a href=\"https:\/\/huyhoangjsc.vn\/?page_id=508\">Thi c\u00f4ng c\u00f4ng tr\u00ecnh<\/a><br><a href=\"https:\/\/huyhoangjsc.vn\/?page_id=510\">Qu\u1ea3n l\u00fd d\u1ef1 \u00e1n v\u00e0 Gi\u00e1m s\u00e1t thi c\u00f4ng<\/a><br><a href=\"https:\/\/huyhoangjsc.vn\/?page_id=512\">Kh\u1ea3o s\u00e1t \u0111\u1ecba ch\u1ea5t v\u00e0 quan tr\u1eafc c\u00f4ng tr\u00ecnh<\/a><br><a href=\"https:\/\/huyhoangjsc.vn\/?page_id=514\">Th\u00ed nghi\u1ec7m v\u1eadt li\u1ec7u x\u00e2y d\u1ef1ng<\/a><\/strong> <\/p>\n<\/div>\n<\/div>\n","protected":false},"excerpt":{"rendered":"<p>TH\u00cd NGHI\u1ec6M V\u1eacT LI\u1ec6U X\u00c2Y D\u1ef0NG C\u00d4NG TR\u00ccNH Ki\u1ec3m \u0111\u1ecbnh c\u00f4ng tr\u00ecnhT\u01b0 v\u1ea5n thi\u1ebft k\u1ebfTh\u1ea9m tra thi\u1ebft k\u1ebf v\u00e0 d\u1ef1 to\u00e1nThi c\u00f4ng c\u00f4ng tr\u00ecnhQu\u1ea3n l\u00fd d\u1ef1 \u00e1n v\u00e0 Gi\u00e1m s\u00e1t thi c\u00f4ngKh\u1ea3o s\u00e1t \u0111\u1ecba ch\u1ea5t v\u00e0 quan tr\u1eafc c\u00f4ng tr\u00ecnhTh\u00ed nghi\u1ec7m v\u1eadt li\u1ec7u x\u00e2y d\u1ef1ng<\/p>\n","protected":false},"author":1,"featured_media":0,"parent":441,"menu_order":6,"comment_status":"closed","ping_status":"closed","template":"","meta":{"neve_meta_sidebar":"","neve_meta_container":"","neve_meta_enable_content_width":"on","neve_meta_content_width":100,"neve_meta_title_alignment":"","neve_meta_author_avatar":"","neve_post_elements_order":"","neve_meta_disable_header":"","neve_meta_disable_footer":"","neve_meta_disable_title":"on","footnotes":""},"class_list":["post-514","page","type-page","status-publish","hentry"],"_links":{"self":[{"href":"https:\/\/huyhoangjsc.vn\/index.php?rest_route=\/wp\/v2\/pages\/514","targetHints":{"allow":["GET"]}}],"collection":[{"href":"https:\/\/huyhoangjsc.vn\/index.php?rest_route=\/wp\/v2\/pages"}],"about":[{"href":"https:\/\/huyhoangjsc.vn\/index.php?rest_route=\/wp\/v2\/types\/page"}],"author":[{"embeddable":true,"href":"https:\/\/huyhoangjsc.vn\/index.php?rest_route=\/wp\/v2\/users\/1"}],"replies":[{"embeddable":true,"href":"https:\/\/huyhoangjsc.vn\/index.php?rest_route=%2Fwp%2Fv2%2Fcomments&post=514"}],"version-history":[{"count":6,"href":"https:\/\/huyhoangjsc.vn\/index.php?rest_route=\/wp\/v2\/pages\/514\/revisions"}],"predecessor-version":[{"id":655,"href":"https:\/\/huyhoangjsc.vn\/index.php?rest_route=\/wp\/v2\/pages\/514\/revisions\/655"}],"up":[{"embeddable":true,"href":"https:\/\/huyhoangjsc.vn\/index.php?rest_route=\/wp\/v2\/pages\/441"}],"wp:attachment":[{"href":"https:\/\/huyhoangjsc.vn\/index.php?rest_route=%2Fwp%2Fv2%2Fmedia&parent=514"}],"curies":[{"name":"wp","href":"https:\/\/api.w.org\/{rel}","templated":true}]}}