{"id":69,"date":"2021-11-10T08:49:26","date_gmt":"2021-11-10T08:49:26","guid":{"rendered":"https:\/\/huyhoangjsc.vn\/?page_id=69"},"modified":"2022-02-12T02:52:14","modified_gmt":"2022-02-12T02:52:14","slug":"gioi-thieu","status":"publish","type":"page","link":"https:\/\/huyhoangjsc.vn\/?page_id=69","title":{"rendered":"GI\u1edaI THI\u1ec6U"},"content":{"rendered":"<style>.wp-block-kadence-spacer.kt-block-spacer-_414d5c-eb .kt-block-spacer{height:10px;}.wp-block-kadence-spacer.kt-block-spacer-_414d5c-eb .kt-divider{border-top-width:2px;border-top-color:#eee;width:100%;border-top-style:solid;}<\/style>\n<div class=\"wp-block-kadence-spacer aligncenter kt-block-spacer-_414d5c-eb\"><div class=\"kt-block-spacer kt-block-spacer-halign-center\" style=\"height:10px\"><hr class=\"kt-divider\" style=\"border-top-color:#eee;border-top-width:2px;width:100%;border-top-style:solid\"\/><\/div><\/div>\n\n\n\n<div class=\"wp-block-columns is-layout-flex wp-container-core-columns-is-layout-9d6595d7 wp-block-columns-is-layout-flex\">\n<div class=\"wp-block-column is-layout-flow wp-block-column-is-layout-flow\" style=\"flex-basis:66.66%\">\n<p class=\"has-text-align-center has-nv-dark-bg-color has-text-color\" style=\"font-size:24px\"><br><strong>GI\u1edaI THI\u1ec6U<\/strong><\/p>\n\n\n\n<p style=\"font-size:14px\">C\u00f4ng ty c\u1ed5 ph\u1ea7n Ki\u1ec3m \u0111\u1ecbnh v\u00e0 T\u01b0 v\u1ea5n X\u00e2y d\u1ef1ng Huy Ho\u00e0ng (g\u1ecdi t\u1eaft l\u00e0 Huy Hoang JSC) \u0111\u01b0\u1ee3c th\u00e0nh l\u1eadp theo gi\u1ea5y ch\u1ee9ng nh\u1eadn kinh doanh s\u1ed1 0312132322 do S\u1edf K\u1ebf ho\u1ea1ch \u0110\u1ea7u t\u01b0 th\u00e0nh ph\u1ed1 H\u1ed3 Ch\u00ed Minh c\u1ea5p ng\u00e0y 21\/01\/2013 v\u1edbi \u0111\u1ea7y \u0111\u1ee7 c\u00e1c ch\u1ee9c n\u0103ng ho\u1ea1t \u0111\u1ed9ng trong l\u0129nh v\u1ef1c x\u00e2y d\u1ef1ng chuy\u00ean ng\u00e0nh nh\u01b0 sau: Ki\u1ec3m \u0111\u1ecbnh ch\u1ea5t l\u01b0\u1ee3ng, kh\u1ea3o s\u00e1t \u0111\u1ecba ch\u1ea5t c\u00f4ng tr\u00ecnh, thi\u1ebft k\u1ebf, th\u1ea9m tra h\u1ed3 s\u01a1 thi\u1ebft k\u1ebf k\u1ef9 thu\u1eadt, thi c\u00f4ng, t\u01b0 v\u1ea5n gi\u00e1m s\u00e1t c\u00f4ng tr\u00ecnh d\u00e2n d\u1ee5ng v\u00e0 c\u00f4ng nghi\u1ec7p, th\u00ed nghi\u1ec7m v\u1eadt li\u1ec7u x\u00e2y d\u1ef1ng,\u2026. v\u00e0 v\u1eabn lu\u00f4n l\u00e0 s\u1ef1 l\u1ef1a ch\u1ecdn h\u00e0ng \u0111\u1ea7u c\u1ee7a c\u00e1c t\u1eadp \u0111o\u00e0n, c\u00f4ng ty, c\u00e1c ch\u1ee7 \u0111\u1ea7u t\u01b0 trong v\u00e0 ngo\u00e0i n\u01b0\u1edbc trong l\u0129nh v\u1ef1c t\u01b0 v\u1ea5n ki\u1ec3m \u0111\u1ecbnh c\u00f4ng tr\u00ecnh x\u00e2y d\u1ef1ng d\u00e2n d\u1ee5ng &amp; c\u00f4ng nghi\u1ec7p \u0111\u1eb7c bi\u1ec7t l\u00e0 c\u00f4ng tr\u00ecnh c\u00f4ng nghi\u1ec7p (c\u00e1c nh\u00e0 m\u00e1y, x\u01b0\u1edfng s\u1ea3n xu\u1ea5t,\u2026.).<br>Sau g\u1ea7n 10 n\u0103m th\u00e0nh l\u1eadp v\u00e0 ph\u00e1t tri\u1ec3n HUY HOANG JSC li\u00ean t\u1ee5c \u0111\u1ed5i m\u1edbi ph\u1ea7n m\u1ec1m, m\u00e1y m\u00f3c, thi\u1ebft b\u1ecb, n\u00e2ng c\u1ea5p ph\u00f2ng th\u00ed nghi\u1ec7m, \u1ee9ng d\u1ee5ng c\u00f4ng ngh\u1ec7 m\u1edbi, ch\u00fa tr\u1ecdng \u0111\u00e0o t\u1ea1o ngu\u1ed3n nh\u00e2n l\u1ef1c, ti\u1ebfp c\u1eadn nhanh v\u1edbi m\u00f4 h\u00ecnh qu\u1ea3n l\u00fd, c\u00f4ng ngh\u1ec7 ti\u00ean ti\u1ebfn,&nbsp; n\u00e2ng cao ch\u1ea5t l\u01b0\u1ee3ng c\u00f4ng t\u00e1c ki\u1ec3m \u0111\u1ecbnh, thi\u1ebft k\u1ebf, thi c\u00f4ng nh\u1eb1m \u0111\u00e1p \u1ee9ng nhu c\u1ea7u ng\u00e0y c\u00e0ng cao v\u1ec1 ch\u1ea5t l\u01b0\u1ee3ng c\u0169ng nh\u01b0 th\u1ea9m m\u1ef9 c\u1ee7a ch\u1ee7 \u0111\u1ea7u t\u01b0.<br>Huy Hoang JSC cam k\u1ebft mang \u0111\u1ebfn cho kh\u00e1ch h\u00e0ng s\u1ea3n ph\u1ea9m <strong>Uy t\u00edn \u2013 Ch\u1ea5t l\u01b0\u1ee3ng- Hi\u1ec7u qu\u1ea3<\/strong>. S\u1ef1 h\u00e0i l\u00f2ng c\u1ee7a kh\u00e1ch h\u00e0ng l\u00e0 ni\u1ec1m vinh d\u1ef1 cho m\u1ed7i th\u00e0nh vi\u00ean C\u00f4ng ty ch\u00fang t\u00f4i.<\/p>\n<\/div>\n\n\n\n<div class=\"wp-block-column is-layout-flow wp-block-column-is-layout-flow\" style=\"flex-basis:33.33%\">\n<p><br><br><br><\/p>\n\n\n\n\n<\/div>\n<\/div>\n\n\n\n<p class=\"has-text-align-center has-nv-dark-bg-color has-nv-site-bg-background-color has-text-color has-background\" style=\"font-size:24px\"><strong>GI\u1ea4Y CH\u1ee8NG NH\u1eacN KINH DOANH<\/strong><\/p>\n\n\n\n<div data-wp-interactive=\"core\/file\" class=\"wp-block-file aligncenter\"><object data-wp-bind--hidden=\"!state.hasPdfPreview\" hidden class=\"wp-block-file__embed\" data=\"https:\/\/huyhoangjsc.vn\/wp-content\/uploads\/2022\/02\/Giay-phep-DKKD-2020.pdf\" type=\"application\/pdf\" style=\"width:100%;height:600px\" aria-label=\"Nh\u00fang file Nh\u00fang file PDF.\"><\/object><\/div>\n\n\n\n<p class=\"has-text-align-center has-nv-dark-bg-color has-nv-text-dark-bg-background-color has-text-color has-background\" style=\"font-size:24px\"><strong>CH\u1ee8NG CH\u1ec8 N\u0102NG L\u1ef0C<\/strong><\/p>\n\n\n\n<div data-wp-interactive=\"core\/file\" class=\"wp-block-file aligncenter\"><object data-wp-bind--hidden=\"!state.hasPdfPreview\" hidden class=\"wp-block-file__embed\" data=\"https:\/\/huyhoangjsc.vn\/wp-content\/uploads\/2022\/02\/Chung-chi-nang-luc.pdf\" type=\"application\/pdf\" style=\"width:100%;height:600px\" aria-label=\"Nh\u00fang file Nh\u00fang file PDF.\"><\/object><\/div>\n\n\n\n<p class=\"has-text-align-center has-nv-dark-bg-color has-nv-text-dark-bg-background-color has-text-color has-background\" style=\"font-size:24px\"><strong>S\u01a0 \u0110\u1ed2 T\u1ed4 CH\u1ee8C<\/strong><\/p>\n\n\n\n<div class=\"wp-block-image is-style-default\"><figure class=\"aligncenter size-full\"><img loading=\"lazy\" decoding=\"async\" width=\"570\" height=\"566\" src=\"https:\/\/huyhoangjsc.vn\/wp-content\/uploads\/2021\/11\/so-do-to-chuc.jpg\" alt=\"\" class=\"wp-image-230\" srcset=\"https:\/\/huyhoangjsc.vn\/wp-content\/uploads\/2021\/11\/so-do-to-chuc.jpg 570w, https:\/\/huyhoangjsc.vn\/wp-content\/uploads\/2021\/11\/so-do-to-chuc-300x298.jpg 300w, https:\/\/huyhoangjsc.vn\/wp-content\/uploads\/2021\/11\/so-do-to-chuc-150x150.jpg 150w\" sizes=\"auto, (max-width: 570px) 100vw, 570px\" \/><\/figure><\/div>\n\n\n\n<p class=\"has-text-align-center has-nv-dark-bg-color has-nv-text-dark-bg-background-color has-text-color has-background\" style=\"font-size:24px\"><strong>\u0110\u1ed0I T\u00c1C<\/strong><\/p>\n\n\n\n<div class=\"wp-block-columns is-layout-flex wp-container-core-columns-is-layout-9d6595d7 wp-block-columns-is-layout-flex\">\n<div class=\"wp-block-column is-layout-flow wp-block-column-is-layout-flow\">\n<div class=\"wp-block-image is-style-default\"><figure class=\"aligncenter size-full\"><img loading=\"lazy\" decoding=\"async\" width=\"756\" height=\"576\" src=\"https:\/\/huyhoangjsc.vn\/wp-content\/uploads\/2021\/11\/pouyuen.jpg\" alt=\"\" class=\"wp-image-201\" srcset=\"https:\/\/huyhoangjsc.vn\/wp-content\/uploads\/2021\/11\/pouyuen.jpg 756w, https:\/\/huyhoangjsc.vn\/wp-content\/uploads\/2021\/11\/pouyuen-300x229.jpg 300w\" sizes=\"auto, (max-width: 756px) 100vw, 756px\" \/><figcaption><strong>POUYUEN<\/strong><\/figcaption><\/figure><\/div>\n\n\n\n<div class=\"wp-block-image is-style-default\"><figure class=\"aligncenter size-full\"><img loading=\"lazy\" decoding=\"async\" width=\"756\" height=\"576\" src=\"https:\/\/huyhoangjsc.vn\/wp-content\/uploads\/2021\/11\/pousung.jpg\" alt=\"\" class=\"wp-image-200\" srcset=\"https:\/\/huyhoangjsc.vn\/wp-content\/uploads\/2021\/11\/pousung.jpg 756w, https:\/\/huyhoangjsc.vn\/wp-content\/uploads\/2021\/11\/pousung-300x229.jpg 300w\" sizes=\"auto, (max-width: 756px) 100vw, 756px\" \/><figcaption><strong>POU SUNG<\/strong><\/figcaption><\/figure><\/div>\n\n\n\n<div class=\"wp-block-image is-style-default\"><figure class=\"aligncenter size-full\"><img loading=\"lazy\" decoding=\"async\" width=\"756\" height=\"576\" src=\"https:\/\/huyhoangjsc.vn\/wp-content\/uploads\/2021\/11\/pinaco.jpg\" alt=\"\" class=\"wp-image-434\" srcset=\"https:\/\/huyhoangjsc.vn\/wp-content\/uploads\/2021\/11\/pinaco.jpg 756w, https:\/\/huyhoangjsc.vn\/wp-content\/uploads\/2021\/11\/pinaco-300x229.jpg 300w\" sizes=\"auto, (max-width: 756px) 100vw, 756px\" \/><figcaption><strong>PINACO<\/strong><\/figcaption><\/figure><\/div>\n<\/div>\n\n\n\n<div class=\"wp-block-column is-layout-flow wp-block-column-is-layout-flow\">\n<div class=\"wp-block-image is-style-default\"><figure class=\"aligncenter size-full\"><img loading=\"lazy\" decoding=\"async\" width=\"756\" height=\"576\" src=\"https:\/\/huyhoangjsc.vn\/wp-content\/uploads\/2021\/11\/pousung.jpg\" alt=\"\" class=\"wp-image-200\" srcset=\"https:\/\/huyhoangjsc.vn\/wp-content\/uploads\/2021\/11\/pousung.jpg 756w, https:\/\/huyhoangjsc.vn\/wp-content\/uploads\/2021\/11\/pousung-300x229.jpg 300w\" sizes=\"auto, (max-width: 756px) 100vw, 756px\" \/><figcaption><strong>POU HUNG<\/strong><\/figcaption><\/figure><\/div>\n\n\n\n<div class=\"wp-block-image is-style-default\"><figure class=\"aligncenter size-full\"><img loading=\"lazy\" decoding=\"async\" width=\"756\" height=\"576\" src=\"https:\/\/huyhoangjsc.vn\/wp-content\/uploads\/2021\/11\/bktechs.jpg\" alt=\"\" class=\"wp-image-205\" srcset=\"https:\/\/huyhoangjsc.vn\/wp-content\/uploads\/2021\/11\/bktechs.jpg 756w, https:\/\/huyhoangjsc.vn\/wp-content\/uploads\/2021\/11\/bktechs-300x229.jpg 300w\" sizes=\"auto, (max-width: 756px) 100vw, 756px\" \/><figcaption><strong>BKTECHS<\/strong><\/figcaption><\/figure><\/div>\n\n\n\n<div class=\"wp-block-image is-style-default\"><figure class=\"aligncenter size-full\"><img loading=\"lazy\" decoding=\"async\" width=\"756\" height=\"576\" src=\"https:\/\/huyhoangjsc.vn\/wp-content\/uploads\/2021\/11\/pouchen.jpg\" alt=\"\" class=\"wp-image-199\" srcset=\"https:\/\/huyhoangjsc.vn\/wp-content\/uploads\/2021\/11\/pouchen.jpg 756w, https:\/\/huyhoangjsc.vn\/wp-content\/uploads\/2021\/11\/pouchen-300x229.jpg 300w\" sizes=\"auto, (max-width: 756px) 100vw, 756px\" \/><figcaption><strong>POUCHEN<\/strong><\/figcaption><\/figure><\/div>\n<\/div>\n\n\n\n<div class=\"wp-block-column is-layout-flow wp-block-column-is-layout-flow\">\n<div class=\"wp-block-image is-style-default\"><figure class=\"aligncenter size-full\"><img loading=\"lazy\" decoding=\"async\" width=\"756\" height=\"576\" src=\"https:\/\/huyhoangjsc.vn\/wp-content\/uploads\/2021\/11\/pousung.jpg\" alt=\"\" class=\"wp-image-200\" srcset=\"https:\/\/huyhoangjsc.vn\/wp-content\/uploads\/2021\/11\/pousung.jpg 756w, https:\/\/huyhoangjsc.vn\/wp-content\/uploads\/2021\/11\/pousung-300x229.jpg 300w\" sizes=\"auto, (max-width: 756px) 100vw, 756px\" \/><figcaption><strong>YUE DE<\/strong><\/figcaption><\/figure><\/div>\n\n\n\n<div class=\"wp-block-image is-style-default\"><figure class=\"aligncenter size-full\"><img loading=\"lazy\" decoding=\"async\" width=\"756\" height=\"576\" src=\"https:\/\/huyhoangjsc.vn\/wp-content\/uploads\/2021\/11\/tracodi.jpg\" alt=\"\" class=\"wp-image-269\" srcset=\"https:\/\/huyhoangjsc.vn\/wp-content\/uploads\/2021\/11\/tracodi.jpg 756w, https:\/\/huyhoangjsc.vn\/wp-content\/uploads\/2021\/11\/tracodi-300x229.jpg 300w\" sizes=\"auto, (max-width: 756px) 100vw, 756px\" \/><figcaption><strong>TRACODI<\/strong><\/figcaption><\/figure><\/div>\n\n\n\n<div class=\"wp-block-image is-style-default\"><figure class=\"aligncenter size-full\"><img loading=\"lazy\" decoding=\"async\" width=\"756\" height=\"576\" src=\"https:\/\/huyhoangjsc.vn\/wp-content\/uploads\/2021\/11\/pousung.jpg\" alt=\"\" class=\"wp-image-200\" srcset=\"https:\/\/huyhoangjsc.vn\/wp-content\/uploads\/2021\/11\/pousung.jpg 756w, https:\/\/huyhoangjsc.vn\/wp-content\/uploads\/2021\/11\/pousung-300x229.jpg 300w\" sizes=\"auto, (max-width: 756px) 100vw, 756px\" \/><figcaption><strong>POU LI<\/strong><\/figcaption><\/figure><\/div>\n<\/div>\n\n\n\n<div class=\"wp-block-column is-layout-flow wp-block-column-is-layout-flow\">\n<div class=\"wp-block-image is-style-default\"><figure class=\"aligncenter size-full\"><img loading=\"lazy\" decoding=\"async\" width=\"756\" height=\"576\" src=\"https:\/\/huyhoangjsc.vn\/wp-content\/uploads\/2021\/11\/vissan.jpg\" alt=\"\" class=\"wp-image-273\" srcset=\"https:\/\/huyhoangjsc.vn\/wp-content\/uploads\/2021\/11\/vissan.jpg 756w, https:\/\/huyhoangjsc.vn\/wp-content\/uploads\/2021\/11\/vissan-300x229.jpg 300w\" sizes=\"auto, (max-width: 756px) 100vw, 756px\" \/><figcaption><strong>VISSAN<\/strong><\/figcaption><\/figure><\/div>\n\n\n\n<div class=\"wp-block-image is-style-default\"><figure class=\"aligncenter size-full\"><img loading=\"lazy\" decoding=\"async\" width=\"756\" height=\"576\" src=\"https:\/\/huyhoangjsc.vn\/wp-content\/uploads\/2021\/11\/bachkhoa-SG.jpg\" alt=\"\" class=\"wp-image-272\" srcset=\"https:\/\/huyhoangjsc.vn\/wp-content\/uploads\/2021\/11\/bachkhoa-SG.jpg 756w, https:\/\/huyhoangjsc.vn\/wp-content\/uploads\/2021\/11\/bachkhoa-SG-300x229.jpg 300w\" sizes=\"auto, (max-width: 756px) 100vw, 756px\" \/><figcaption><strong>BK SAIGON<\/strong><\/figcaption><\/figure><\/div>\n\n\n\n<div class=\"wp-block-image is-style-default\"><figure class=\"aligncenter size-full\"><img loading=\"lazy\" decoding=\"async\" width=\"756\" height=\"576\" src=\"https:\/\/huyhoangjsc.vn\/wp-content\/uploads\/2021\/11\/merrell.jpg\" alt=\"\" class=\"wp-image-289\" srcset=\"https:\/\/huyhoangjsc.vn\/wp-content\/uploads\/2021\/11\/merrell.jpg 756w, https:\/\/huyhoangjsc.vn\/wp-content\/uploads\/2021\/11\/merrell-300x229.jpg 300w\" sizes=\"auto, (max-width: 756px) 100vw, 756px\" \/><figcaption><strong>TECH MASTERY<\/strong><\/figcaption><\/figure><\/div>\n<\/div>\n\n\n\n<div class=\"wp-block-column is-layout-flow wp-block-column-is-layout-flow\">\n<div class=\"wp-block-image is-style-default\"><figure class=\"aligncenter size-full\"><img loading=\"lazy\" decoding=\"async\" width=\"756\" height=\"576\" src=\"https:\/\/huyhoangjsc.vn\/wp-content\/uploads\/2021\/11\/prospenrous.jpg\" alt=\"\" class=\"wp-image-270\" srcset=\"https:\/\/huyhoangjsc.vn\/wp-content\/uploads\/2021\/11\/prospenrous.jpg 756w, https:\/\/huyhoangjsc.vn\/wp-content\/uploads\/2021\/11\/prospenrous-300x229.jpg 300w\" sizes=\"auto, (max-width: 756px) 100vw, 756px\" \/><figcaption><strong>STARITE INT&#8217;L VN LTD<\/strong><\/figcaption><\/figure><\/div>\n\n\n\n<div class=\"wp-block-image is-style-default\"><figure class=\"aligncenter size-full\"><img loading=\"lazy\" decoding=\"async\" width=\"756\" height=\"576\" src=\"https:\/\/huyhoangjsc.vn\/wp-content\/uploads\/2021\/11\/bcg.jpg\" alt=\"\" class=\"wp-image-271\" srcset=\"https:\/\/huyhoangjsc.vn\/wp-content\/uploads\/2021\/11\/bcg.jpg 756w, https:\/\/huyhoangjsc.vn\/wp-content\/uploads\/2021\/11\/bcg-300x229.jpg 300w\" sizes=\"auto, (max-width: 756px) 100vw, 756px\" \/><figcaption><strong>BAMBOO<\/strong> <strong>CAPITAL<\/strong><\/figcaption><\/figure><\/div>\n\n\n\n<div class=\"wp-block-image is-style-default\"><figure class=\"aligncenter size-full\"><img loading=\"lazy\" decoding=\"async\" width=\"756\" height=\"576\" src=\"https:\/\/huyhoangjsc.vn\/wp-content\/uploads\/2021\/11\/dai-hoc-ngan-hang-hcm.jpeg\" alt=\"\" class=\"wp-image-432\" srcset=\"https:\/\/huyhoangjsc.vn\/wp-content\/uploads\/2021\/11\/dai-hoc-ngan-hang-hcm.jpeg 756w, https:\/\/huyhoangjsc.vn\/wp-content\/uploads\/2021\/11\/dai-hoc-ngan-hang-hcm-300x229.jpeg 300w\" sizes=\"auto, (max-width: 756px) 100vw, 756px\" \/><figcaption><strong>\u0110H NG\u00c2N H\u00c0NG<\/strong><\/figcaption><\/figure><\/div>\n<\/div>\n<\/div>\n","protected":false},"excerpt":{"rendered":"<p>GI\u1edaI THI\u1ec6U C\u00f4ng ty c\u1ed5 ph\u1ea7n Ki\u1ec3m \u0111\u1ecbnh v\u00e0 T\u01b0 v\u1ea5n X\u00e2y d\u1ef1ng Huy Ho\u00e0ng (g\u1ecdi t\u1eaft l\u00e0 Huy Hoang JSC) \u0111\u01b0\u1ee3c th\u00e0nh l\u1eadp theo gi\u1ea5y ch\u1ee9ng nh\u1eadn kinh doanh s\u1ed1 0312132322 do S\u1edf K\u1ebf ho\u1ea1ch \u0110\u1ea7u t\u01b0 th\u00e0nh ph\u1ed1 H\u1ed3 Ch\u00ed Minh c\u1ea5p ng\u00e0y 21\/01\/2013 v\u1edbi \u0111\u1ea7y \u0111\u1ee7 c\u00e1c ch\u1ee9c n\u0103ng ho\u1ea1t \u0111\u1ed9ng trong&hellip;&nbsp;<a href=\"https:\/\/huyhoangjsc.vn\/?page_id=69\" rel=\"bookmark\">\u0110\u1ecdc ti\u1ebfp &raquo;<span class=\"screen-reader-text\">GI\u1edaI THI\u1ec6U<\/span><\/a><\/p>\n","protected":false},"author":1,"featured_media":0,"parent":0,"menu_order":0,"comment_status":"closed","ping_status":"closed","template":"","meta":{"neve_meta_sidebar":"","neve_meta_container":"","neve_meta_enable_content_width":"on","neve_meta_content_width":100,"neve_meta_title_alignment":"","neve_meta_author_avatar":"","neve_post_elements_order":"","neve_meta_disable_header":"","neve_meta_disable_footer":"","neve_meta_disable_title":"on","footnotes":""},"class_list":["post-69","page","type-page","status-publish","hentry"],"_links":{"self":[{"href":"https:\/\/huyhoangjsc.vn\/index.php?rest_route=\/wp\/v2\/pages\/69","targetHints":{"allow":["GET"]}}],"collection":[{"href":"https:\/\/huyhoangjsc.vn\/index.php?rest_route=\/wp\/v2\/pages"}],"about":[{"href":"https:\/\/huyhoangjsc.vn\/index.php?rest_route=\/wp\/v2\/types\/page"}],"author":[{"embeddable":true,"href":"https:\/\/huyhoangjsc.vn\/index.php?rest_route=\/wp\/v2\/users\/1"}],"replies":[{"embeddable":true,"href":"https:\/\/huyhoangjsc.vn\/index.php?rest_route=%2Fwp%2Fv2%2Fcomments&post=69"}],"version-history":[{"count":53,"href":"https:\/\/huyhoangjsc.vn\/index.php?rest_route=\/wp\/v2\/pages\/69\/revisions"}],"predecessor-version":[{"id":926,"href":"https:\/\/huyhoangjsc.vn\/index.php?rest_route=\/wp\/v2\/pages\/69\/revisions\/926"}],"wp:attachment":[{"href":"https:\/\/huyhoangjsc.vn\/index.php?rest_route=%2Fwp%2Fv2%2Fmedia&parent=69"}],"curies":[{"name":"wp","href":"https:\/\/api.w.org\/{rel}","templated":true}]}}