{"id":75,"date":"2021-11-10T08:55:53","date_gmt":"2021-11-10T08:55:53","guid":{"rendered":"https:\/\/huyhoangjsc.vn\/?page_id=75"},"modified":"2025-02-06T00:50:34","modified_gmt":"2025-02-06T00:50:34","slug":"may-moc-thiet-bi","status":"publish","type":"page","link":"https:\/\/huyhoangjsc.vn\/?page_id=75","title":{"rendered":"T\u00c0I LI\u1ec6U"},"content":{"rendered":"\n<p><\/p>\n\n\n\n<p class=\"has-text-align-center has-neve-link-hover-color-color has-text-color\" style=\"font-size:24px\"><strong>T\u00c0I LI\u1ec6U<\/strong><\/p>\n\n\n\n<div class=\"wp-block-columns is-layout-flex wp-container-core-columns-is-layout-9d6595d7 wp-block-columns-is-layout-flex\">\n<div class=\"wp-block-column is-layout-flow wp-block-column-is-layout-flow\" style=\"flex-basis:66.66%\">\n<div class=\"wp-block-file\"><a id=\"wp-block-file--media-e6985743-de59-48bd-9651-6e6cd26d0157\" href=\"https:\/\/huyhoangjsc.vn\/wp-content\/uploads\/2025\/02\/TCVN2737_2023_920293.pdf\" target=\"_blank\" rel=\"noreferrer noopener\">TCVN2737:2023 T\u1ea3i tr\u1ecdng v\u00e0 t\u00e1c \u0111\u1ed9ng<\/a><a href=\"https:\/\/huyhoangjsc.vn\/wp-content\/uploads\/2025\/02\/TCVN2737_2023_920293.pdf\" class=\"wp-block-file__button wp-element-button\" download aria-describedby=\"wp-block-file--media-e6985743-de59-48bd-9651-6e6cd26d0157\">T\u1ea3i xu\u1ed1ng<\/a><\/div>\n\n\n\n<div class=\"wp-block-file\"><a href=\"https:\/\/huyhoangjsc.vn\/wp-content\/uploads\/2021\/11\/nd612021cp.pdf\"> Ngh\u1ecb \u0111\u1ecbnh s\u1ed1 61\/2021\/N\u0110-CP quy \u0111\u1ecbnh chi ti\u1ebft m\u1ed9t s\u1ed1 n\u1ed9i dung v\u1ec1 qu\u1ea3n l\u00fd ch\u1ea5t l\u01b0\u1ee3ng, thi c\u00f4ng x\u00e2y d\u1ef1ng v\u00e0 b\u1ea3o tr\u00ec c\u00f4ng tr\u00ecnh x\u00e2y d\u1ef1ng. <\/a><\/div>\n\n\n\n<div class=\"wp-block-file alignleft\"><a href=\"https:\/\/huyhoangjsc.vn\/wp-content\/uploads\/2021\/11\/TCVN93432012.pdf\">TCVN 9343-2012 k\u1ebft c\u1ea5u b\u00ea t\u00f4ng v\u00e0 b\u00ea t\u00f4ng c\u1ed1t th\u00e9p &#8211; h\u01b0\u1edbng d\u1eabn c\u00f4ng t\u00e1c b\u1ea3o tr\u00ec <\/a><\/div>\n<\/div>\n\n\n\n<div class=\"wp-block-column is-layout-flow wp-block-column-is-layout-flow\" style=\"flex-basis:33.33%\"><\/div>\n<\/div>\n","protected":false},"excerpt":{"rendered":"<p>T\u00c0I LI\u1ec6U<\/p>\n","protected":false},"author":1,"featured_media":0,"parent":79,"menu_order":0,"comment_status":"closed","ping_status":"closed","template":"","meta":{"neve_meta_sidebar":"","neve_meta_container":"","neve_meta_enable_content_width":"","neve_meta_content_width":0,"neve_meta_title_alignment":"","neve_meta_author_avatar":"","neve_post_elements_order":"","neve_meta_disable_header":"","neve_meta_disable_footer":"","neve_meta_disable_title":"on","footnotes":""},"class_list":["post-75","page","type-page","status-publish","hentry"],"_links":{"self":[{"href":"https:\/\/huyhoangjsc.vn\/index.php?rest_route=\/wp\/v2\/pages\/75","targetHints":{"allow":["GET"]}}],"collection":[{"href":"https:\/\/huyhoangjsc.vn\/index.php?rest_route=\/wp\/v2\/pages"}],"about":[{"href":"https:\/\/huyhoangjsc.vn\/index.php?rest_route=\/wp\/v2\/types\/page"}],"author":[{"embeddable":true,"href":"https:\/\/huyhoangjsc.vn\/index.php?rest_route=\/wp\/v2\/users\/1"}],"replies":[{"embeddable":true,"href":"https:\/\/huyhoangjsc.vn\/index.php?rest_route=%2Fwp%2Fv2%2Fcomments&post=75"}],"version-history":[{"count":11,"href":"https:\/\/huyhoangjsc.vn\/index.php?rest_route=\/wp\/v2\/pages\/75\/revisions"}],"predecessor-version":[{"id":930,"href":"https:\/\/huyhoangjsc.vn\/index.php?rest_route=\/wp\/v2\/pages\/75\/revisions\/930"}],"up":[{"embeddable":true,"href":"https:\/\/huyhoangjsc.vn\/index.php?rest_route=\/wp\/v2\/pages\/79"}],"wp:attachment":[{"href":"https:\/\/huyhoangjsc.vn\/index.php?rest_route=%2Fwp%2Fv2%2Fmedia&parent=75"}],"curies":[{"name":"wp","href":"https:\/\/api.w.org\/{rel}","templated":true}]}}